{"id":4906,"date":"2026-04-07T03:59:36","date_gmt":"2026-04-07T03:59:36","guid":{"rendered":"https:\/\/lyfilter.com\/"},"modified":"2026-04-07T03:59:36","modified_gmt":"2026-04-07T03:59:36","slug":"factory-price-customize-size-stainless-steel-sintered-mesh-filter-element","status":"publish","type":"product","link":"https:\/\/lyfilter.com\/es\/factory-price-customize-size-stainless-steel-sintered-mesh-filter-element\/","title":{"rendered":"Precio de f\u00e1brica personalizar tama\u00f1o de acero inoxidable sinterizado elemento de filtro de malla"},"content":{"rendered":"<table>\n<thead>\n<tr>\n<th>Puerto de inicio<\/th>\n<th>Guangzhou<\/th>\n<th>Capacidad de producci\u00f3n<\/th>\n<th>10000 unidades\/Mes<\/th>\n<th>Lugar de origen<\/th>\n<th>Guangdong, China<\/th>\n<\/tr>\n<\/thead>\n<tbody>\n<tr>\n<td>Pago<\/td>\n<td>T\/T, Western Union, Alibaba Trade Assurance, paypal<\/td>\n<td>MOQ<\/td>\n<td>1 unidad<\/td>\n<td>Certificaci\u00f3n<\/td>\n<td>ISO 9001<\/td>\n<\/tr>\n<tr>\n<td>Marca<\/td>\n<td>OEM\/Lvyuan<\/td>\n<td><\/td>\n<td><\/td>\n<td><\/td>\n<td><\/td>\n<\/tr>\n<\/tbody>\n<\/table>\n<p>Fabricado para tareas de filtraci\u00f3n, este elemento filtrante de malla sinterizada de acero inoxidable admite un tama\u00f1o personalizado, una estructura resistente y un flujo limpio. InversaFilterPurification ofrece un rendimiento y un valor fiables para el trabajo y el uso industrial diario.<\/p>","protected":false},"excerpt":{"rendered":"<div class=\"unit-detail-html-tabs__content-attr\">\n<div class=\"unit-product-attrparam\">\n<div class=\"unit-product-attrparam__items row\">\n<div class=\"col-12 col-md-6\">\n<div class=\"unit-product-attrparam__item\"><\/div>\n<\/div>\n<div class=\"col-12 col-md-6\">\n<div class=\"unit-product-attrparam__item\">\n<div class=\"unit-product-attrparam__value\" title=\"OEM\/ODM\">La malla sinterizada de acero inoxidable <a href=\"https:\/\/lyfilter.com\/es\/products.html\/\">elemento filtrante<\/a>es entrelazar las mallas de cada tela met\u00e1lica para formar un material filtrante uniforme e ideal. La precisi\u00f3n del elemento filtrante de malla sinterizada es uniforme y estable, con gran resistencia y rigidez, y requiere una resistencia a la compresi\u00f3n y una precisi\u00f3n de filtraci\u00f3n extremadamente altas. Es la elecci\u00f3n ideal para las ocasiones que requieren uniformidad.<\/div>\n<\/div>\n<\/div>\n<\/div>\n<\/div>\n<\/div>\n<div class=\"unit-detail-html-tabs__content-html\">\n<p>\u00a0\u00c1mbito de aplicaci\u00f3n del elemento filtrante de malla sinterizada: filtraci\u00f3n de precisi\u00f3n de aceite hidr\u00e1ulico y aceite lubricante, filtraci\u00f3n de la industria petrolera, filtraci\u00f3n de aguas residuales, cemento, miner\u00eda, metalurgia, autom\u00f3vil, filtraci\u00f3n de agua de circulaci\u00f3n industrial, filtro de precisi\u00f3n, filtro de lavado a contracorriente y otras industrias de equipos . Filtraci\u00f3n de materiales en la industria farmac\u00e9utica.<\/p>\n<\/div>","protected":false},"featured_media":4907,"comment_status":"open","ping_status":"closed","template":"","meta":{"_gspb_post_css":""},"product_brand":[],"product_cat":[18],"product_tag":[879,1390,1534,1884,1883,1136],"class_list":{"0":"post-4906","1":"product","2":"type-product","3":"status-publish","4":"has-post-thumbnail","6":"product_cat-sintered-metal-filters","7":"product_tag-custom-size-filter-element","8":"product_tag-industrial-mesh-filter","9":"product_tag-inversafilterpurification","10":"product_tag-sintered-mesh-filter-element","11":"product_tag-stainless-steel-sintered-mesh-filter","12":"product_tag-water-filter-locks","14":"first","15":"instock","16":"shipping-taxable","17":"product-type-simple"},"_links":{"self":[{"href":"https:\/\/lyfilter.com\/es\/wp-json\/wp\/v2\/product\/4906","targetHints":{"allow":["GET"]}}],"collection":[{"href":"https:\/\/lyfilter.com\/es\/wp-json\/wp\/v2\/product"}],"about":[{"href":"https:\/\/lyfilter.com\/es\/wp-json\/wp\/v2\/types\/product"}],"replies":[{"embeddable":true,"href":"https:\/\/lyfilter.com\/es\/wp-json\/wp\/v2\/comments?post=4906"}],"wp:featuredmedia":[{"embeddable":true,"href":"https:\/\/lyfilter.com\/es\/wp-json\/wp\/v2\/media\/4907"}],"wp:attachment":[{"href":"https:\/\/lyfilter.com\/es\/wp-json\/wp\/v2\/media?parent=4906"}],"wp:term":[{"taxonomy":"product_brand","embeddable":true,"href":"https:\/\/lyfilter.com\/es\/wp-json\/wp\/v2\/product_brand?post=4906"},{"taxonomy":"product_cat","embeddable":true,"href":"https:\/\/lyfilter.com\/es\/wp-json\/wp\/v2\/product_cat?post=4906"},{"taxonomy":"product_tag","embeddable":true,"href":"https:\/\/lyfilter.com\/es\/wp-json\/wp\/v2\/product_tag?post=4906"}],"curies":[{"name":"wp","href":"https:\/\/api.w.org\/{rel}","templated":true}]}}