{"id":4904,"date":"2026-04-07T03:53:35","date_gmt":"2026-04-07T03:53:35","guid":{"rendered":"https:\/\/lyfilter.com\/"},"modified":"2026-04-07T03:53:36","modified_gmt":"2026-04-07T03:53:36","slug":"lvyuan-affordable-filter-cartridge-manufacturers-for-sea-water","status":"publish","type":"product","link":"https:\/\/lyfilter.com\/es\/lvyuan-affordable-filter-cartridge-manufacturers-for-sea-water\/","title":{"rendered":"Lvyuan cartucho de filtro asequible Fabricantes Para el agua de mar"},"content":{"rendered":"<table>\n<thead>\n<tr>\n<th>Lugar de origen<\/th>\n<th>China<\/th>\n<th>Marca<\/th>\n<th>Lvyuan\/OEM<\/th>\n<th>N\u00famero de modelo<\/th>\n<th>LY-PLF-01<\/th>\n<\/tr>\n<\/thead>\n<tbody>\n<tr>\n<td>Potencia (W)<\/td>\n<td>0<\/td>\n<td>Tensi\u00f3n (V)<\/td>\n<td>0<\/td>\n<td>Servicio posventa<\/td>\n<td>ninguno<\/td>\n<\/tr>\n<tr>\n<td>Garant\u00eda<\/td>\n<td>ninguno<\/td>\n<td>Tipo<\/td>\n<td>\u00d3smosis inversa<\/td>\n<td>Certificaci\u00f3n<\/td>\n<td>GS<\/td>\n<\/tr>\n<tr>\n<td>Utilice<\/td>\n<td>Prefiltraci\u00f3n dom\u00e9stica<\/td>\n<td>Aplicaci\u00f3n<\/td>\n<td>Coche, RV, Exterior, Hotel, Garaje, Comercial, Hogar<\/td>\n<td>Fuente de energ\u00eda<\/td>\n<td>Manual<\/td>\n<\/tr>\n<tr>\n<td>Nombre<\/td>\n<td>elemento filtrante de aceite de recambio<\/td>\n<td>Material de la membrana filtrante<\/td>\n<td>PP\/PVDF\/PTFE\/PES\/Nil\u00f3n<\/td>\n<td>Longitud<\/td>\n<td>5 \/ 10 \/ 20 \/ 30 \/ 40 \/ 50 \/ 60 pulgadas<\/td>\n<\/tr>\n<tr>\n<td>Conector<\/td>\n<td>Fin\/222\/226\/215\/DOE\/Thread<\/td>\n<td>Micron<\/td>\n<td>0.22\/0.5\/1\/3\/5\/10\/25\/50\/75\/100\/150<\/td>\n<td>M\u00e9todo de sellado<\/td>\n<td>Soldadura por fusi\u00f3n en caliente<\/td>\n<\/tr>\n<tr>\n<td>Di\u00e1metro<\/td>\n<td>70 mm\/OEM<\/td>\n<td>N\u00facleo interior<\/td>\n<td>PP\/SS\/OEM<\/td>\n<td>MOQ<\/td>\n<td>Actualmente no hay<\/td>\n<\/tr>\n<tr>\n<td>Capacidad de suministro<\/td>\n<td>5000 Piezas por semana<\/td>\n<td><\/td>\n<td><\/td>\n<td><\/td>\n<td><\/td>\n<\/tr>\n<\/tbody>\n<\/table>","protected":false},"excerpt":{"rendered":"<p>Fabricado para la filtraci\u00f3n de agua de mar, este asequible cartucho filtrante permite un flujo limpio, la captura de part\u00edculas s\u00f3lidas y un uso constante. InversaFilterPurification ayuda a los sistemas de tratamiento marinos a ser eficientes, pr\u00e1cticos y f\u00e1ciles de mantener.<\/p>","protected":false},"featured_media":4905,"comment_status":"open","ping_status":"closed","template":"","meta":{"_gspb_post_css":""},"product_brand":[],"product_cat":[1202],"product_tag":[1882,1534,1099,1881,1293,1136],"class_list":{"0":"post-4904","1":"product","2":"type-product","3":"status-publish","4":"has-post-thumbnail","6":"product_cat-filter-cartridge","7":"product_tag-affordable-filter-cartridge","8":"product_tag-inversafilterpurification","9":"product_tag-liquid-filtration-cartridge","10":"product_tag-marine-water-filter","11":"product_tag-sea-water-filter-cartridge","12":"product_tag-water-filter-locks","14":"first","15":"instock","16":"shipping-taxable","17":"product-type-simple"},"_links":{"self":[{"href":"https:\/\/lyfilter.com\/es\/wp-json\/wp\/v2\/product\/4904","targetHints":{"allow":["GET"]}}],"collection":[{"href":"https:\/\/lyfilter.com\/es\/wp-json\/wp\/v2\/product"}],"about":[{"href":"https:\/\/lyfilter.com\/es\/wp-json\/wp\/v2\/types\/product"}],"replies":[{"embeddable":true,"href":"https:\/\/lyfilter.com\/es\/wp-json\/wp\/v2\/comments?post=4904"}],"wp:featuredmedia":[{"embeddable":true,"href":"https:\/\/lyfilter.com\/es\/wp-json\/wp\/v2\/media\/4905"}],"wp:attachment":[{"href":"https:\/\/lyfilter.com\/es\/wp-json\/wp\/v2\/media?parent=4904"}],"wp:term":[{"taxonomy":"product_brand","embeddable":true,"href":"https:\/\/lyfilter.com\/es\/wp-json\/wp\/v2\/product_brand?post=4904"},{"taxonomy":"product_cat","embeddable":true,"href":"https:\/\/lyfilter.com\/es\/wp-json\/wp\/v2\/product_cat?post=4904"},{"taxonomy":"product_tag","embeddable":true,"href":"https:\/\/lyfilter.com\/es\/wp-json\/wp\/v2\/product_tag?post=4904"}],"curies":[{"name":"wp","href":"https:\/\/api.w.org\/{rel}","templated":true}]}}