{"id":4887,"date":"2026-04-07T03:43:50","date_gmt":"2026-04-07T03:43:50","guid":{"rendered":"https:\/\/lyfilter.com\/"},"modified":"2026-04-07T03:43:50","modified_gmt":"2026-04-07T03:43:50","slug":"pp-polypropylene-pleated-water-filter-cartridges-precision-filter-cartridge-for-stainless-steel-housing","status":"publish","type":"product","link":"https:\/\/lyfilter.com\/es\/pp-polypropylene-pleated-water-filter-cartridges-precision-filter-cartridge-for-stainless-steel-housing\/","title":{"rendered":"PP polipropileno plisado cartuchos de filtro de agua cartucho de filtro de precisi\u00f3n para carcasa de acero inoxidable"},"content":{"rendered":"<table>\n<thead>\n<tr>\n<th>Servicio post garant\u00eda<\/th>\n<th>Asistencia en l\u00ednea<\/th>\n<th>Ubicaci\u00f3n del servicio local<\/th>\n<th>ninguno<\/th>\n<th>Ubicaci\u00f3n de la sala de exposiciones<\/th>\n<th>ninguno<\/th>\n<\/tr>\n<\/thead>\n<tbody>\n<tr>\n<td>Lugar de origen<\/td>\n<td>Guangdong, China<\/td>\n<td>Marca<\/td>\n<td>Lvyuan \/ OEM<\/td>\n<td>Material<\/td>\n<td>Elemento filtrante plegado<\/td>\n<\/tr>\n<tr>\n<td>Peso<\/td>\n<td>depende<\/td>\n<td>Talla<\/td>\n<td>est\u00e1ndar, personalizaci\u00f3n<\/td>\n<td>Potencia<\/td>\n<td>0<\/td>\n<\/tr>\n<tr>\n<td>Garant\u00eda<\/td>\n<td>No disponible<\/td>\n<td>Nombre del producto<\/td>\n<td>cartucho filtrante de precisi\u00f3n<\/td>\n<td>Tasa de micras<\/td>\n<td>0,1, 0,5, 1, 5, 10 ~60um<\/td>\n<\/tr>\n<tr>\n<td>Cartucho plisado Material<\/td>\n<td>PP\/PTFE\/PES \/Nil\u00f3n 6 \/PVDF<\/td>\n<td>Longitud<\/td>\n<td>5\u2033, 10\u2033, 20\u2033, 30\u2033, 40\u2033 , OEM<\/td>\n<td>Medio filtrante<\/td>\n<td>Membrana de polipropileno<\/td>\n<\/tr>\n<tr>\n<td>Tapa<\/td>\n<td>DOE,222+Fin,222+Flat,226+Fin,226+Flat<\/td>\n<td>Material de la junta\/anillo<\/td>\n<td>Silicio\/EPDM\/NBR\/Vit\u00f3n\/Telf\u00f3n<\/td>\n<td>Utilizaci\u00f3n<\/td>\n<td>elementos filtrantes para l\u00edquidos, piezas para filtros de agua<\/td>\n<\/tr>\n<tr>\n<td>N\u00facleo interno<\/td>\n<td>PP \/ acero inoxidable<\/td>\n<td>Certificaci\u00f3n<\/td>\n<td>SGS\/ISO9001<\/td>\n<td><\/td>\n<td><\/td>\n<\/tr>\n<\/tbody>\n<\/table>","protected":false},"excerpt":{"rendered":"<h3 class=\"do-entry-title\">Embalaje y entrega<\/h3>\n<div class=\"do-entry-list\">\n<dl class=\"do-entry-item\">\n<dt class=\"do-entry-item-key\">Unidades de venta:<\/dt>\n<dd class=\"do-entry-item-val\">Art\u00edculo \u00fanico<\/dd>\n<\/dl>\n<dl class=\"do-entry-item\">\n<dt class=\"do-entry-item-key\" title=\"Tama\u00f1o de envase individual:\">Tama\u00f1o de envase individual:<\/dt>\n<dd class=\"do-entry-item-val\">15X15X103 cm<\/dd>\n<\/dl>\n<dl class=\"do-entry-item\">\n<dt class=\"do-entry-item-key\" title=\"Peso bruto \u00fanico:\">Peso bruto \u00fanico:<\/dt>\n<dd class=\"do-entry-item-val\">2.000 kg<\/dd>\n<\/dl>\n<dl class=\"do-entry-item\">\n<dt class=\"do-entry-item-key\">Tipo de envase:<\/dt>\n<dd class=\"do-entry-item-val pkg-method\">PP Polipropileno plisado\u00a0<a href=\"https:\/\/lyfilter.com\/es\/products.html\/\">cartuchos de filtro de agua<\/a>\u00a0Cartucho filtrante de precisi\u00f3n para carcasa de acero inoxidable El mejor precio unitario y el coste de env\u00edo est\u00e1n sujetos a cambios de cantidad, no dude en enviar una consulta para obtener la mejor cotizaci\u00f3n. Paquete 10 pulgadas: 50PCS\/CTN 400*400*685mm 20 pulgadas: 25PCS\/CTN 400*400*685mm 30 pulgadas: 25PCS\/CTN 835*435*425mm 40 pulgadas: 25PCS\/CTN 1100*395*400mm<\/dd>\n<\/dl>\n<dl class=\"do-entry-item\">\n<dt class=\"do-entry-item-key\" title=\"Plazos de entrega\">Plazos de entrega\u00a0<i class=\"next-icon next-icon-help next-icon-xs js-leadtimes-tips\"><\/i>:<\/dt>\n<dd class=\"do-entry-item-val\" title=\"Plazos de entrega\">\n<div class=\"table-responsive\">\n<table class=\"supply-ability-table ui2-table ui2-table-normal ui2-table-zebra ui2-table-hover\">\n<tbody>\n<tr>\n<td>Cantidad(Piezas)<\/td>\n<td>1 - 100<\/td>\n<td>&gt;100<\/td>\n<\/tr>\n<tr>\n<td>Est. Tiempo (d\u00edas)<\/td>\n<td>15<\/td>\n<td>A negociar<\/td>\n<\/tr>\n<\/tbody>\n<\/table>\n<\/div>\n<\/dd>\n<\/dl>\n<\/div>","protected":false},"featured_media":4890,"comment_status":"open","ping_status":"closed","template":"","meta":{"_gspb_post_css":""},"product_brand":[],"product_cat":[21,23],"product_tag":[1534,814,1453,1877,292,866],"class_list":{"0":"post-4887","1":"product","2":"type-product","3":"status-publish","4":"has-post-thumbnail","6":"product_cat-pleated-filter-cartridge","7":"product_cat-pp-filter-cartridge","8":"product_tag-inversafilterpurification","9":"product_tag-pleated-water-filter-cartridge","10":"product_tag-polypropylene-pleated-filter-cartridge","11":"product_tag-precision-filter-cartridge","12":"product_tag-stainless-steel-housing-filter","13":"product_tag-water-filtration-cartridge","15":"first","16":"instock","17":"shipping-taxable","18":"product-type-simple"},"_links":{"self":[{"href":"https:\/\/lyfilter.com\/es\/wp-json\/wp\/v2\/product\/4887","targetHints":{"allow":["GET"]}}],"collection":[{"href":"https:\/\/lyfilter.com\/es\/wp-json\/wp\/v2\/product"}],"about":[{"href":"https:\/\/lyfilter.com\/es\/wp-json\/wp\/v2\/types\/product"}],"replies":[{"embeddable":true,"href":"https:\/\/lyfilter.com\/es\/wp-json\/wp\/v2\/comments?post=4887"}],"wp:featuredmedia":[{"embeddable":true,"href":"https:\/\/lyfilter.com\/es\/wp-json\/wp\/v2\/media\/4890"}],"wp:attachment":[{"href":"https:\/\/lyfilter.com\/es\/wp-json\/wp\/v2\/media?parent=4887"}],"wp:term":[{"taxonomy":"product_brand","embeddable":true,"href":"https:\/\/lyfilter.com\/es\/wp-json\/wp\/v2\/product_brand?post=4887"},{"taxonomy":"product_cat","embeddable":true,"href":"https:\/\/lyfilter.com\/es\/wp-json\/wp\/v2\/product_cat?post=4887"},{"taxonomy":"product_tag","embeddable":true,"href":"https:\/\/lyfilter.com\/es\/wp-json\/wp\/v2\/product_tag?post=4887"}],"curies":[{"name":"wp","href":"https:\/\/api.w.org\/{rel}","templated":true}]}}