{"id":4876,"date":"2026-04-07T03:33:15","date_gmt":"2026-04-07T03:33:15","guid":{"rendered":"https:\/\/lyfilter.com\/"},"modified":"2026-04-07T03:33:15","modified_gmt":"2026-04-07T03:33:15","slug":"oem-odm-sintered-ss-filters-for-food","status":"publish","type":"product","link":"https:\/\/lyfilter.com\/es\/oem-odm-sintered-ss-filters-for-food\/","title":{"rendered":"OEM y ODM sinterizado SS Filtros para alimentos"},"content":{"rendered":"<table>\n<thead>\n<tr>\n<th>Servicio post garant\u00eda<\/th>\n<th>Asistencia en l\u00ednea<\/th>\n<th>Ubicaci\u00f3n del servicio local<\/th>\n<th>ninguno<\/th>\n<th>Ubicaci\u00f3n de la sala de exposiciones<\/th>\n<th>ninguno<\/th>\n<\/tr>\n<\/thead>\n<tbody>\n<tr>\n<td>V\u00eddeo de la inspecci\u00f3n de salida<\/td>\n<td>Proporcionado<\/td>\n<td>Informe de ensayo de maquinaria<\/td>\n<td>Proporcionado<\/td>\n<td>Tipo de comercializaci\u00f3n<\/td>\n<td>Producto ordinario<\/td>\n<\/tr>\n<tr>\n<td>Garant\u00eda de los componentes principales<\/td>\n<td>1 a\u00f1o<\/td>\n<td>Componentes b\u00e1sicos<\/td>\n<td>Recipiente a presi\u00f3n<\/td>\n<td>Lugar de origen<\/td>\n<td>Guangdong, China<\/td>\n<\/tr>\n<tr>\n<td>Marca<\/td>\n<td>Lvyuan\/OEM<\/td>\n<td>Garant\u00eda<\/td>\n<td>1 a\u00f1o<\/td>\n<td>Servicio posventa<\/td>\n<td>Asistencia en l\u00ednea<\/td>\n<\/tr>\n<tr>\n<td>Palabras clave<\/td>\n<td>3\u2033,4\u2033 6\u2033 1,5,10,20 micras filtro de malla sinterizada<\/td>\n<td>Di\u00e1metro<\/td>\n<td>Demanda del cliente<\/td>\n<td>Material<\/td>\n<td>acero inoxidable<\/td>\n<\/tr>\n<tr>\n<td>Forma<\/td>\n<td>cilindro<\/td>\n<td>Utilizaci\u00f3n<\/td>\n<td>tratamiento del agua<\/td>\n<td>Aplicaci\u00f3n<\/td>\n<td>industria<\/td>\n<\/tr>\n<tr>\n<td>Color<\/td>\n<td>astilla<\/td>\n<td>Embalaje<\/td>\n<td>caja de papel<\/td>\n<td>longitud<\/td>\n<td>10\/20\/30\/40 pulgadas<\/td>\n<\/tr>\n<tr>\n<td>Ventaja<\/td>\n<td>reutilizar<\/td>\n<td>Capacidad de suministro<\/td>\n<td>10000 Piezas\/Pieza por Mes<\/td>\n<td><\/td>\n<td><\/td>\n<\/tr>\n<\/tbody>\n<\/table>","protected":false},"excerpt":{"rendered":"<p><b>Productos<\/b><\/p>\n<p>Este filtro de acero sinterizado, rentable y de calidad fiable, ofrece una soluci\u00f3n de revestimiento de alta calidad. Tiene ventajas de estructura compacta, f\u00e1cil manejo y alta productividad. Est\u00e1 disponible en funcionamiento continuo y a largo plazo.\u00a0<a href=\"https:\/\/lyfilter.com\/es\/\">Filtro Lvyuan<\/a>\u00a0Los filtros de acero inoxidable sinterizado se fabrican con la tecnolog\u00eda m\u00e1s avanzada. El producto es de calidad superior, excelente rendimiento y larga vida \u00fatil. Los filtros de acero inoxidable sinterizado se aplican ampliamente al corte y procesamiento profundo de materiales industriales en los siguientes campos: decoraci\u00f3n, aeroespacial, electricidad, nuevas energ\u00edas, industria qu\u00edmica, fabricaci\u00f3n de autom\u00f3viles y otros. Se admite que los filtros ss sinterizados de buena calidad pueden ganar el reconocimiento com\u00fan de los clientes.<\/p>\n<p>&nbsp;<\/p>\n<p><b>Presentaci\u00f3n del producto<\/b><\/p>\n<p>Lvyuan Water Purification Equipment le presentar\u00e1 los detalles de los filtros ss sinterizados en la siguiente secci\u00f3n.<\/p>","protected":false},"featured_media":4880,"comment_status":"open","ping_status":"closed","template":"","meta":{"_gspb_post_css":""},"product_brand":[],"product_cat":[18],"product_tag":[1872,1137,1534,1871,1870,1410],"class_list":{"0":"post-4876","1":"product","2":"type-product","3":"status-publish","4":"has-post-thumbnail","6":"product_cat-sintered-metal-filters","7":"product_tag-food-filtration-filter","8":"product_tag-food-grade-filter","9":"product_tag-inversafilterpurification","10":"product_tag-odm-stainless-steel-filter","11":"product_tag-oem-sintered-filter","12":"product_tag-sintered-ss-filters","14":"first","15":"instock","16":"shipping-taxable","17":"product-type-simple"},"_links":{"self":[{"href":"https:\/\/lyfilter.com\/es\/wp-json\/wp\/v2\/product\/4876","targetHints":{"allow":["GET"]}}],"collection":[{"href":"https:\/\/lyfilter.com\/es\/wp-json\/wp\/v2\/product"}],"about":[{"href":"https:\/\/lyfilter.com\/es\/wp-json\/wp\/v2\/types\/product"}],"replies":[{"embeddable":true,"href":"https:\/\/lyfilter.com\/es\/wp-json\/wp\/v2\/comments?post=4876"}],"wp:featuredmedia":[{"embeddable":true,"href":"https:\/\/lyfilter.com\/es\/wp-json\/wp\/v2\/media\/4880"}],"wp:attachment":[{"href":"https:\/\/lyfilter.com\/es\/wp-json\/wp\/v2\/media?parent=4876"}],"wp:term":[{"taxonomy":"product_brand","embeddable":true,"href":"https:\/\/lyfilter.com\/es\/wp-json\/wp\/v2\/product_brand?post=4876"},{"taxonomy":"product_cat","embeddable":true,"href":"https:\/\/lyfilter.com\/es\/wp-json\/wp\/v2\/product_cat?post=4876"},{"taxonomy":"product_tag","embeddable":true,"href":"https:\/\/lyfilter.com\/es\/wp-json\/wp\/v2\/product_tag?post=4876"}],"curies":[{"name":"wp","href":"https:\/\/api.w.org\/{rel}","templated":true}]}}