{"id":4862,"date":"2026-04-07T03:27:19","date_gmt":"2026-04-07T03:27:19","guid":{"rendered":"https:\/\/lyfilter.com\/"},"modified":"2026-04-07T03:27:19","modified_gmt":"2026-04-07T03:27:19","slug":"sintering-filter-factory-5-10-25-microns-carbon-filter-block-for-water-liquid-chlorine-adsorption","status":"publish","type":"product","link":"https:\/\/lyfilter.com\/es\/sintering-filter-factory-5-10-25-microns-carbon-filter-block-for-water-liquid-chlorine-adsorption\/","title":{"rendered":"Sinterizaci\u00f3n Filtro F\u00e1brica 5\/10\/25 Micras Carb\u00f3n Filtro Bloque Para Agua L\u00edquida Adsorci\u00f3n De Cloro"},"content":{"rendered":"<table>\n<thead>\n<tr>\n<th>Lugar de origen<\/th>\n<th>Guangdong, China<\/th>\n<th>Marca<\/th>\n<th>OEM\/LVYUAN<\/th>\n<th>Material<\/th>\n<th>CARB\u00d3N, Carb\u00f3n de coco activado sinterizado<\/th>\n<\/tr>\n<\/thead>\n<tbody>\n<tr>\n<td>Peso<\/td>\n<td>Personalizado<\/td>\n<td>Talla<\/td>\n<td>Personalizado<\/td>\n<td>Potencia<\/td>\n<td>0<\/td>\n<\/tr>\n<tr>\n<td>Garant\u00eda<\/td>\n<td>No disponible<\/td>\n<td>Nombre del producto<\/td>\n<td>Bloque filtrante de carb\u00f3n para la adsorci\u00f3n de cloro l\u00edquido en el agua<\/td>\n<td>Servicio posventa<\/td>\n<td>Asistencia en l\u00ednea, Asistencia en l\u00ednea<\/td>\n<\/tr>\n<tr>\n<td>Certificaci\u00f3n<\/td>\n<td>SGS\/ISO<\/td>\n<td>Longitud<\/td>\n<td>10-1050 mm<\/td>\n<td>OD<\/td>\n<td>14-121 mm<\/td>\n<\/tr>\n<tr>\n<td>ID<\/td>\n<td>6-50 mm<\/td>\n<td>Tasa de micra<\/td>\n<td>0,5-20um<\/td>\n<td>Valor de yodo<\/td>\n<td>hasta 1000<\/td>\n<\/tr>\n<tr>\n<td>Caudal<\/td>\n<td>\u2264300L\/h<\/td>\n<td><\/td>\n<td><\/td>\n<td><\/td>\n<td><\/td>\n<\/tr>\n<\/tbody>\n<\/table>","protected":false},"excerpt":{"rendered":"<h3 class=\"do-entry-title\">Embalaje y entrega<\/h3>\n<div class=\"do-entry-list\">\n<dl class=\"do-entry-item\">\n<dt class=\"do-entry-item-key\">Unidades de venta:<\/dt>\n<dd class=\"do-entry-item-val\">Art\u00edculo \u00fanico<\/dd>\n<\/dl>\n<dl class=\"do-entry-item\">\n<dt class=\"do-entry-item-key\" title=\"Tama\u00f1o de envase individual:\">Tama\u00f1o de envase individual:<\/dt>\n<dd class=\"do-entry-item-val\">6,5X2,8X25 cm<\/dd>\n<\/dl>\n<dl class=\"do-entry-item\">\n<dt class=\"do-entry-item-key\" title=\"Peso bruto \u00fanico:\">Peso bruto \u00fanico:<\/dt>\n<dd class=\"do-entry-item-val\">0,200 kg<\/dd>\n<\/dl>\n<dl class=\"do-entry-item\">\n<dt class=\"do-entry-item-key\">Tipo de envase:<\/dt>\n<dd class=\"do-entry-item-val pkg-method\">Sinterizaci\u00f3n filtro f\u00e1brica 5\/10\/25 micras bloque de filtro de carb\u00f3n para la adsorci\u00f3n de cloro l\u00edquido del agua : 53x33x33cm, 64x33x33cm<\/dd>\n<\/dl>\n<dl class=\"do-entry-item\">\n<dt class=\"do-entry-item-key\" title=\"Plazos de entrega\">Plazos de entrega\u00a0<i class=\"next-icon next-icon-help next-icon-xs js-leadtimes-tips\"><\/i>:<\/dt>\n<dd class=\"do-entry-item-val\" title=\"Plazos de entrega\">\n<div class=\"table-responsive\">\n<table class=\"supply-ability-table ui2-table ui2-table-normal ui2-table-zebra ui2-table-hover\">\n<tbody>\n<tr>\n<td>Cantidad(Piezas)<\/td>\n<td>1 - 100<\/td>\n<td>101 - 500<\/td>\n<td>501 - 5000<\/td>\n<td>&gt;5000<\/td>\n<\/tr>\n<tr>\n<td>Est. Tiempo (d\u00edas)<\/td>\n<td>3<\/td>\n<td>5<\/td>\n<td>10<\/td>\n<td>A negociar<\/td>\n<\/tr>\n<\/tbody>\n<\/table>\n<\/div>\n<\/dd>\n<\/dl>\n<\/div>","protected":false},"featured_media":4864,"comment_status":"open","ping_status":"closed","template":"","meta":{"_gspb_post_css":""},"product_brand":[],"product_cat":[1339],"product_tag":[1863,1864,1862,1865,1534,1861],"class_list":{"0":"post-4862","1":"product","2":"type-product","3":"status-publish","4":"has-post-thumbnail","6":"product_cat-carbon-filter","7":"product_tag-10-micron-carbon-filter","8":"product_tag-25-micron-carbon-filter","9":"product_tag-5-micron-carbon-filter","10":"product_tag-chlorine-adsorption-filter","11":"product_tag-inversafilterpurification","12":"product_tag-sintering-carbon-filter-block","14":"first","15":"instock","16":"shipping-taxable","17":"product-type-simple"},"_links":{"self":[{"href":"https:\/\/lyfilter.com\/es\/wp-json\/wp\/v2\/product\/4862","targetHints":{"allow":["GET"]}}],"collection":[{"href":"https:\/\/lyfilter.com\/es\/wp-json\/wp\/v2\/product"}],"about":[{"href":"https:\/\/lyfilter.com\/es\/wp-json\/wp\/v2\/types\/product"}],"replies":[{"embeddable":true,"href":"https:\/\/lyfilter.com\/es\/wp-json\/wp\/v2\/comments?post=4862"}],"wp:featuredmedia":[{"embeddable":true,"href":"https:\/\/lyfilter.com\/es\/wp-json\/wp\/v2\/media\/4864"}],"wp:attachment":[{"href":"https:\/\/lyfilter.com\/es\/wp-json\/wp\/v2\/media?parent=4862"}],"wp:term":[{"taxonomy":"product_brand","embeddable":true,"href":"https:\/\/lyfilter.com\/es\/wp-json\/wp\/v2\/product_brand?post=4862"},{"taxonomy":"product_cat","embeddable":true,"href":"https:\/\/lyfilter.com\/es\/wp-json\/wp\/v2\/product_cat?post=4862"},{"taxonomy":"product_tag","embeddable":true,"href":"https:\/\/lyfilter.com\/es\/wp-json\/wp\/v2\/product_tag?post=4862"}],"curies":[{"name":"wp","href":"https:\/\/api.w.org\/{rel}","templated":true}]}}