{"id":4853,"date":"2026-04-07T03:20:41","date_gmt":"2026-04-07T03:20:41","guid":{"rendered":"https:\/\/lyfilter.com\/"},"modified":"2026-04-07T03:20:41","modified_gmt":"2026-04-07T03:20:41","slug":"good-selling-carbon-steel-bag-filter-housing-carbon-steel-bag-filter-housing-company","status":"publish","type":"product","link":"https:\/\/lyfilter.com\/es\/good-selling-carbon-steel-bag-filter-housing-carbon-steel-bag-filter-housing-company\/","title":{"rendered":"Buena venta de acero al carbono carcasa del filtro de bolsa de acero al carbono carcasa del filtro de bolsa Empresa"},"content":{"rendered":"<table>\n<thead>\n<tr>\n<th>Industrias aplicables<\/th>\n<th>Lugar de origen<\/th>\n<th>Marca<\/th>\n<th>Material<\/th>\n<th>Peso<\/th>\n<th>Talla<\/th>\n<\/tr>\n<\/thead>\n<tbody>\n<tr>\n<td>Planta de fabricaci\u00f3n, f\u00e1brica de alimentos y bebidas, tratamiento de aguas<\/td>\n<td>Guangdong, China<\/td>\n<td>Lvyuan, OEM, ODM<\/td>\n<td>acero inoxidable 304<\/td>\n<td>personalizado<\/td>\n<td>personalizado<\/td>\n<\/tr>\n<\/tbody>\n<\/table>\n<p>Fabricada para la filtraci\u00f3n industrial, esta carcasa de filtro de bolsa de acero al carbono ofrece un rendimiento duradero, un sellado fiable y un funcionamiento sin problemas. InversaFilterPurification ofrece una soluci\u00f3n pr\u00e1ctica para el control de flujo constante todos los d\u00edas.<\/p>","protected":false},"excerpt":{"rendered":"<h3 class=\"do-entry-title\">Embalaje y entrega<\/h3>\n<div class=\"do-entry-list\">\n<dl class=\"do-entry-item\">\n<dt class=\"do-entry-item-key\">Unidades de venta:<\/dt>\n<dd class=\"do-entry-item-val\">Art\u00edculo \u00fanico<\/dd>\n<\/dl>\n<dl class=\"do-entry-item\">\n<dt class=\"do-entry-item-key\" title=\"Tama\u00f1o de envase individual:\">Tama\u00f1o de envase individual:<\/dt>\n<dd class=\"do-entry-item-val\">120X35X35 cm<\/dd>\n<\/dl>\n<dl class=\"do-entry-item\">\n<dt class=\"do-entry-item-key\" title=\"Peso bruto \u00fanico:\">Peso bruto \u00fanico:<\/dt>\n<dd class=\"do-entry-item-val\">23.000 kg<\/dd>\n<\/dl>\n<dl class=\"do-entry-item\">\n<dt class=\"do-entry-item-key\" title=\"Plazos de entrega\">Plazos de entrega\u00a0<i class=\"next-icon next-icon-help next-icon-xs js-leadtimes-tips\"><\/i>:<\/dt>\n<dd class=\"do-entry-item-val\" title=\"Plazos de entrega\">\n<div class=\"table-responsive\">\n<table class=\"supply-ability-table ui2-table ui2-table-normal ui2-table-zebra ui2-table-hover\">\n<tbody>\n<tr>\n<td>Cantidad(Piezas)<\/td>\n<td>1 - 500<\/td>\n<td>&gt;500<\/td>\n<\/tr>\n<tr>\n<td>Est. Tiempo (d\u00edas)<\/td>\n<td>7<\/td>\n<td>A negociar<\/td>\n<\/tr>\n<\/tbody>\n<\/table>\n<\/div>\n<\/dd>\n<\/dl>\n<\/div>","protected":false},"featured_media":4857,"comment_status":"open","ping_status":"closed","template":"","meta":{"_gspb_post_css":""},"product_brand":[],"product_cat":[1135],"product_tag":[1858,1499,1801,1502,1534,1136],"class_list":{"0":"post-4853","1":"product","2":"type-product","3":"status-publish","4":"has-post-thumbnail","6":"product_cat-stainless-steel-bag-filter-housing","7":"product_tag-bag-filter-housing-company","8":"product_tag-carbon-steel-bag-filter-housing","9":"product_tag-filtration-system-housing","10":"product_tag-industrial-bag-filter-housing","11":"product_tag-inversafilterpurification","12":"product_tag-water-filter-locks","14":"first","15":"instock","16":"shipping-taxable","17":"product-type-simple"},"_links":{"self":[{"href":"https:\/\/lyfilter.com\/es\/wp-json\/wp\/v2\/product\/4853","targetHints":{"allow":["GET"]}}],"collection":[{"href":"https:\/\/lyfilter.com\/es\/wp-json\/wp\/v2\/product"}],"about":[{"href":"https:\/\/lyfilter.com\/es\/wp-json\/wp\/v2\/types\/product"}],"replies":[{"embeddable":true,"href":"https:\/\/lyfilter.com\/es\/wp-json\/wp\/v2\/comments?post=4853"}],"wp:featuredmedia":[{"embeddable":true,"href":"https:\/\/lyfilter.com\/es\/wp-json\/wp\/v2\/media\/4857"}],"wp:attachment":[{"href":"https:\/\/lyfilter.com\/es\/wp-json\/wp\/v2\/media?parent=4853"}],"wp:term":[{"taxonomy":"product_brand","embeddable":true,"href":"https:\/\/lyfilter.com\/es\/wp-json\/wp\/v2\/product_brand?post=4853"},{"taxonomy":"product_cat","embeddable":true,"href":"https:\/\/lyfilter.com\/es\/wp-json\/wp\/v2\/product_cat?post=4853"},{"taxonomy":"product_tag","embeddable":true,"href":"https:\/\/lyfilter.com\/es\/wp-json\/wp\/v2\/product_tag?post=4853"}],"curies":[{"name":"wp","href":"https:\/\/api.w.org\/{rel}","templated":true}]}}