{"id":4825,"date":"2026-04-07T02:53:16","date_gmt":"2026-04-07T02:53:16","guid":{"rendered":"https:\/\/lyfilter.com\/"},"modified":"2026-04-07T02:53:16","modified_gmt":"2026-04-07T02:53:16","slug":"cost-effective-activated-carbon-water-filtration-activated-carbon-water-filtration-company","status":"publish","type":"product","link":"https:\/\/lyfilter.com\/es\/cost-effective-activated-carbon-water-filtration-activated-carbon-water-filtration-company\/","title":{"rendered":"Filtraci\u00f3n de agua rentable con carb\u00f3n activado Empresa de filtraci\u00f3n de agua con carb\u00f3n activado"},"content":{"rendered":"<p><strong>Introducci\u00f3n<\/strong><\/p>\n<p>10\u2033 T33 cartucho de filtro, est\u00e1 hecho de c\u00e1scara coconet carb\u00f3n activado, puede eliminar el olor y mantener el agua fresca,tiene c\u00e1scara de diferentes colores, como rojo, azul, amarillo y blanco.Usted puede elegir por s\u00ed mismo.<\/p>\n<p>El cartucho filtrante T33 est\u00e1 dise\u00f1ado para conectarse directamente a los tubos. Es muy conveniente para la instalaci\u00f3n y sustituci\u00f3n frecuente. Se puede llenar con diversos medios de filtro, tales como PP\u00a0<a href=\"https:\/\/lyfilter.com\/es\/sediment-filter.html\/\">Filtro de sedimentos<\/a>\u00a0cartucho, carb\u00f3n activado granular, resina, piedra mineral, etc. para satisfacer diferentes necesidades.<\/p>\n<table>\n<thead>\n<tr>\n<th>Campo<\/th>\n<th>Valor<\/th>\n<th>Campo<\/th>\n<th>Valor<\/th>\n<\/tr>\n<\/thead>\n<tbody>\n<tr>\n<td>Lugar de origen<\/td>\n<td>Guangdong, China<\/td>\n<td>Marca<\/td>\n<td>Lvyuan\/OEM<\/td>\n<\/tr>\n<tr>\n<td>Potencia (W)<\/td>\n<td>0<\/td>\n<td>Tensi\u00f3n (V)<\/td>\n<td>0<\/td>\n<\/tr>\n<tr>\n<td>Servicio posventa<\/td>\n<td>Instalaci\u00f3n in situ<\/td>\n<td>Garant\u00eda<\/td>\n<td>1 a\u00f1o<\/td>\n<\/tr>\n<tr>\n<td>Tipo<\/td>\n<td>Carb\u00f3n activado<\/td>\n<td>Certificaci\u00f3n<\/td>\n<td>ce, GS<\/td>\n<\/tr>\n<tr>\n<td>Utilice<\/td>\n<td>Prefiltraci\u00f3n dom\u00e9stica<\/td>\n<td>Aplicaci\u00f3n<\/td>\n<td>Hotel, Coche, Exterior, Garaje, RV, Comercial, Hogar<\/td>\n<\/tr>\n<tr>\n<td>Fuente de energ\u00eda<\/td>\n<td>Manual<\/td>\n<td>cartucho de filtro de agua<\/td>\n<td>T33<\/td>\n<\/tr>\n<tr>\n<td>talla<\/td>\n<td>50*255mm<\/td>\n<td>material<\/td>\n<td>carb\u00f3n activado de c\u00e1scara de coco<\/td>\n<\/tr>\n<tr>\n<td>funci\u00f3n<\/td>\n<td>elimina olores, refresca el agua<\/td>\n<td>vida \u00fatil<\/td>\n<td>3-6 meses<\/td>\n<\/tr>\n<tr>\n<td>Capacidad de suministro<\/td>\n<td>5000 piezas por d\u00eda<\/td>\n<td><\/td>\n<td><\/td>\n<\/tr>\n<\/tbody>\n<\/table>\n<p><strong>Par\u00e1metro<\/strong><\/p>\n<div class=\"table-responsive\">\n<table class=\"aliDataTable\" border=\"1\">\n<tbody>\n<tr>\n<td>cartucho de filtro de agua<\/td>\n<td>T33<\/td>\n<\/tr>\n<tr>\n<td>talla<\/td>\n<td>50\u00d7255 mm o 60\u00d7285 mm<\/td>\n<\/tr>\n<tr>\n<td>medios filtrantes<\/td>\n<td>carb\u00f3n activado de c\u00e1scara de coco<\/td>\n<\/tr>\n<tr>\n<td>funci\u00f3n<\/td>\n<td>eliminar el olor, hacer que el agua fresca<\/td>\n<\/tr>\n<tr>\n<td>vida \u00fatil<\/td>\n<td>3-6 meses<\/td>\n<\/tr>\n<\/tbody>\n<\/table>\n<\/div>","protected":false},"excerpt":{"rendered":"<p><b>Ventajas de la empresa<\/b><\/p>\n<p>- El dise\u00f1o de\u00a0<a href=\"https:\/\/lyfilter.com\/es\/\">Filtro Lvyuan<\/a>\u00a0La filtraci\u00f3n de agua con carb\u00f3n activado est\u00e1 elaboradamente dise\u00f1ada combinando funcionalidad y est\u00e9tica.<\/p>\n<p>- Disponemos de un completo laboratorio interno para garantizar la consistencia y calidad de la materia prima.<\/p>\n<p>- Guangzhou Lvyuan Water Purification Equipment Co., Ltd. tiene una fuerte capacidad para producir la mejor filtraci\u00f3n de agua de carb\u00f3n activado.<\/p>","protected":false},"featured_media":4826,"comment_status":"open","ping_status":"closed","template":"","meta":{"_gspb_post_css":""},"product_brand":[],"product_cat":[1339],"product_tag":[1845,1846,1847,1534,1849,1848],"class_list":{"0":"post-4825","1":"product","2":"type-product","3":"status-publish","4":"has-post-thumbnail","6":"product_cat-carbon-filter","7":"product_tag-activated-carbon-water-filtration","8":"product_tag-carbon-water-filter","9":"product_tag-cost-effective-water-filter","10":"product_tag-inversafilterpurification","11":"product_tag-odor-control-filter","12":"product_tag-water-filtration-company","14":"first","15":"instock","16":"shipping-taxable","17":"product-type-simple"},"_links":{"self":[{"href":"https:\/\/lyfilter.com\/es\/wp-json\/wp\/v2\/product\/4825","targetHints":{"allow":["GET"]}}],"collection":[{"href":"https:\/\/lyfilter.com\/es\/wp-json\/wp\/v2\/product"}],"about":[{"href":"https:\/\/lyfilter.com\/es\/wp-json\/wp\/v2\/types\/product"}],"replies":[{"embeddable":true,"href":"https:\/\/lyfilter.com\/es\/wp-json\/wp\/v2\/comments?post=4825"}],"wp:featuredmedia":[{"embeddable":true,"href":"https:\/\/lyfilter.com\/es\/wp-json\/wp\/v2\/media\/4826"}],"wp:attachment":[{"href":"https:\/\/lyfilter.com\/es\/wp-json\/wp\/v2\/media?parent=4825"}],"wp:term":[{"taxonomy":"product_brand","embeddable":true,"href":"https:\/\/lyfilter.com\/es\/wp-json\/wp\/v2\/product_brand?post=4825"},{"taxonomy":"product_cat","embeddable":true,"href":"https:\/\/lyfilter.com\/es\/wp-json\/wp\/v2\/product_cat?post=4825"},{"taxonomy":"product_tag","embeddable":true,"href":"https:\/\/lyfilter.com\/es\/wp-json\/wp\/v2\/product_tag?post=4825"}],"curies":[{"name":"wp","href":"https:\/\/api.w.org\/{rel}","templated":true}]}}