{"id":4806,"date":"2026-04-07T02:44:46","date_gmt":"2026-04-07T02:44:46","guid":{"rendered":"https:\/\/lyfilter.com\/"},"modified":"2026-04-07T02:44:46","modified_gmt":"2026-04-07T02:44:46","slug":"professional-ss-cartridge-filter-housing-suppliers-for-water-purification","status":"publish","type":"product","link":"https:\/\/lyfilter.com\/es\/professional-ss-cartridge-filter-housing-suppliers-for-water-purification\/","title":{"rendered":"Profesional Ss Carcasa del filtro de cartucho de proveedores para la purificaci\u00f3n del agua"},"content":{"rendered":"<table>\n<thead>\n<tr>\n<th>Campo<\/th>\n<th>Valor<\/th>\n<th>Campo<\/th>\n<th>Valor<\/th>\n<\/tr>\n<\/thead>\n<tbody>\n<tr>\n<td>Lugar de origen<\/td>\n<td>Guangdong, China<\/td>\n<td>Marca<\/td>\n<td>Lvyuan,OEM,ODM<\/td>\n<\/tr>\n<tr>\n<td>Material<\/td>\n<td>acero inoxidable 304\/316<\/td>\n<td>Peso<\/td>\n<td>personalizado<\/td>\n<\/tr>\n<tr>\n<td>Talla<\/td>\n<td>a medida, 10\u201d20\u201d30\u201d40\u201d<\/td>\n<td>Potencia<\/td>\n<td>personalizado<\/td>\n<\/tr>\n<tr>\n<td>Garant\u00eda<\/td>\n<td>1 a\u00f1o<\/td>\n<td>Servicio posventa<\/td>\n<td>Asistencia en l\u00ednea<\/td>\n<\/tr>\n<tr>\n<td>Caracter\u00edstica<\/td>\n<td>purificar l\u00edquidos<\/td>\n<td>Certificaci\u00f3n<\/td>\n<td>SGS<\/td>\n<\/tr>\n<tr>\n<td>Forma<\/td>\n<td>cilindro<\/td>\n<td>Utilizaci\u00f3n<\/td>\n<td>tratamiento del agua<\/td>\n<\/tr>\n<tr>\n<td>Aplicaci\u00f3n<\/td>\n<td>industria<\/td>\n<td>superficie<\/td>\n<td>pulido\/espejo<\/td>\n<\/tr>\n<tr>\n<td>Modelo<\/td>\n<td>LY-FL-SF<\/td>\n<td>Materia prima<\/td>\n<td>acero inoxidable<\/td>\n<\/tr>\n<tr>\n<td>Color<\/td>\n<td>Plata<\/td>\n<td>Capacidad de suministro<\/td>\n<td>5000 Piezas por semana<\/td>\n<\/tr>\n<\/tbody>\n<\/table>","protected":false},"excerpt":{"rendered":"<p><b>Ventajas de la empresa<\/b><br \/>\n<b>1.<\/b>\u00a0La planificaci\u00f3n de los requisitos de materiales (MRP) es uno de los principales factores de Lvyuan 5 micron\u00a0<a href=\"https:\/\/lyfilter.com\/es\/stainless-steel-filter-housing.html\/\">carcasa del filtro de agua<\/a>\u00a0producci\u00f3n. Los materiales utilizados en el producto deben someterse a pruebas de resistencia, propiedades mec\u00e1nicas y durabilidad. Tiene una mayor capacidad de retenci\u00f3n de la suciedad y una vida \u00fatil m\u00e1s larga<br \/>\n<b>2.<\/b>\u00a0Algunos de nuestros clientes que compraron este producto hace 3 a\u00f1os dijeron que el producto es muy resistente al desgaste, y sigue pareciendo nuevo incluso usado durante tanto tiempo. La capa de soporte interior est\u00e1 estrechamente unida al material del filtro, lo que le confiere una gran resistencia a los impactos.<br \/>\n<b>3.<\/b>\u00a0Se instituye un sistema de garant\u00eda de calidad para demostrar el cumplimiento de los requisitos de las normas. La matriz de fibra autoportante permite un dise\u00f1o sin n\u00facleo que es a la vez econ\u00f3mico y resistente<br \/>\n<b>4.<\/b>\u00a0Nuestro equipo de control de calidad aplica un estricto sistema de control de calidad y un m\u00e9todo de supervisi\u00f3n perfecto. Ha encontrado una variedad de aplicaciones que van desde la industria, procesos qu\u00edmicos, alimentos y bebidas, cosm\u00e9ticos y agua.<\/p>","protected":false},"featured_media":4814,"comment_status":"open","ping_status":"closed","template":"","meta":{"_gspb_post_css":""},"product_brand":[],"product_cat":[1245],"product_tag":[1701,1264,1534,1840,34,1703],"class_list":{"0":"post-4806","1":"product","2":"type-product","3":"status-publish","4":"has-post-thumbnail","6":"product_cat-stainless-steel-cartridge-filter-housing","7":"product_tag-cartridge-filter-housing","8":"product_tag-industrial-water-filter-housing","9":"product_tag-inversafilterpurification","10":"product_tag-ss-filter-housing-supplier","11":"product_tag-stainless-steel-filter-housing","12":"product_tag-water-purification-housing","14":"first","15":"instock","16":"shipping-taxable","17":"product-type-simple"},"_links":{"self":[{"href":"https:\/\/lyfilter.com\/es\/wp-json\/wp\/v2\/product\/4806","targetHints":{"allow":["GET"]}}],"collection":[{"href":"https:\/\/lyfilter.com\/es\/wp-json\/wp\/v2\/product"}],"about":[{"href":"https:\/\/lyfilter.com\/es\/wp-json\/wp\/v2\/types\/product"}],"replies":[{"embeddable":true,"href":"https:\/\/lyfilter.com\/es\/wp-json\/wp\/v2\/comments?post=4806"}],"wp:featuredmedia":[{"embeddable":true,"href":"https:\/\/lyfilter.com\/es\/wp-json\/wp\/v2\/media\/4814"}],"wp:attachment":[{"href":"https:\/\/lyfilter.com\/es\/wp-json\/wp\/v2\/media?parent=4806"}],"wp:term":[{"taxonomy":"product_brand","embeddable":true,"href":"https:\/\/lyfilter.com\/es\/wp-json\/wp\/v2\/product_brand?post=4806"},{"taxonomy":"product_cat","embeddable":true,"href":"https:\/\/lyfilter.com\/es\/wp-json\/wp\/v2\/product_cat?post=4806"},{"taxonomy":"product_tag","embeddable":true,"href":"https:\/\/lyfilter.com\/es\/wp-json\/wp\/v2\/product_tag?post=4806"}],"curies":[{"name":"wp","href":"https:\/\/api.w.org\/{rel}","templated":true}]}}