{"id":4770,"date":"2026-04-07T02:21:09","date_gmt":"2026-04-07T02:21:09","guid":{"rendered":"https:\/\/lyfilter.com\/"},"modified":"2026-04-07T02:21:09","modified_gmt":"2026-04-07T02:21:09","slug":"factory-polypropylene-blown-water-purification-5-micron-filters-pp-sediment-cartridge-filter-2","status":"publish","type":"product","link":"https:\/\/lyfilter.com\/es\/factory-polypropylene-blown-water-purification-5-micron-filters-pp-sediment-cartridge-filter-2\/","title":{"rendered":"F\u00e1brica de polipropileno soplado de purificaci\u00f3n de agua de 5 micras Filtros PP Filtro de cartucho de sedimentos"},"content":{"rendered":"<p>Fabricado para una filtraci\u00f3n diaria fiable, este filtro de cartucho de sedimentos de polipropileno soplado de 5 micras ayuda a capturar la suciedad, el \u00f3xido y las part\u00edculas finas a la vez que mantiene un flujo de agua constante. Una opci\u00f3n pr\u00e1ctica para un agua m\u00e1s limpia y f\u00e1cil sustituci\u00f3n.<\/p>","protected":false},"excerpt":{"rendered":"<table>\n<thead>\n<tr>\n<th>Campo<\/th>\n<th>Valor<\/th>\n<th>Campo<\/th>\n<th>Valor<\/th>\n<\/tr>\n<\/thead>\n<tbody>\n<tr>\n<td>Lugar de origen<\/td>\n<td>Guangdong, China<\/td>\n<td>Marca<\/td>\n<td>Lvyuan \/ OEM<\/td>\n<\/tr>\n<tr>\n<td>Material<\/td>\n<td>polipropileno<\/td>\n<td>Peso<\/td>\n<td>depende<\/td>\n<\/tr>\n<tr>\n<td>Talla<\/td>\n<td>est\u00e1ndar o a medida<\/td>\n<td>Potencia<\/td>\n<td>0<\/td>\n<\/tr>\n<tr>\n<td>Garant\u00eda<\/td>\n<td>No disponible<\/td>\n<td>Nombre del producto<\/td>\n<td>Filtro de sedimentos de PP<\/td>\n<\/tr>\n<tr>\n<td>Tasa de micras<\/td>\n<td>Cartucho filtrante 1\/3\/5\/10\/25\/50\/75\/100 micras<\/td>\n<td>Certificaci\u00f3n<\/td>\n<td>CE SGS<\/td>\n<\/tr>\n<tr>\n<td>aplicaci\u00f3n<\/td>\n<td>piezas de filtros de agua, \u00f3smosis inversa<\/td>\n<td>Longitud<\/td>\n<td>5\u2033, 10\u2033, 20\u2033, 30\u2033, 40\u2033, 50\u201d pulgadas<\/td>\n<\/tr>\n<tr>\n<td>Medio filtrante<\/td>\n<td>Polipropileno PP hilado<\/td>\n<td>Tapa<\/td>\n<td>DOE\/222Fin\/226Fin\/222Flat\/226Flat<\/td>\n<\/tr>\n<tr>\n<td>Material de la junta\/anillo<\/td>\n<td>Silicio\/EPDM\/Vit\u00f3n<\/td>\n<td>Utilizaci\u00f3n<\/td>\n<td>Filtro de cartucho para l\u00edquidos<\/td>\n<\/tr>\n<tr>\n<td>N\u00facleo interno<\/td>\n<td>PP, acero inoxidable, ninguno<\/td>\n<td>Servicio posventa<\/td>\n<td>Asistencia en l\u00ednea<\/td>\n<\/tr>\n<tr>\n<td>Capacidad de suministro<\/td>\n<td>5000 Piezas\/Piezas por D\u00eda 5 Micron PP Filtro<\/td>\n<td><\/td>\n<td><\/td>\n<\/tr>\n<\/tbody>\n<\/table>","protected":false},"featured_media":4773,"comment_status":"open","ping_status":"closed","template":"","meta":{"_gspb_post_css":""},"product_brand":[],"product_cat":[23],"product_tag":[1172,1534,1828,1829,1830,773],"class_list":{"0":"post-4770","1":"product","2":"type-product","3":"status-publish","4":"has-post-thumbnail","6":"product_cat-pp-filter-cartridge","7":"product_tag-5-micron-cartridge-filter","8":"product_tag-inversafilterpurification","9":"product_tag-polypropylene-sediment-filter","10":"product_tag-pp-blown-water-filter","11":"product_tag-sediment-water-filter-replacement","12":"product_tag-water-purification-cartridge","14":"first","15":"instock","16":"shipping-taxable","17":"product-type-simple"},"_links":{"self":[{"href":"https:\/\/lyfilter.com\/es\/wp-json\/wp\/v2\/product\/4770","targetHints":{"allow":["GET"]}}],"collection":[{"href":"https:\/\/lyfilter.com\/es\/wp-json\/wp\/v2\/product"}],"about":[{"href":"https:\/\/lyfilter.com\/es\/wp-json\/wp\/v2\/types\/product"}],"replies":[{"embeddable":true,"href":"https:\/\/lyfilter.com\/es\/wp-json\/wp\/v2\/comments?post=4770"}],"wp:featuredmedia":[{"embeddable":true,"href":"https:\/\/lyfilter.com\/es\/wp-json\/wp\/v2\/media\/4773"}],"wp:attachment":[{"href":"https:\/\/lyfilter.com\/es\/wp-json\/wp\/v2\/media?parent=4770"}],"wp:term":[{"taxonomy":"product_brand","embeddable":true,"href":"https:\/\/lyfilter.com\/es\/wp-json\/wp\/v2\/product_brand?post=4770"},{"taxonomy":"product_cat","embeddable":true,"href":"https:\/\/lyfilter.com\/es\/wp-json\/wp\/v2\/product_cat?post=4770"},{"taxonomy":"product_tag","embeddable":true,"href":"https:\/\/lyfilter.com\/es\/wp-json\/wp\/v2\/product_tag?post=4770"}],"curies":[{"name":"wp","href":"https:\/\/api.w.org\/{rel}","templated":true}]}}