{"id":4768,"date":"2026-04-07T02:18:15","date_gmt":"2026-04-07T02:18:15","guid":{"rendered":"https:\/\/lyfilter.com\/"},"modified":"2026-04-07T02:18:15","modified_gmt":"2026-04-07T02:18:15","slug":"professional-sintered-cartridge-filter-wholesale-for-desalination","status":"publish","type":"product","link":"https:\/\/lyfilter.com\/es\/professional-sintered-cartridge-filter-wholesale-for-desalination\/","title":{"rendered":"Filtro de cartucho sinterizado profesional al por mayor para desalinizaci\u00f3n"},"content":{"rendered":"<p><b>Ventajas de la empresa<\/b><br \/>\n<b>1.<\/b>\u00a0Carb\u00f3n activo Lvyuan\u00a0<a href=\"https:\/\/lyfilter.com\/es\/products.html\/\">elemento filtrante<\/a>\u00a0est\u00e1 dise\u00f1ado con una serie de sistemas de protecci\u00f3n. Dispone de protecci\u00f3n contra sobrepresi\u00f3n, sobrecarga, circuitos el\u00e9ctricos y p\u00e9rdida de tensi\u00f3n. Su medio filtrante es personalizable seg\u00fan la diferente calidad del agua en la aplicaci\u00f3n.<br \/>\n<b>2.<\/b>\u00a0Este producto puede aportar importantes beneficios econ\u00f3micos a los clientes y es cada vez m\u00e1s popular en el mercado. No contiene aglutinantes, agentes, disolventes, materiales antiest\u00e1ticos ni agentes humectantes.<br \/>\n<b>3.<\/b>\u00a0Contamos con un laboratorio profesional para garantizar la alta calidad de este producto. Se ha encontrado una variedad de aplicaciones que van desde la industria, procesos qu\u00edmicos, alimentos y bebidas, cosm\u00e9ticos y agua.<br \/>\n<b>4.<\/b>\u00a0El equipo de control de calidad adopta normas de calidad profesionales para garantizar la calidad de este producto. Se suministra con una amplia gama de longitudes para carcasas est\u00e1ndar y de flujo total<br \/>\n<b>5.<\/b>\u00a0La inspecci\u00f3n y comprobaci\u00f3n se refuerzan durante muchas veces para asegurar su calidad. Es adecuado para su uso con muestras acuosas y de disolventes org\u00e1nicos debido a su amplia compatibilidad qu\u00edmica.<\/p>\n<h3 class=\"do-entry-title\">Embalaje y entrega<\/h3>\n<div class=\"do-entry-list\">\n<dl class=\"do-entry-item\">\n<dt class=\"do-entry-item-key\">Unidades de venta:<\/dt>\n<dd class=\"do-entry-item-val\">Art\u00edculo \u00fanico<\/dd>\n<\/dl>\n<dl class=\"do-entry-item\">\n<dt class=\"do-entry-item-key\" title=\"Tama\u00f1o de envase individual:\">Tama\u00f1o de envase individual:<\/dt>\n<dd class=\"do-entry-item-val\">6,5X2,8X25 cm<\/dd>\n<\/dl>\n<dl class=\"do-entry-item\">\n<dt class=\"do-entry-item-key\" title=\"Peso bruto \u00fanico:\">Peso bruto \u00fanico:<\/dt>\n<dd class=\"do-entry-item-val\">0,500 kg<\/dd>\n<\/dl>\n<dl class=\"do-entry-item\">\n<dt class=\"do-entry-item-key\">Tipo de envase:<\/dt>\n<dd class=\"do-entry-item-val pkg-method\">Sinterizaci\u00f3n de productos de carb\u00f3n vegetal s\u00f3lido CTO filtro de agua activado carb\u00f3n de c\u00e1scara de coco 25 micras bloque de filtro de carb\u00f3n: 53x33x33cm, 64x33x33cm<\/dd>\n<\/dl>\n<dl class=\"do-entry-item\">\n<dt class=\"do-entry-item-key\" title=\"Plazos de entrega\">Plazos de entrega\u00a0<i class=\"next-icon next-icon-help next-icon-xs js-leadtimes-tips\"><\/i>:<\/dt>\n<dd class=\"do-entry-item-val\" title=\"Plazos de entrega\">\n<div class=\"table-responsive\">\n<table class=\"supply-ability-table ui2-table ui2-table-normal ui2-table-zebra ui2-table-hover\">\n<tbody>\n<tr>\n<td>Cantidad(Piezas)<\/td>\n<td>1 - 100<\/td>\n<td>101 - 500<\/td>\n<td>501 - 5000<\/td>\n<td>&gt;5000<\/td>\n<\/tr>\n<tr>\n<td>Est. Tiempo (d\u00edas)<\/td>\n<td>3<\/td>\n<td>5<\/td>\n<td>10<\/td>\n<td>A negociar<\/td>\n<\/tr>\n<\/tbody>\n<\/table>\n<\/div>\n<\/dd>\n<\/dl>\n<\/div>","protected":false},"excerpt":{"rendered":"<table>\n<thead>\n<tr>\n<th>Campo<\/th>\n<th>Valor<\/th>\n<th>Campo<\/th>\n<th>Valor<\/th>\n<\/tr>\n<\/thead>\n<tbody>\n<tr>\n<td>Lugar de origen<\/td>\n<td>Guangdong, China<\/td>\n<td>Marca<\/td>\n<td>OEM\/LVYUAN<\/td>\n<\/tr>\n<tr>\n<td>N\u00famero de modelo<\/td>\n<td>LY-CBF<\/td>\n<td>Potencia (W)<\/td>\n<td>0<\/td>\n<\/tr>\n<tr>\n<td>Tensi\u00f3n (V)<\/td>\n<td>0<\/td>\n<td>Servicio posventa<\/td>\n<td>ninguno, Asistencia en l\u00ednea<\/td>\n<\/tr>\n<tr>\n<td>Garant\u00eda<\/td>\n<td>ninguno<\/td>\n<td>Tipo<\/td>\n<td>Carb\u00f3n activado<\/td>\n<\/tr>\n<tr>\n<td>Utilice<\/td>\n<td>Prefiltraci\u00f3n dom\u00e9stica<\/td>\n<td>Aplicaci\u00f3n<\/td>\n<td>Hotel, Coche, Exterior, Garaje, RV, Comercial, Hogar<\/td>\n<\/tr>\n<tr>\n<td>Fuente de energ\u00eda<\/td>\n<td>Bater\u00eda, usb, El\u00e9ctrico, Gas, Solar, Manual, Fuente de alimentaci\u00f3n del veh\u00edculo<\/td>\n<td>Nombre del producto<\/td>\n<td>Un filtro de carb\u00f3n en bloque de 25 micras de carbono de c\u00e1scara de coco<\/td>\n<\/tr>\n<tr>\n<td>Material<\/td>\n<td>Carb\u00f3n de coco activado sinterizado<\/td>\n<td>Longitud<\/td>\n<td>10-1050 mm<\/td>\n<\/tr>\n<tr>\n<td>OD<\/td>\n<td>14-121 mm<\/td>\n<td>ID<\/td>\n<td>6-50 mm<\/td>\n<\/tr>\n<tr>\n<td>Tasa de micra<\/td>\n<td>0,5-20um<\/td>\n<td>Valor de yodo<\/td>\n<td>hasta 1000<\/td>\n<\/tr>\n<tr>\n<td>Caudal<\/td>\n<td>\u2264300L\/h<\/td>\n<td><\/td>\n<td><\/td>\n<\/tr>\n<\/tbody>\n<\/table>","protected":false},"featured_media":4769,"comment_status":"open","ping_status":"closed","template":"","meta":{"_gspb_post_css":""},"product_brand":[],"product_cat":[1205],"product_tag":[1244,1826,1534,1827,1825,1184],"class_list":{"0":"post-4768","1":"product","2":"type-product","3":"status-publish","4":"has-post-thumbnail","6":"product_cat-stainless-steel-sintered-filter-cartridge","7":"product_tag-desalination-filter-cartridge","8":"product_tag-industrial-cartridge-filter","9":"product_tag-inversafilterpurification","10":"product_tag-professional-filtration-solution","11":"product_tag-sintered-cartridge-filter","12":"product_tag-wholesale-water-filter","14":"first","15":"instock","16":"shipping-taxable","17":"product-type-simple"},"_links":{"self":[{"href":"https:\/\/lyfilter.com\/es\/wp-json\/wp\/v2\/product\/4768","targetHints":{"allow":["GET"]}}],"collection":[{"href":"https:\/\/lyfilter.com\/es\/wp-json\/wp\/v2\/product"}],"about":[{"href":"https:\/\/lyfilter.com\/es\/wp-json\/wp\/v2\/types\/product"}],"replies":[{"embeddable":true,"href":"https:\/\/lyfilter.com\/es\/wp-json\/wp\/v2\/comments?post=4768"}],"wp:featuredmedia":[{"embeddable":true,"href":"https:\/\/lyfilter.com\/es\/wp-json\/wp\/v2\/media\/4769"}],"wp:attachment":[{"href":"https:\/\/lyfilter.com\/es\/wp-json\/wp\/v2\/media?parent=4768"}],"wp:term":[{"taxonomy":"product_brand","embeddable":true,"href":"https:\/\/lyfilter.com\/es\/wp-json\/wp\/v2\/product_brand?post=4768"},{"taxonomy":"product_cat","embeddable":true,"href":"https:\/\/lyfilter.com\/es\/wp-json\/wp\/v2\/product_cat?post=4768"},{"taxonomy":"product_tag","embeddable":true,"href":"https:\/\/lyfilter.com\/es\/wp-json\/wp\/v2\/product_tag?post=4768"}],"curies":[{"name":"wp","href":"https:\/\/api.w.org\/{rel}","templated":true}]}}