{"id":4748,"date":"2026-04-05T09:50:52","date_gmt":"2026-04-05T09:50:52","guid":{"rendered":"https:\/\/lyfilter.com\/"},"modified":"2026-04-05T09:50:52","modified_gmt":"2026-04-05T09:50:52","slug":"ss-filter-housing-filter-water-10-20-30-40-inches-housing","status":"publish","type":"product","link":"https:\/\/lyfilter.com\/es\/ss-filter-housing-filter-water-10-20-30-40-inches-housing\/","title":{"rendered":"Carcasa de filtro SS Filtro de agua 10 20 30 40 pulgadas Carcasa"},"content":{"rendered":"<p>Construido para mantener las carcasas de filtro firmemente en su lugar, este bloqueo de filtro de agua soporta carcasas SS de 10, 20, 30 y 40 pulgadas. Ayuda a reducir el movimiento durante el uso y a\u00f1ade soporte fiable a su configuraci\u00f3n de filtraci\u00f3n de agua para el funcionamiento diario.<\/p>","protected":false},"excerpt":{"rendered":"<table>\n<thead>\n<tr>\n<th>Campo<\/th>\n<th>Valor<\/th>\n<\/tr>\n<\/thead>\n<tbody>\n<tr>\n<td>Lugar de origen<\/td>\n<td>Guangdong, China<\/td>\n<\/tr>\n<tr>\n<td>Marca<\/td>\n<td>Lvyuan, OEM, ODM<\/td>\n<\/tr>\n<tr>\n<td>Material<\/td>\n<td>acero inoxidable<\/td>\n<\/tr>\n<tr>\n<td>Peso<\/td>\n<td>personalizado<\/td>\n<\/tr>\n<tr>\n<td>Talla<\/td>\n<td>a medida, 10\u201d, 20\u201d, 30\u201d, 40\u201d<\/td>\n<\/tr>\n<tr>\n<td>Potencia<\/td>\n<td>0<\/td>\n<\/tr>\n<tr>\n<td>Garant\u00eda<\/td>\n<td>1 a\u00f1o<\/td>\n<\/tr>\n<tr>\n<td>Servicio posventa<\/td>\n<td>Asistencia en l\u00ednea<\/td>\n<\/tr>\n<tr>\n<td>Caracter\u00edstica<\/td>\n<td>f\u00e1cil instalaci\u00f3n<\/td>\n<\/tr>\n<tr>\n<td>Certificaci\u00f3n<\/td>\n<td>SGS<\/td>\n<\/tr>\n<tr>\n<td>Forma<\/td>\n<td>cilindro<\/td>\n<\/tr>\n<tr>\n<td>Utilizaci\u00f3n<\/td>\n<td>filtraci\u00f3n de agua<\/td>\n<\/tr>\n<tr>\n<td>Aplicaci\u00f3n<\/td>\n<td>industria<\/td>\n<\/tr>\n<tr>\n<td>superficie<\/td>\n<td>pulido<\/td>\n<\/tr>\n<tr>\n<td>Modelo<\/td>\n<td>LY01<\/td>\n<\/tr>\n<tr>\n<td>Materia prima<\/td>\n<td>acero inoxidable<\/td>\n<\/tr>\n<tr>\n<td>Presi\u00f3n de trabajo<\/td>\n<td>100Psi<\/td>\n<\/tr>\n<tr>\n<td>Capacidad de suministro<\/td>\n<td>500 piezas al a\u00f1o<\/td>\n<\/tr>\n<\/tbody>\n<\/table>","protected":false},"featured_media":4756,"comment_status":"open","ping_status":"closed","template":"","meta":{"_gspb_post_css":""},"product_brand":[],"product_cat":[15],"product_tag":[1806,1534,1805,34,1136,1807],"class_list":{"0":"post-4748","1":"product","2":"type-product","3":"status-publish","4":"has-post-thumbnail","6":"product_cat-stainless-steel-filter-housing","7":"product_tag-filter-housing-lock","8":"product_tag-inversafilterpurification","9":"product_tag-ss-filter-housing","10":"product_tag-stainless-steel-filter-housing","11":"product_tag-water-filter-locks","12":"product_tag-water-purification-accessories","14":"first","15":"instock","16":"shipping-taxable","17":"product-type-simple"},"_links":{"self":[{"href":"https:\/\/lyfilter.com\/es\/wp-json\/wp\/v2\/product\/4748","targetHints":{"allow":["GET"]}}],"collection":[{"href":"https:\/\/lyfilter.com\/es\/wp-json\/wp\/v2\/product"}],"about":[{"href":"https:\/\/lyfilter.com\/es\/wp-json\/wp\/v2\/types\/product"}],"replies":[{"embeddable":true,"href":"https:\/\/lyfilter.com\/es\/wp-json\/wp\/v2\/comments?post=4748"}],"wp:featuredmedia":[{"embeddable":true,"href":"https:\/\/lyfilter.com\/es\/wp-json\/wp\/v2\/media\/4756"}],"wp:attachment":[{"href":"https:\/\/lyfilter.com\/es\/wp-json\/wp\/v2\/media?parent=4748"}],"wp:term":[{"taxonomy":"product_brand","embeddable":true,"href":"https:\/\/lyfilter.com\/es\/wp-json\/wp\/v2\/product_brand?post=4748"},{"taxonomy":"product_cat","embeddable":true,"href":"https:\/\/lyfilter.com\/es\/wp-json\/wp\/v2\/product_cat?post=4748"},{"taxonomy":"product_tag","embeddable":true,"href":"https:\/\/lyfilter.com\/es\/wp-json\/wp\/v2\/product_tag?post=4748"}],"curies":[{"name":"wp","href":"https:\/\/api.w.org\/{rel}","templated":true}]}}