{"id":4731,"date":"2026-04-05T09:30:11","date_gmt":"2026-04-05T09:30:11","guid":{"rendered":"https:\/\/lyfilter.com\/"},"modified":"2026-04-05T09:30:11","modified_gmt":"2026-04-05T09:30:11","slug":"good-selling-steel-filter-housing-factory-price-for-desalination","status":"publish","type":"product","link":"https:\/\/lyfilter.com\/es\/good-selling-steel-filter-housing-factory-price-for-desalination\/","title":{"rendered":"Buen precio de f\u00e1brica vendedor de la cubierta de filtro de acero para la desalinizaci\u00f3n"},"content":{"rendered":"<p><b>Ventajas de la empresa<\/b><br \/>\n<b>1.<\/b>\u00a0Nuestro equipo t\u00e9cnico se ha dedicado a mejorar el dise\u00f1o,\u00a0<a href=\"https:\/\/lyfilter.com\/es\/\">Filtro Lvyuan<\/a>\u00a0ahora tiene un dise\u00f1o que combina innovaci\u00f3n, est\u00e9tica y practicidad. El medio filtrante est\u00e1 unido t\u00e9rmicamente para evitar el desprendimiento de fibras y proporcionar al mismo tiempo caudales constantes<br \/>\n<b>2.<\/b>\u00a0El operario que utiliza este producto a menudo se encuentra con una situaci\u00f3n en la que las condiciones de fabricaci\u00f3n y los \u00edndices de producci\u00f3n mejoran considerablemente con respecto al pasado. Puede proporcionar an\u00e1lisis y resultados precisos para aplicaciones sensibles de cromatograf\u00eda i\u00f3nica.<br \/>\n<b>3.<\/b>\u00a0Nuestro experimentado equipo de control de calidad comprueba diversos par\u00e1metros de calidad del producto. Es adecuado para su uso con muestras acuosas y de disolventes org\u00e1nicos debido a su amplia compatibilidad qu\u00edmica<br \/>\n<b>4.<\/b>\u00a0Basado en una tecnolog\u00eda probada, este producto ofrece un alto rendimiento a los clientes. Tiene una gran superficie filtrante efectiva<br \/>\n<b>5.<\/b>\u00a0Se han aplicado numerosos medios cient\u00edficos y estrictos de inspecci\u00f3n para garantizar la calidad superior del producto. Ha encontrado una gran variedad de aplicaciones que van desde la industria, los procesos qu\u00edmicos, la alimentaci\u00f3n y las bebidas, la cosm\u00e9tica<\/p>\n<h3 class=\"do-entry-title\">Embalaje y entrega<\/h3>\n<div class=\"do-entry-list\">\n<dl class=\"do-entry-item\">\n<dt class=\"do-entry-item-key\">Unidades de venta:<\/dt>\n<dd class=\"do-entry-item-val\">Art\u00edculo \u00fanico<\/dd>\n<\/dl>\n<dl class=\"do-entry-item\">\n<dt class=\"do-entry-item-key\" title=\"Tama\u00f1o de envase individual:\">Tama\u00f1o de envase individual:<\/dt>\n<dd class=\"do-entry-item-val\">75X50X75 cm<\/dd>\n<\/dl>\n<dl class=\"do-entry-item\">\n<dt class=\"do-entry-item-key\" title=\"Peso bruto \u00fanico:\">Peso bruto \u00fanico:<\/dt>\n<dd class=\"do-entry-item-val\">30.000 kg<\/dd>\n<\/dl>\n<dl class=\"do-entry-item\">\n<dt class=\"do-entry-item-key\">Tipo de envase:<\/dt>\n<dd class=\"do-entry-item-val pkg-method\">Carro m\u00f3vil de acero inoxidable micro filtro de 2 etapas 10 20 30 40 50 micras sistema de filtraci\u00f3n de licor con gran caudal de l\u00edquido de la bomba: Embalaje: Caja est\u00e1ndar de exportaci\u00f3n\/Como se requiera<\/dd>\n<\/dl>\n<dl class=\"do-entry-item\">\n<dt class=\"do-entry-item-key\" title=\"Plazos de entrega\">Plazos de entrega\u00a0<i class=\"next-icon next-icon-help next-icon-xs js-leadtimes-tips\"><\/i>:<\/dt>\n<dd class=\"do-entry-item-val\" title=\"Plazos de entrega\">\n<div class=\"table-responsive\">\n<table class=\"supply-ability-table ui2-table ui2-table-normal ui2-table-zebra ui2-table-hover\">\n<tbody>\n<tr>\n<td>Cantidad(Unidades)<\/td>\n<td>1 - 10<\/td>\n<td>11 - 100<\/td>\n<td>&gt;100<\/td>\n<\/tr>\n<tr>\n<td>Est. Tiempo (d\u00edas)<\/td>\n<td>5<\/td>\n<td>10<\/td>\n<td>A negociar<\/td>\n<\/tr>\n<\/tbody>\n<\/table>\n<\/div>\n<\/dd>\n<\/dl>\n<\/div>","protected":false},"excerpt":{"rendered":"<table>\n<thead>\n<tr>\n<th>Campo<\/th>\n<th>Valor<\/th>\n<\/tr>\n<\/thead>\n<tbody>\n<tr>\n<td>Lugar de origen<\/td>\n<td>Guangdong, China<\/td>\n<\/tr>\n<tr>\n<td>Marca<\/td>\n<td>LVYUAN\/OEM<\/td>\n<\/tr>\n<tr>\n<td>Garant\u00eda<\/td>\n<td>1 a\u00f1o<\/td>\n<\/tr>\n<tr>\n<td>Servicio posventa<\/td>\n<td>Asistencia en l\u00ednea<\/td>\n<\/tr>\n<tr>\n<td>Nombre del art\u00edculo<\/td>\n<td>Carro m\u00f3vil de acero inoxidable Sistema de filtraci\u00f3n de licores de 2 etapas<\/td>\n<\/tr>\n<tr>\n<td>Material<\/td>\n<td>SS304 \/ SS316L<\/td>\n<\/tr>\n<tr>\n<td>Material de la bolsa filtrante<\/td>\n<td>BOLSA PE \/ BOLSA PP<\/td>\n<\/tr>\n<tr>\n<td>Cantidad de filtros de bolsa<\/td>\n<td>Carcasa de filtro de bolsa simple<\/td>\n<\/tr>\n<tr>\n<td>Tratamiento de superficies<\/td>\n<td>Pulido y chorro de arena<\/td>\n<\/tr>\n<tr>\n<td>Junta t\u00f3rica<\/td>\n<td>Silastic \/ NBR \/ EPDM \/ Viton<\/td>\n<\/tr>\n<tr>\n<td>Tipo de tapa superior instalada<\/td>\n<td>Tipo abrazadera \/ tipo perno<\/td>\n<\/tr>\n<tr>\n<td>Tipo de entrada y salida<\/td>\n<td>Rosca interior \/ Brida<\/td>\n<\/tr>\n<tr>\n<td>Tipo de conector<\/td>\n<td>222 \/ 226 \/ CIERVA<\/td>\n<\/tr>\n<tr>\n<td>M\u00e9todo de envasado<\/td>\n<td>Caja est\u00e1ndar para exportaci\u00f3n<\/td>\n<\/tr>\n<\/tbody>\n<\/table>","protected":false},"featured_media":4733,"comment_status":"open","ping_status":"closed","template":"","meta":{"_gspb_post_css":""},"product_brand":[],"product_cat":[15],"product_tag":[1793,1801,1084,1534,1799,1800],"class_list":{"0":"post-4731","1":"product","2":"type-product","3":"status-publish","4":"has-post-thumbnail","6":"product_cat-stainless-steel-filter-housing","7":"product_tag-desalination-filter-housing","8":"product_tag-filtration-system-housing","9":"product_tag-industrial-filter-housing","10":"product_tag-inversafilterpurification","11":"product_tag-steel-filter-housing","12":"product_tag-water-treatment-housing","14":"first","15":"instock","16":"shipping-taxable","17":"product-type-simple"},"_links":{"self":[{"href":"https:\/\/lyfilter.com\/es\/wp-json\/wp\/v2\/product\/4731","targetHints":{"allow":["GET"]}}],"collection":[{"href":"https:\/\/lyfilter.com\/es\/wp-json\/wp\/v2\/product"}],"about":[{"href":"https:\/\/lyfilter.com\/es\/wp-json\/wp\/v2\/types\/product"}],"replies":[{"embeddable":true,"href":"https:\/\/lyfilter.com\/es\/wp-json\/wp\/v2\/comments?post=4731"}],"wp:featuredmedia":[{"embeddable":true,"href":"https:\/\/lyfilter.com\/es\/wp-json\/wp\/v2\/media\/4733"}],"wp:attachment":[{"href":"https:\/\/lyfilter.com\/es\/wp-json\/wp\/v2\/media?parent=4731"}],"wp:term":[{"taxonomy":"product_brand","embeddable":true,"href":"https:\/\/lyfilter.com\/es\/wp-json\/wp\/v2\/product_brand?post=4731"},{"taxonomy":"product_cat","embeddable":true,"href":"https:\/\/lyfilter.com\/es\/wp-json\/wp\/v2\/product_cat?post=4731"},{"taxonomy":"product_tag","embeddable":true,"href":"https:\/\/lyfilter.com\/es\/wp-json\/wp\/v2\/product_tag?post=4731"}],"curies":[{"name":"wp","href":"https:\/\/api.w.org\/{rel}","templated":true}]}}