{"id":4720,"date":"2026-04-05T09:16:10","date_gmt":"2026-04-05T09:16:10","guid":{"rendered":"https:\/\/lyfilter.com\/"},"modified":"2026-04-05T09:16:11","modified_gmt":"2026-04-05T09:16:11","slug":"oem-size-activated-filter-carbon-for-shower-toilet-kitchen","status":"publish","type":"product","link":"https:\/\/lyfilter.com\/es\/oem-size-activated-filter-carbon-for-shower-toilet-kitchen\/","title":{"rendered":"OEM Tama\u00f1o carb\u00f3n activado filtro para ducha \/ WC \/ Cocina"},"content":{"rendered":"<p>Este filtro de carb\u00f3n activado est\u00e1 hecho para sistemas de ducha, inodoro y cocina que necesitan agua m\u00e1s limpia y agradable. Ayuda a reducir los olores no deseados y el cloro a la vez que favorece una rutina diaria m\u00e1s fresca con una filtraci\u00f3n fiable y sencilla.<\/p>","protected":false},"excerpt":{"rendered":"<table>\n<thead>\n<tr>\n<th>Campo<\/th>\n<th>Valor<\/th>\n<\/tr>\n<\/thead>\n<tbody>\n<tr>\n<td>Servicio post garant\u00eda<\/td>\n<td>Asistencia en l\u00ednea<\/td>\n<\/tr>\n<tr>\n<td>Ubicaci\u00f3n del servicio local<\/td>\n<td>ninguno<\/td>\n<\/tr>\n<tr>\n<td>Ubicaci\u00f3n de la sala de exposiciones<\/td>\n<td>ninguno<\/td>\n<\/tr>\n<tr>\n<td>V\u00eddeo de la inspecci\u00f3n de salida<\/td>\n<td>Proporcionado<\/td>\n<\/tr>\n<tr>\n<td>Informe de ensayo de maquinaria<\/td>\n<td>Proporcionado<\/td>\n<\/tr>\n<tr>\n<td>Tipo de comercializaci\u00f3n<\/td>\n<td>Producto ordinario<\/td>\n<\/tr>\n<tr>\n<td>Garant\u00eda de los componentes principales<\/td>\n<td>1 a\u00f1o<\/td>\n<\/tr>\n<tr>\n<td>Componentes b\u00e1sicos<\/td>\n<td>Recipiente a presi\u00f3n<\/td>\n<\/tr>\n<tr>\n<td>Condici\u00f3n<\/td>\n<td>Nuevo<\/td>\n<\/tr>\n<tr>\n<td>Eficacia<\/td>\n<td>98%<\/td>\n<\/tr>\n<tr>\n<td>Construcci\u00f3n<\/td>\n<td>Malla met\u00e1lica<\/td>\n<\/tr>\n<tr>\n<td>Lugar de origen<\/td>\n<td>Guangdong, China<\/td>\n<\/tr>\n<tr>\n<td>Marca<\/td>\n<td>Lvyuan\/OEM<\/td>\n<\/tr>\n<tr>\n<td>Garant\u00eda<\/td>\n<td>1 a\u00f1o<\/td>\n<\/tr>\n<tr>\n<td>Servicio posventa<\/td>\n<td>Asistencia en l\u00ednea, Asistencia en l\u00ednea<\/td>\n<\/tr>\n<tr>\n<td>Palabras clave<\/td>\n<td>carb\u00f3n filtrante activado<\/td>\n<\/tr>\n<tr>\n<td>Talla<\/td>\n<td>personalizado<\/td>\n<\/tr>\n<tr>\n<td>Caracter\u00edstica<\/td>\n<td>eliminar olores, sedimentos, olores, etc.<\/td>\n<\/tr>\n<tr>\n<td>Material<\/td>\n<td>carb\u00f3n de coco, carb\u00f3n de hulla<\/td>\n<\/tr>\n<tr>\n<td>Aplicaci\u00f3n<\/td>\n<td>Prefiltraci\u00f3n<\/td>\n<\/tr>\n<tr>\n<td>Color<\/td>\n<td>Negro\/gris<\/td>\n<\/tr>\n<tr>\n<td>Tipo<\/td>\n<td>Piezas de filtros de agua<\/td>\n<\/tr>\n<tr>\n<td>Di\u00e1metro<\/td>\n<td>personalizado<\/td>\n<\/tr>\n<tr>\n<td>tasa de micras<\/td>\n<td>5\/10\/25 micras<\/td>\n<\/tr>\n<tr>\n<td>Capacidad de suministro<\/td>\n<td>500 piezas\/piezas por semana<\/td>\n<\/tr>\n<\/tbody>\n<\/table>","protected":false},"featured_media":4727,"comment_status":"open","ping_status":"closed","template":"","meta":{"_gspb_post_css":""},"product_brand":[],"product_cat":[1339],"product_tag":[1789,1534,1792,722,1790,1791],"class_list":{"0":"post-4720","1":"product","2":"type-product","3":"status-publish","4":"has-post-thumbnail","6":"product_cat-carbon-filter","7":"product_tag-activated-carbon-filter","8":"product_tag-inversafilterpurification","9":"product_tag-kitchen-water-filter","10":"product_tag-oem-water-filter","11":"product_tag-shower-water-filter","12":"product_tag-toilet-water-filter","14":"first","15":"instock","16":"shipping-taxable","17":"product-type-simple"},"_links":{"self":[{"href":"https:\/\/lyfilter.com\/es\/wp-json\/wp\/v2\/product\/4720","targetHints":{"allow":["GET"]}}],"collection":[{"href":"https:\/\/lyfilter.com\/es\/wp-json\/wp\/v2\/product"}],"about":[{"href":"https:\/\/lyfilter.com\/es\/wp-json\/wp\/v2\/types\/product"}],"replies":[{"embeddable":true,"href":"https:\/\/lyfilter.com\/es\/wp-json\/wp\/v2\/comments?post=4720"}],"wp:featuredmedia":[{"embeddable":true,"href":"https:\/\/lyfilter.com\/es\/wp-json\/wp\/v2\/media\/4727"}],"wp:attachment":[{"href":"https:\/\/lyfilter.com\/es\/wp-json\/wp\/v2\/media?parent=4720"}],"wp:term":[{"taxonomy":"product_brand","embeddable":true,"href":"https:\/\/lyfilter.com\/es\/wp-json\/wp\/v2\/product_brand?post=4720"},{"taxonomy":"product_cat","embeddable":true,"href":"https:\/\/lyfilter.com\/es\/wp-json\/wp\/v2\/product_cat?post=4720"},{"taxonomy":"product_tag","embeddable":true,"href":"https:\/\/lyfilter.com\/es\/wp-json\/wp\/v2\/product_tag?post=4720"}],"curies":[{"name":"wp","href":"https:\/\/api.w.org\/{rel}","templated":true}]}}