{"id":4712,"date":"2026-04-05T09:09:29","date_gmt":"2026-04-05T09:09:29","guid":{"rendered":"https:\/\/lyfilter.com\/"},"modified":"2026-04-05T09:09:30","modified_gmt":"2026-04-05T09:09:30","slug":"lvyuan-filter-newest-water-filter-element-suppliers-manufacturing-for-water","status":"publish","type":"product","link":"https:\/\/lyfilter.com\/es\/lvyuan-filter-newest-water-filter-element-suppliers-manufacturing-for-water\/","title":{"rendered":"Lvyuan filtro de agua m\u00e1s nuevo elemento de filtro de proveedores de fabricaci\u00f3n para el agua"},"content":{"rendered":"<p>Los elementos filtrantes de agua Lvyuan Filter est\u00e1n fabricados para un agua m\u00e1s limpia y un mantenimiento m\u00e1s sencillo. Reducen las impurezas, protegen el flujo y apoyan la purificaci\u00f3n fiable para hogares, lugares de trabajo y sistemas de tratamiento de agua con eficiencia duradera.<\/p>","protected":false},"excerpt":{"rendered":"<table>\n<thead>\n<tr>\n<th>Campo<\/th>\n<th>Valor<\/th>\n<\/tr>\n<\/thead>\n<tbody>\n<tr>\n<td>Lugar de origen<\/td>\n<td>Guangdong, China<\/td>\n<\/tr>\n<tr>\n<td>Marca<\/td>\n<td>Lvyuan, OEM, ODM<\/td>\n<\/tr>\n<tr>\n<td>Material<\/td>\n<td>pp fundido soplado, pp plisado<\/td>\n<\/tr>\n<tr>\n<td>Peso<\/td>\n<td>personalizado<\/td>\n<\/tr>\n<tr>\n<td>Talla<\/td>\n<td>personalizado<\/td>\n<\/tr>\n<tr>\n<td>Garant\u00eda<\/td>\n<td>No disponible<\/td>\n<\/tr>\n<tr>\n<td>Caracter\u00edstica<\/td>\n<td>aumento de la superficie de filtraci\u00f3n<\/td>\n<\/tr>\n<tr>\n<td>longitud<\/td>\n<td>20 pulgadas \/ 40 pulgadas \/ 60 pulgadas<\/td>\n<\/tr>\n<tr>\n<td>Certificaci\u00f3n<\/td>\n<td>SGS<\/td>\n<\/tr>\n<tr>\n<td>Forma<\/td>\n<td>cilindro<\/td>\n<\/tr>\n<tr>\n<td>Utilizaci\u00f3n<\/td>\n<td>tratamiento del agua<\/td>\n<\/tr>\n<tr>\n<td>Aplicaci\u00f3n<\/td>\n<td>industria<\/td>\n<\/tr>\n<tr>\n<td>Color<\/td>\n<td>blanco<\/td>\n<\/tr>\n<tr>\n<td>Embalaje<\/td>\n<td>caja de papel<\/td>\n<\/tr>\n<tr>\n<td>Otro nombre<\/td>\n<td>cartucho filtrante plegable<\/td>\n<\/tr>\n<tr>\n<td>Medio filtrante<\/td>\n<td>PP \/ pp fundido soplado \/ fibra de vidrio<\/td>\n<\/tr>\n<tr>\n<td>Servicio posventa<\/td>\n<td>Asistencia en l\u00ednea<\/td>\n<\/tr>\n<tr>\n<td>Capacidad de suministro<\/td>\n<td>5000 Piezas por semana<\/td>\n<\/tr>\n<\/tbody>\n<\/table>","protected":false},"featured_media":4715,"comment_status":"open","ping_status":"closed","template":"","meta":{"_gspb_post_css":""},"product_brand":[],"product_cat":[1202],"product_tag":[334,1242,1162,1173,1788,1182],"class_list":{"0":"post-4712","1":"product","2":"type-product","3":"status-publish","4":"has-post-thumbnail","6":"product_cat-filter-cartridge","7":"product_tag-industrial-water-filter","8":"product_tag-lvyuan-filter","9":"product_tag-replacement-water-filter","10":"product_tag-water-filter-cartridge-supplier","11":"product_tag-water-filter-element","12":"product_tag-water-purification-filter","14":"first","15":"instock","16":"shipping-taxable","17":"product-type-simple"},"_links":{"self":[{"href":"https:\/\/lyfilter.com\/es\/wp-json\/wp\/v2\/product\/4712","targetHints":{"allow":["GET"]}}],"collection":[{"href":"https:\/\/lyfilter.com\/es\/wp-json\/wp\/v2\/product"}],"about":[{"href":"https:\/\/lyfilter.com\/es\/wp-json\/wp\/v2\/types\/product"}],"replies":[{"embeddable":true,"href":"https:\/\/lyfilter.com\/es\/wp-json\/wp\/v2\/comments?post=4712"}],"wp:featuredmedia":[{"embeddable":true,"href":"https:\/\/lyfilter.com\/es\/wp-json\/wp\/v2\/media\/4715"}],"wp:attachment":[{"href":"https:\/\/lyfilter.com\/es\/wp-json\/wp\/v2\/media?parent=4712"}],"wp:term":[{"taxonomy":"product_brand","embeddable":true,"href":"https:\/\/lyfilter.com\/es\/wp-json\/wp\/v2\/product_brand?post=4712"},{"taxonomy":"product_cat","embeddable":true,"href":"https:\/\/lyfilter.com\/es\/wp-json\/wp\/v2\/product_cat?post=4712"},{"taxonomy":"product_tag","embeddable":true,"href":"https:\/\/lyfilter.com\/es\/wp-json\/wp\/v2\/product_tag?post=4712"}],"curies":[{"name":"wp","href":"https:\/\/api.w.org\/{rel}","templated":true}]}}