{"id":4703,"date":"2026-04-05T07:37:19","date_gmt":"2026-04-05T07:37:19","guid":{"rendered":"https:\/\/lyfilter.com\/"},"modified":"2026-04-05T07:37:19","modified_gmt":"2026-04-05T07:37:19","slug":"oem-size-activated-carbon-water-filter-for-drinking-water-chlorine-removal","status":"publish","type":"product","link":"https:\/\/lyfilter.com\/es\/oem-size-activated-carbon-water-filter-for-drinking-water-chlorine-removal\/","title":{"rendered":"Tama\u00f1o del OEM filtro de agua de carb\u00f3n activado para la eliminaci\u00f3n de cloro del agua potable"},"content":{"rendered":"<p>Fabricado para sistemas de agua potable, este filtro de carb\u00f3n activado de tama\u00f1o OEM ayuda a reducir el cloro, favorece un sabor m\u00e1s limpio y se ajusta con seguridad. InversaFilterPurification ofrece una opci\u00f3n pr\u00e1ctica para la filtraci\u00f3n constante y el uso dom\u00e9stico diario.<\/p>","protected":false},"excerpt":{"rendered":"<table>\n<thead>\n<tr>\n<th>Servicio post garant\u00eda<\/th>\n<th>Asistencia en l\u00ednea<\/th>\n<th>Ubicaci\u00f3n del servicio local<\/th>\n<th>ninguno<\/th>\n<th>Ubicaci\u00f3n de la sala de exposiciones<\/th>\n<th>ninguno<\/th>\n<\/tr>\n<\/thead>\n<tbody>\n<tr>\n<td>V\u00eddeo de la inspecci\u00f3n de salida<\/td>\n<td>Proporcionado<\/td>\n<td>Informe de ensayo de maquinaria<\/td>\n<td>Proporcionado<\/td>\n<td>Tipo de comercializaci\u00f3n<\/td>\n<td>Producto ordinario<\/td>\n<\/tr>\n<tr>\n<td>Garant\u00eda de los componentes principales<\/td>\n<td>3 meses<\/td>\n<td>Componentes b\u00e1sicos<\/td>\n<td>Recipiente a presi\u00f3n<\/td>\n<td>Lugar de origen<\/td>\n<td>Guangdong, China<\/td>\n<\/tr>\n<tr>\n<td>Marca<\/td>\n<td>Lvyuan u OEM\/ ODM<\/td>\n<td>Material<\/td>\n<td>carb\u00f3n de coco, carb\u00f3n de coco, carb\u00f3n de hulla<\/td>\n<td>Peso<\/td>\n<td>personalizado<\/td>\n<\/tr>\n<tr>\n<td>Talla<\/td>\n<td>a medida, personalizado<\/td>\n<td>Potencia<\/td>\n<td>0<\/td>\n<td>Garant\u00eda<\/td>\n<td>No disponible<\/td>\n<\/tr>\n<tr>\n<td>Palabras clave<\/td>\n<td>filtro de agua de carb\u00f3n activo<\/td>\n<td>Servicio posventa<\/td>\n<td>Asistencia en l\u00ednea<\/td>\n<td>Caracter\u00edstica<\/td>\n<td>eliminar olores,sedimentos,olores,etc<\/td>\n<\/tr>\n<tr>\n<td>Aplicaci\u00f3n<\/td>\n<td>Prefiltraci\u00f3n<\/td>\n<td>Color<\/td>\n<td>Negro\/gris<\/td>\n<td>Tipo<\/td>\n<td>Piezas de filtros de agua<\/td>\n<\/tr>\n<tr>\n<td>Di\u00e1metro<\/td>\n<td>personalizado<\/td>\n<td>tasa de micras<\/td>\n<td>5\/10\/25 micras<\/td>\n<td>Capacidad de suministro<\/td>\n<td>500 piezas\/piezas por semana<\/td>\n<\/tr>\n<\/tbody>\n<\/table>","protected":false},"featured_media":4704,"comment_status":"open","ping_status":"closed","template":"","meta":{"_gspb_post_css":""},"product_brand":[],"product_cat":[1339],"product_tag":[1755,1781,1534,1780,1136,1165],"class_list":{"0":"post-4703","1":"product","2":"type-product","3":"status-publish","4":"has-post-thumbnail","6":"product_cat-carbon-filter","7":"product_tag-carbon-block-filter-cartridge","8":"product_tag-drinking-water-chlorine-removal","9":"product_tag-inversafilterpurification","10":"product_tag-oem-activated-carbon-water-filter","11":"product_tag-water-filter-locks","12":"product_tag-water-purifier-filter","14":"first","15":"instock","16":"shipping-taxable","17":"product-type-simple"},"_links":{"self":[{"href":"https:\/\/lyfilter.com\/es\/wp-json\/wp\/v2\/product\/4703","targetHints":{"allow":["GET"]}}],"collection":[{"href":"https:\/\/lyfilter.com\/es\/wp-json\/wp\/v2\/product"}],"about":[{"href":"https:\/\/lyfilter.com\/es\/wp-json\/wp\/v2\/types\/product"}],"replies":[{"embeddable":true,"href":"https:\/\/lyfilter.com\/es\/wp-json\/wp\/v2\/comments?post=4703"}],"wp:featuredmedia":[{"embeddable":true,"href":"https:\/\/lyfilter.com\/es\/wp-json\/wp\/v2\/media\/4704"}],"wp:attachment":[{"href":"https:\/\/lyfilter.com\/es\/wp-json\/wp\/v2\/media?parent=4703"}],"wp:term":[{"taxonomy":"product_brand","embeddable":true,"href":"https:\/\/lyfilter.com\/es\/wp-json\/wp\/v2\/product_brand?post=4703"},{"taxonomy":"product_cat","embeddable":true,"href":"https:\/\/lyfilter.com\/es\/wp-json\/wp\/v2\/product_cat?post=4703"},{"taxonomy":"product_tag","embeddable":true,"href":"https:\/\/lyfilter.com\/es\/wp-json\/wp\/v2\/product_tag?post=4703"}],"curies":[{"name":"wp","href":"https:\/\/api.w.org\/{rel}","templated":true}]}}