{"id":4699,"date":"2026-04-05T07:25:28","date_gmt":"2026-04-05T07:25:28","guid":{"rendered":"https:\/\/lyfilter.com\/"},"modified":"2026-04-05T07:25:28","modified_gmt":"2026-04-05T07:25:28","slug":"china-factory-stainless-steel-sintered-folding-filter-tube","status":"publish","type":"product","link":"https:\/\/lyfilter.com\/es\/china-factory-stainless-steel-sintered-folding-filter-tube\/","title":{"rendered":"China F\u00e1brica de acero inoxidable sinterizado plegable filtro de tubo"},"content":{"rendered":"<p>Fabricado para trabajos de filtraci\u00f3n exigentes, este tubo filtrante plegable sinterizado de acero inoxidable ofrece un ajuste seguro, un flujo constante y un uso duradero. InversaFilterPurification ayuda a los sistemas a mantenerse m\u00e1s limpios, m\u00e1s suaves y m\u00e1s f\u00e1ciles de mantener en funcionamiento a diario.<\/p>","protected":false},"excerpt":{"rendered":"<table>\n<thead>\n<tr>\n<th>Servicio post garant\u00eda<\/th>\n<th>Asistencia en l\u00ednea<\/th>\n<th>Ubicaci\u00f3n del servicio local<\/th>\n<th>ninguno<\/th>\n<th>Ubicaci\u00f3n de la sala de exposiciones<\/th>\n<th>ninguno<\/th>\n<\/tr>\n<\/thead>\n<tbody>\n<tr>\n<td>V\u00eddeo de la inspecci\u00f3n de salida<\/td>\n<td>Proporcionado<\/td>\n<td>Informe de ensayo de maquinaria<\/td>\n<td>Proporcionado<\/td>\n<td>Tipo de comercializaci\u00f3n<\/td>\n<td>Producto ordinario<\/td>\n<\/tr>\n<tr>\n<td>Garant\u00eda de los componentes principales<\/td>\n<td>1 a\u00f1o<\/td>\n<td>Componentes b\u00e1sicos<\/td>\n<td>Recipiente a presi\u00f3n<\/td>\n<td>Lugar de origen<\/td>\n<td>Guangdong, China<\/td>\n<\/tr>\n<tr>\n<td>Marca<\/td>\n<td>Lvyuan,OEM,ODM<\/td>\n<td>Garant\u00eda<\/td>\n<td>No disponible<\/td>\n<td>Servicio posventa<\/td>\n<td>Asistencia en l\u00ednea<\/td>\n<\/tr>\n<tr>\n<td>Palabras clave<\/td>\n<td>tubo filtrante plegable sinterizado de acero inoxidable<\/td>\n<td>Di\u00e1metro<\/td>\n<td>Demanda del cliente<\/td>\n<td>Material<\/td>\n<td>acero inoxidable<\/td>\n<\/tr>\n<tr>\n<td>Forma<\/td>\n<td>cilindro<\/td>\n<td>Utilizaci\u00f3n<\/td>\n<td>tratamiento del agua<\/td>\n<td>Aplicaci\u00f3n<\/td>\n<td>industria<\/td>\n<\/tr>\n<tr>\n<td>Color<\/td>\n<td>astilla<\/td>\n<td>Embalaje<\/td>\n<td>caja de papel<\/td>\n<td>longitud<\/td>\n<td>10\/20\/30\/40 pulgadas<\/td>\n<\/tr>\n<tr>\n<td>Ventaja<\/td>\n<td>reutilizar<\/td>\n<td>Capacidad de suministro<\/td>\n<td>10000 Piezas\/Pieza por Mes<\/td>\n<td><\/td>\n<td><\/td>\n<\/tr>\n<\/tbody>\n<\/table>","protected":false},"featured_media":4700,"comment_status":"open","ping_status":"closed","template":"","meta":{"_gspb_post_css":""},"product_brand":[],"product_cat":[1205],"product_tag":[1778,1777,1757,1534,1776,1136],"class_list":{"0":"post-4699","1":"product","2":"type-product","3":"status-publish","4":"has-post-thumbnail","6":"product_cat-stainless-steel-sintered-filter-cartridge","7":"product_tag-china-filter-factory","8":"product_tag-folding-filter-tube","9":"product_tag-industrial-metal-filter-cartridge","10":"product_tag-inversafilterpurification","11":"product_tag-stainless-steel-sintered-filter-tube","12":"product_tag-water-filter-locks","14":"first","15":"instock","16":"shipping-taxable","17":"product-type-simple"},"_links":{"self":[{"href":"https:\/\/lyfilter.com\/es\/wp-json\/wp\/v2\/product\/4699","targetHints":{"allow":["GET"]}}],"collection":[{"href":"https:\/\/lyfilter.com\/es\/wp-json\/wp\/v2\/product"}],"about":[{"href":"https:\/\/lyfilter.com\/es\/wp-json\/wp\/v2\/types\/product"}],"replies":[{"embeddable":true,"href":"https:\/\/lyfilter.com\/es\/wp-json\/wp\/v2\/comments?post=4699"}],"wp:featuredmedia":[{"embeddable":true,"href":"https:\/\/lyfilter.com\/es\/wp-json\/wp\/v2\/media\/4700"}],"wp:attachment":[{"href":"https:\/\/lyfilter.com\/es\/wp-json\/wp\/v2\/media?parent=4699"}],"wp:term":[{"taxonomy":"product_brand","embeddable":true,"href":"https:\/\/lyfilter.com\/es\/wp-json\/wp\/v2\/product_brand?post=4699"},{"taxonomy":"product_cat","embeddable":true,"href":"https:\/\/lyfilter.com\/es\/wp-json\/wp\/v2\/product_cat?post=4699"},{"taxonomy":"product_tag","embeddable":true,"href":"https:\/\/lyfilter.com\/es\/wp-json\/wp\/v2\/product_tag?post=4699"}],"curies":[{"name":"wp","href":"https:\/\/api.w.org\/{rel}","templated":true}]}}