{"id":4697,"date":"2026-04-05T07:21:21","date_gmt":"2026-04-05T07:21:21","guid":{"rendered":"https:\/\/lyfilter.com\/"},"modified":"2026-04-05T07:21:21","modified_gmt":"2026-04-05T07:21:21","slug":"movable-stainless-steel-water-liquid-oil-wine-beer-honey-bag-filter-machine-with-1-2-3-4-5-stage-purification","status":"publish","type":"product","link":"https:\/\/lyfilter.com\/es\/movable-stainless-steel-water-liquid-oil-wine-beer-honey-bag-filter-machine-with-1-2-3-4-5-stage-purification\/","title":{"rendered":"M\u00e1quina m\u00f3vil del filtro de bolso del agua\/l\u00edquido\/aceite\/vino\/cerveza\/miel del acero inoxidable con la purificaci\u00f3n de la etapa 1\/2\/3\/4\/5"},"content":{"rendered":"<p>Construida para una filtraci\u00f3n flexible, esta m\u00e1quina m\u00f3vil de filtraci\u00f3n de bolsas de acero inoxidable procesa agua, aceite, vino, cerveza y miel con un flujo y transporte constantes. InversaFilterPurification admite un procesamiento m\u00e1s limpio con opciones de etapas inteligentes.<\/p>","protected":false},"excerpt":{"rendered":"<table>\n<thead>\n<tr>\n<th>Servicio post garant\u00eda<\/th>\n<th>Asistencia en l\u00ednea<\/th>\n<th>Ubicaci\u00f3n del servicio local<\/th>\n<th>ninguno<\/th>\n<th>Ubicaci\u00f3n de la sala de exposiciones<\/th>\n<th>ninguno<\/th>\n<\/tr>\n<\/thead>\n<tbody>\n<tr>\n<td>V\u00eddeo de la inspecci\u00f3n de salida<\/td>\n<td>Proporcionado<\/td>\n<td>Informe de ensayo de maquinaria<\/td>\n<td>Proporcionado<\/td>\n<td>Tipo de comercializaci\u00f3n<\/td>\n<td>Producto ordinario<\/td>\n<\/tr>\n<tr>\n<td>Garant\u00eda de los componentes principales<\/td>\n<td>1 a\u00f1o<\/td>\n<td>Componentes b\u00e1sicos<\/td>\n<td>Recipiente a presi\u00f3n<\/td>\n<td>Lugar de origen<\/td>\n<td>China<\/td>\n<\/tr>\n<tr>\n<td>Marca<\/td>\n<td>Lvyuan \/ OEM<\/td>\n<td>Garant\u00eda<\/td>\n<td>No disponible<\/td>\n<td>Servicio posventa<\/td>\n<td>Asistencia en l\u00ednea<\/td>\n<\/tr>\n<tr>\n<td>Nombre del producto<\/td>\n<td>m\u00e1quina filtradora de vino<\/td>\n<td>material de la carcasa<\/td>\n<td>ss304, sus 316, ss316L<\/td>\n<td>filtros de bolsa cantidad<\/td>\n<td>Bolsas individuales o m\u00faltiples personalizadas<\/td>\n<\/tr>\n<tr>\n<td>Tama\u00f1o de la bolsa<\/td>\n<td>180<em>450 mm o 180<\/em>810 mm, otros<\/td>\n<td>Tipo de entrada y salida<\/td>\n<td>Conexi\u00f3n brida\/rosca<\/td>\n<td>Bolsa filtrante Material<\/td>\n<td>PP, PE, a medida<\/td>\n<\/tr>\n<tr>\n<td>Presi\u00f3n m\u00e1x. de trabajo<\/td>\n<td>100\/150\/300 Psi<\/td>\n<td>Utilizaci\u00f3n<\/td>\n<td>filtraci\u00f3n de l\u00edquidos<\/td>\n<td>N\u00famero de bolsa<\/td>\n<td>#1, 2, 3, 4, 5, OEM<\/td>\n<\/tr>\n<tr>\n<td>vivienda clousure by<\/td>\n<td>perno r\u00e1pido, abrazadera, brida<\/td>\n<td>Capacidad de suministro<\/td>\n<td>1500 Piezas \/ Mes m\u00e1quina de filtro de aceite<\/td>\n<td><\/td>\n<td><\/td>\n<\/tr>\n<\/tbody>\n<\/table>","protected":false},"featured_media":4698,"comment_status":"open","ping_status":"closed","template":"","meta":{"_gspb_post_css":""},"product_brand":[],"product_cat":[15],"product_tag":[1534,1773,1774,1772,1136,1775],"class_list":{"0":"post-4697","1":"product","2":"type-product","3":"status-publish","4":"has-post-thumbnail","6":"product_cat-stainless-steel-filter-housing","7":"product_tag-inversafilterpurification","8":"product_tag-movable-liquid-filter-system","9":"product_tag-multi-stage-purification-filter","10":"product_tag-stainless-steel-bag-filter-machine","11":"product_tag-water-filter-locks","12":"product_tag-wine-beer-honey-filter","14":"first","15":"instock","16":"shipping-taxable","17":"product-type-simple"},"_links":{"self":[{"href":"https:\/\/lyfilter.com\/es\/wp-json\/wp\/v2\/product\/4697","targetHints":{"allow":["GET"]}}],"collection":[{"href":"https:\/\/lyfilter.com\/es\/wp-json\/wp\/v2\/product"}],"about":[{"href":"https:\/\/lyfilter.com\/es\/wp-json\/wp\/v2\/types\/product"}],"replies":[{"embeddable":true,"href":"https:\/\/lyfilter.com\/es\/wp-json\/wp\/v2\/comments?post=4697"}],"wp:featuredmedia":[{"embeddable":true,"href":"https:\/\/lyfilter.com\/es\/wp-json\/wp\/v2\/media\/4698"}],"wp:attachment":[{"href":"https:\/\/lyfilter.com\/es\/wp-json\/wp\/v2\/media?parent=4697"}],"wp:term":[{"taxonomy":"product_brand","embeddable":true,"href":"https:\/\/lyfilter.com\/es\/wp-json\/wp\/v2\/product_brand?post=4697"},{"taxonomy":"product_cat","embeddable":true,"href":"https:\/\/lyfilter.com\/es\/wp-json\/wp\/v2\/product_cat?post=4697"},{"taxonomy":"product_tag","embeddable":true,"href":"https:\/\/lyfilter.com\/es\/wp-json\/wp\/v2\/product_tag?post=4697"}],"curies":[{"name":"wp","href":"https:\/\/api.w.org\/{rel}","templated":true}]}}