{"id":4695,"date":"2026-04-05T07:18:46","date_gmt":"2026-04-05T07:18:46","guid":{"rendered":"https:\/\/lyfilter.com\/"},"modified":"2026-04-05T07:18:46","modified_gmt":"2026-04-05T07:18:46","slug":"lvyuan-high-quality-pleated-water-filter-cartridge-suppliers-for-sea-water","status":"publish","type":"product","link":"https:\/\/lyfilter.com\/es\/lvyuan-high-quality-pleated-water-filter-cartridge-suppliers-for-sea-water\/","title":{"rendered":"Lvyuan Alta Calidad Plisado Cartucho De Filtro De Agua Proveedores Para El Agua De Mar"},"content":{"rendered":"<p>Construido para la filtraci\u00f3n de agua de mar, este cartucho de filtro de agua plisado Lvyuan soporta flujo estable, ajuste seguro y captura de part\u00edculas fiable. InversaFilterPurification ayuda a mantener los sistemas industriales m\u00e1s limpio y m\u00e1s f\u00e1cil de manejar.<\/p>","protected":false},"excerpt":{"rendered":"<table>\n<thead>\n<tr>\n<th>Lugar de origen<\/th>\n<th>Guangdong, China<\/th>\n<th>Marca<\/th>\n<th>Lvyuan,OEM,ODM<\/th>\n<th>Material<\/th>\n<th>pp<\/th>\n<\/tr>\n<\/thead>\n<tbody>\n<tr>\n<td>Peso<\/td>\n<td>personalizado<\/td>\n<td>Talla<\/td>\n<td>personalizado, slim, jumbo<\/td>\n<td>Potencia<\/td>\n<td>0<\/td>\n<\/tr>\n<tr>\n<td>Garant\u00eda<\/td>\n<td>No disponible<\/td>\n<td>Caracter\u00edstica<\/td>\n<td>aumento de la superficie de filtraci\u00f3n<\/td>\n<td>Certificaci\u00f3n<\/td>\n<td>SGS<\/td>\n<\/tr>\n<tr>\n<td>Forma<\/td>\n<td>cilindro<\/td>\n<td>Utilizaci\u00f3n<\/td>\n<td>tratamiento del agua<\/td>\n<td>Aplicaci\u00f3n<\/td>\n<td>industria<\/td>\n<\/tr>\n<tr>\n<td>Color<\/td>\n<td>blanco<\/td>\n<td>Embalaje<\/td>\n<td>caja de papel<\/td>\n<td>Otro nombre<\/td>\n<td>cartucho filtrante plegable<\/td>\n<\/tr>\n<tr>\n<td>OD<\/td>\n<td>69 mm<\/td>\n<td>Servicio posventa<\/td>\n<td>Asistencia en l\u00ednea<\/td>\n<td>Capacidad de suministro<\/td>\n<td>500 piezas\/piezas por semana<\/td>\n<\/tr>\n<\/tbody>\n<\/table>","protected":false},"featured_media":4696,"comment_status":"open","ping_status":"closed","template":"","meta":{"_gspb_post_css":""},"product_brand":[],"product_cat":[21],"product_tag":[1770,1534,1475,1771,1293,1136],"class_list":{"0":"post-4695","1":"product","2":"type-product","3":"status-publish","4":"has-post-thumbnail","6":"product_cat-pleated-filter-cartridge","7":"product_tag-industrial-water-filter-supplier","8":"product_tag-inversafilterpurification","9":"product_tag-lvyuan-pleated-water-filter-cartridge","10":"product_tag-pleated-filter-for-marine-use","11":"product_tag-sea-water-filter-cartridge","12":"product_tag-water-filter-locks","14":"first","15":"instock","16":"shipping-taxable","17":"product-type-simple"},"_links":{"self":[{"href":"https:\/\/lyfilter.com\/es\/wp-json\/wp\/v2\/product\/4695","targetHints":{"allow":["GET"]}}],"collection":[{"href":"https:\/\/lyfilter.com\/es\/wp-json\/wp\/v2\/product"}],"about":[{"href":"https:\/\/lyfilter.com\/es\/wp-json\/wp\/v2\/types\/product"}],"replies":[{"embeddable":true,"href":"https:\/\/lyfilter.com\/es\/wp-json\/wp\/v2\/comments?post=4695"}],"wp:featuredmedia":[{"embeddable":true,"href":"https:\/\/lyfilter.com\/es\/wp-json\/wp\/v2\/media\/4696"}],"wp:attachment":[{"href":"https:\/\/lyfilter.com\/es\/wp-json\/wp\/v2\/media?parent=4695"}],"wp:term":[{"taxonomy":"product_brand","embeddable":true,"href":"https:\/\/lyfilter.com\/es\/wp-json\/wp\/v2\/product_brand?post=4695"},{"taxonomy":"product_cat","embeddable":true,"href":"https:\/\/lyfilter.com\/es\/wp-json\/wp\/v2\/product_cat?post=4695"},{"taxonomy":"product_tag","embeddable":true,"href":"https:\/\/lyfilter.com\/es\/wp-json\/wp\/v2\/product_tag?post=4695"}],"curies":[{"name":"wp","href":"https:\/\/api.w.org\/{rel}","templated":true}]}}