{"id":4692,"date":"2026-04-05T07:15:49","date_gmt":"2026-04-05T07:15:49","guid":{"rendered":"https:\/\/lyfilter.com\/"},"modified":"2026-04-05T07:15:49","modified_gmt":"2026-04-05T07:15:49","slug":"hand-trolley-stainless-steel-10-microns-housing-filter-17-stage-304-316l-cartridge-water-filter-system-with-gas-air-driven-pump","status":"publish","type":"product","link":"https:\/\/lyfilter.com\/es\/hand-trolley-stainless-steel-10-microns-housing-filter-17-stage-304-316l-cartridge-water-filter-system-with-gas-air-driven-pump\/","title":{"rendered":"Carretilla de mano de acero inoxidable de 10 micras Carcasa del filtro 1 ~ 7 Etapa 304 316L cartucho de filtro de agua del sistema con gas de aire impulsado por bomba"},"content":{"rendered":"<p>Carretilla de mano de acero inoxidable de 10 micras filtro de la vivienda 1 ~ 7 etapa 304 316L sistema de filtro de agua de cartucho con bomba accionada por aire de gas. Filtro m\u00f3vil se compone de prefiltro, bomba de aceite y la unidad de filtraci\u00f3n, prefiltro para un<\/p>\n<p>malla met\u00e1lica, para evitar que el s\u00f3lido grande en la bomba, bomba de aceite es generalmente bomba de engranajes, para transportar el no purificada<\/p>\n<p>El dispositivo de filtraci\u00f3n es un peque\u00f1o filtro prensa de placas y bastidor de compresi\u00f3n manual,<\/p>\n<p>utilizando papel de filtro especial como medio filtrante. Bajo la ayuda de la presi\u00f3n de la bomba de aceite, el aceite sin purificar en el<\/p>\n<p>placa y marco filtro prensa, ser\u00e1 un aceite de filtro puro despu\u00e9s de que throughs el papel de filtro. Las impurezas s\u00f3lidas<\/p>\n<p>atrapada en la superficie del papel de filtro, una peque\u00f1a cantidad de agua es absorbida por el estoma de lana del papel de filtro.<\/p>\n<p>La presi\u00f3n de filtraci\u00f3n es normal no m\u00e1s de 0.3MPa, cuando hay demasiada impureza de deposici\u00f3n en el filtro<\/p>\n<p>superficie del papel, la presi\u00f3n del filtro se aumenta a 0,35 MPa, o cuando la humedad de absorci\u00f3n del papel de filtro es<\/p>\n<p>cerca del estado de saturaci\u00f3n, la humedad residual en el filtro de aceite ya no cae, se debe reemplazar el papel de filtro. Cuando el aceite tiene una alta viscosidad, se puede precalentar de nuevo, con el fin de reducir la viscosidad para su reutilizaci\u00f3n.<\/p>\n<p>Este tipo de m\u00e1quina de filtro de aceite puede eliminar las impurezas s\u00f3lidas y una peque\u00f1a cantidad de agua, es adecuado para el aceite el\u00e9ctrico en general y la refinaci\u00f3n de aceite lubricante.<\/p>","protected":false},"excerpt":{"rendered":"<table>\n<thead>\n<tr>\n<th>Industrias aplicables<\/th>\n<th>Planta de fabricaci\u00f3n, F\u00e1brica de alimentos y bebidas, Granjas, Restaurante, Tienda de alimentaci\u00f3n, Energ\u00eda y miner\u00eda, Tiendas de alimentos y bebidas<\/th>\n<th>Lugar de origen<\/th>\n<th>Guangdong, China<\/th>\n<th>Marca<\/th>\n<th>Lvyuan\/OEM<\/th>\n<\/tr>\n<\/thead>\n<tbody>\n<tr>\n<td>Material<\/td>\n<td>Personalizado<\/td>\n<td>Peso<\/td>\n<td>Personalizado<\/td>\n<td>Talla<\/td>\n<td>Personalizado<\/td>\n<\/tr>\n<tr>\n<td>Potencia<\/td>\n<td>Personalizado<\/td>\n<td>Garant\u00eda<\/td>\n<td>1 a\u00f1o<\/td>\n<td>Servicio posventa<\/td>\n<td>Asistencia en l\u00ednea<\/td>\n<\/tr>\n<tr>\n<td>Nombre del modelo<\/td>\n<td>Filtro con carcasa de acero inoxidable Sistema de filtro de agua de cartucho de 1~7 etapas<\/td>\n<td>Longitud<\/td>\n<td>10 pulgadas 20 pulgadas 30 pulgadas 40 pulgadas<\/td>\n<td>Utilizaci\u00f3n<\/td>\n<td>Filtraci\u00f3n de aceite\/gas\/aire\/agua l\u00edquida<\/td>\n<\/tr>\n<tr>\n<td>Material del cuerpo principal<\/td>\n<td>Acero inoxidable 304 \/ 316L<\/td>\n<td>Tipo de carcasa del filtro<\/td>\n<td>Tubular<\/td>\n<td>Principio<\/td>\n<td>Filtraci\u00f3n a presi\u00f3n<\/td>\n<\/tr>\n<tr>\n<td>Etapas<\/td>\n<td>1 - 7 etapas<\/td>\n<td>Embalaje<\/td>\n<td>Embalaje de malla o caja de madera<\/td>\n<td>Filtro<\/td>\n<td>Filtro de bolsa y filtro de cartucho<\/td>\n<\/tr>\n<tr>\n<td>Carrito<\/td>\n<td>Acero inoxidable 304\/316L<\/td>\n<td>Capacidad de suministro<\/td>\n<td>100 piezas\/d\u00eda<\/td>\n<td><\/td>\n<td><\/td>\n<\/tr>\n<\/tbody>\n<\/table>","protected":false},"featured_media":4693,"comment_status":"open","ping_status":"closed","template":"","meta":{"_gspb_post_css":""},"product_brand":[],"product_cat":[15],"product_tag":[1768,1769,1767,1534,292,1136],"class_list":{"0":"post-4692","1":"product","2":"type-product","3":"status-publish","4":"has-post-thumbnail","6":"product_cat-stainless-steel-filter-housing","7":"product_tag-10-micron-cartridge-filter","8":"product_tag-gas-air-driven-pump-filter","9":"product_tag-hand-trolley-water-filter-system","10":"product_tag-inversafilterpurification","11":"product_tag-stainless-steel-housing-filter","12":"product_tag-water-filter-locks","14":"first","15":"instock","16":"shipping-taxable","17":"product-type-simple"},"_links":{"self":[{"href":"https:\/\/lyfilter.com\/es\/wp-json\/wp\/v2\/product\/4692","targetHints":{"allow":["GET"]}}],"collection":[{"href":"https:\/\/lyfilter.com\/es\/wp-json\/wp\/v2\/product"}],"about":[{"href":"https:\/\/lyfilter.com\/es\/wp-json\/wp\/v2\/types\/product"}],"replies":[{"embeddable":true,"href":"https:\/\/lyfilter.com\/es\/wp-json\/wp\/v2\/comments?post=4692"}],"wp:featuredmedia":[{"embeddable":true,"href":"https:\/\/lyfilter.com\/es\/wp-json\/wp\/v2\/media\/4693"}],"wp:attachment":[{"href":"https:\/\/lyfilter.com\/es\/wp-json\/wp\/v2\/media?parent=4692"}],"wp:term":[{"taxonomy":"product_brand","embeddable":true,"href":"https:\/\/lyfilter.com\/es\/wp-json\/wp\/v2\/product_brand?post=4692"},{"taxonomy":"product_cat","embeddable":true,"href":"https:\/\/lyfilter.com\/es\/wp-json\/wp\/v2\/product_cat?post=4692"},{"taxonomy":"product_tag","embeddable":true,"href":"https:\/\/lyfilter.com\/es\/wp-json\/wp\/v2\/product_tag?post=4692"}],"curies":[{"name":"wp","href":"https:\/\/api.w.org\/{rel}","templated":true}]}}