{"id":4667,"date":"2026-04-05T06:52:45","date_gmt":"2026-04-05T06:52:45","guid":{"rendered":"https:\/\/lyfilter.com\/"},"modified":"2026-04-05T06:52:45","modified_gmt":"2026-04-05T06:52:45","slug":"industrial-high-pressure-metal-filter-cartridges-stainless-steel-cartridge","status":"publish","type":"product","link":"https:\/\/lyfilter.com\/es\/industrial-high-pressure-metal-filter-cartridges-stainless-steel-cartridge\/","title":{"rendered":"Cartuchos filtrantes met\u00e1licos industriales de alta presi\u00f3n Cartucho de acero inoxidable"},"content":{"rendered":"<p>Fabricado para trabajos de filtraci\u00f3n exigentes, este cartucho de acero inoxidable soporta condiciones de alta presi\u00f3n con un ajuste seguro y un flujo constante. InversaFilterPurification ayuda a los sistemas industriales a mantenerse m\u00e1s limpios, resistentes y f\u00e1ciles de mantener.<\/p>","protected":false},"excerpt":{"rendered":"<table>\n<thead>\n<tr>\n<th>Servicio post garant\u00eda<\/th>\n<th>Asistencia en l\u00ednea<\/th>\n<th>Ubicaci\u00f3n del servicio local<\/th>\n<th>ninguno<\/th>\n<th>Ubicaci\u00f3n de la sala de exposiciones<\/th>\n<th>ninguno<\/th>\n<\/tr>\n<\/thead>\n<tbody>\n<tr>\n<td>V\u00eddeo de la inspecci\u00f3n de salida<\/td>\n<td>Proporcionado<\/td>\n<td>Informe de ensayo de maquinaria<\/td>\n<td>Proporcionado<\/td>\n<td>Tipo de comercializaci\u00f3n<\/td>\n<td>Producto ordinario<\/td>\n<\/tr>\n<tr>\n<td>Garant\u00eda de los componentes principales<\/td>\n<td>1 a\u00f1o<\/td>\n<td>Componentes b\u00e1sicos<\/td>\n<td>Recipiente a presi\u00f3n<\/td>\n<td>Lugar de origen<\/td>\n<td>Guangdong, China<\/td>\n<\/tr>\n<tr>\n<td>Marca<\/td>\n<td>Lvyuan\/OEM<\/td>\n<td>Garant\u00eda<\/td>\n<td>1 a\u00f1o<\/td>\n<td>Servicio posventa<\/td>\n<td>Asistencia en l\u00ednea<\/td>\n<\/tr>\n<tr>\n<td>Palabras clave<\/td>\n<td>filtro de cartucho inoxidable industrial<\/td>\n<td>Di\u00e1metro<\/td>\n<td>Demanda del cliente<\/td>\n<td>Material<\/td>\n<td>acero inoxidable<\/td>\n<\/tr>\n<tr>\n<td>Forma<\/td>\n<td>cilindro<\/td>\n<td>Utilizaci\u00f3n<\/td>\n<td>tratamiento del agua<\/td>\n<td>Aplicaci\u00f3n<\/td>\n<td>industria<\/td>\n<\/tr>\n<tr>\n<td>Color<\/td>\n<td>astilla<\/td>\n<td>Embalaje<\/td>\n<td>caja de papel<\/td>\n<td>longitud<\/td>\n<td>10\/20\/30\/40 pulgadas<\/td>\n<\/tr>\n<tr>\n<td>Ventaja<\/td>\n<td>reutilizar<\/td>\n<td><\/td>\n<td><\/td>\n<td><\/td>\n<td><\/td>\n<\/tr>\n<\/tbody>\n<\/table>","protected":false},"featured_media":4674,"comment_status":"open","ping_status":"closed","template":"","meta":{"_gspb_post_css":""},"product_brand":[],"product_cat":[18],"product_tag":[1759,1757,38,1534,1758,1136],"class_list":{"0":"post-4667","1":"product","2":"type-product","3":"status-publish","4":"has-post-thumbnail","6":"product_cat-sintered-metal-filters","7":"product_tag-high-pressure-filter-cartridge","8":"product_tag-industrial-metal-filter-cartridge","9":"product_tag-industrial-water-filtration","10":"product_tag-inversafilterpurification","11":"product_tag-stainless-steel-cartridge","12":"product_tag-water-filter-locks","14":"first","15":"instock","16":"shipping-taxable","17":"product-type-simple"},"_links":{"self":[{"href":"https:\/\/lyfilter.com\/es\/wp-json\/wp\/v2\/product\/4667","targetHints":{"allow":["GET"]}}],"collection":[{"href":"https:\/\/lyfilter.com\/es\/wp-json\/wp\/v2\/product"}],"about":[{"href":"https:\/\/lyfilter.com\/es\/wp-json\/wp\/v2\/types\/product"}],"replies":[{"embeddable":true,"href":"https:\/\/lyfilter.com\/es\/wp-json\/wp\/v2\/comments?post=4667"}],"wp:featuredmedia":[{"embeddable":true,"href":"https:\/\/lyfilter.com\/es\/wp-json\/wp\/v2\/media\/4674"}],"wp:attachment":[{"href":"https:\/\/lyfilter.com\/es\/wp-json\/wp\/v2\/media?parent=4667"}],"wp:term":[{"taxonomy":"product_brand","embeddable":true,"href":"https:\/\/lyfilter.com\/es\/wp-json\/wp\/v2\/product_brand?post=4667"},{"taxonomy":"product_cat","embeddable":true,"href":"https:\/\/lyfilter.com\/es\/wp-json\/wp\/v2\/product_cat?post=4667"},{"taxonomy":"product_tag","embeddable":true,"href":"https:\/\/lyfilter.com\/es\/wp-json\/wp\/v2\/product_tag?post=4667"}],"curies":[{"name":"wp","href":"https:\/\/api.w.org\/{rel}","templated":true}]}}