{"id":4662,"date":"2026-04-05T06:49:02","date_gmt":"2026-04-05T06:49:02","guid":{"rendered":"https:\/\/lyfilter.com\/"},"modified":"2026-04-05T06:49:02","modified_gmt":"2026-04-05T06:49:02","slug":"lvyuan-water-filter-wholesaler-for-industrysafe-carbon-block-filter-cartridge-exporter-for-water-purifier","status":"publish","type":"product","link":"https:\/\/lyfilter.com\/es\/lvyuan-water-filter-wholesaler-for-industrysafe-carbon-block-filter-cartridge-exporter-for-water-purifier\/","title":{"rendered":"Lvyuan Filtro De Agua Mayorista Para Industrysafe Cartucho De Filtro De Carb\u00f3n De Bloque Exportador Para Purificador De Agua"},"content":{"rendered":"<p><b>Ventajas de la empresa<\/b><br \/>\n<b>1.<\/b>\u00a0El cartucho filtrante de carb\u00f3n activado en bloque de Lvyuan se fabrica con materiales de primera calidad y trabajadores profesionales. Configuraciones de tapa de extremo personalizados est\u00e1n disponibles para adaptarse a requisitos espec\u00edficos.<br \/>\n<b>2.<\/b>\u00a0La firme conciencia de la calidad es tambi\u00e9n un factor que contribuye a la alta calidad del cartucho de filtro de bloque de carb\u00f3n. Tiene una gran \u00e1rea efectiva de filtrado<br \/>\n<b>3.<\/b>\u00a0El cartucho filtrante de bloque de carb\u00f3n activado optimiza las funciones del cartucho filtrante de bloque de carb\u00f3n, lo que tambi\u00e9n mejora la eficacia. Est\u00e1 dise\u00f1ado con poros graduados para ayudar a atrapar los contaminantes en toda la secci\u00f3n transversal para mejorar la eficiencia<br \/>\n<b>4.<\/b>\u00a0Lvyuan adopta la experiencia desarrollada avanzada para hacer el mantenimiento del cartucho de filtro de bloque de carb\u00f3n f\u00e1cil. Su medio filtrante es personalizable de acuerdo a la diferente calidad del agua en la aplicaci\u00f3n.<\/p>","protected":false},"excerpt":{"rendered":"<table>\n<thead>\n<tr>\n<th>Industrias aplicables<\/th>\n<th>Planta de fabricaci\u00f3n, f\u00e1brica de alimentos y bebidas, tratamiento de aguas<\/th>\n<th>Servicio post garant\u00eda<\/th>\n<th>Asistencia en l\u00ednea<\/th>\n<th>Ubicaci\u00f3n del servicio local<\/th>\n<th>ninguno<\/th>\n<\/tr>\n<\/thead>\n<tbody>\n<tr>\n<td>Ubicaci\u00f3n de la sala de exposiciones<\/td>\n<td>ninguno<\/td>\n<td>Lugar de origen<\/td>\n<td>Guangdong, China<\/td>\n<td>Marca<\/td>\n<td>Lvyuan u OEM\/ ODM<\/td>\n<\/tr>\n<tr>\n<td>Material<\/td>\n<td>carb\u00f3n de coco, carb\u00f3n de coco, carb\u00f3n de hulla<\/td>\n<td>Peso<\/td>\n<td>personalizado<\/td>\n<td>Talla<\/td>\n<td>a medida, personalizado<\/td>\n<\/tr>\n<tr>\n<td>Potencia<\/td>\n<td>0<\/td>\n<td>Garant\u00eda<\/td>\n<td>No disponible<\/td>\n<td>Palabras clave<\/td>\n<td>filtro de carb\u00f3n activado de c\u00e1scara de coco<\/td>\n<\/tr>\n<tr>\n<td>Servicio posventa<\/td>\n<td>Asistencia en l\u00ednea<\/td>\n<td>Caracter\u00edstica<\/td>\n<td>eliminar olores,sedimentos,olores,etc<\/td>\n<td>Aplicaci\u00f3n<\/td>\n<td>Prefiltraci\u00f3n<\/td>\n<\/tr>\n<tr>\n<td>Color<\/td>\n<td>Negro\/gris<\/td>\n<td>Tipo<\/td>\n<td>Piezas de filtros de agua<\/td>\n<td>Di\u00e1metro<\/td>\n<td>personalizado<\/td>\n<\/tr>\n<tr>\n<td>tasa de micras<\/td>\n<td>5\/10\/25 micras<\/td>\n<td>Capacidad de suministro<\/td>\n<td>500 piezas\/piezas por semana<\/td>\n<td><\/td>\n<td><\/td>\n<\/tr>\n<\/tbody>\n<\/table>","protected":false},"featured_media":4665,"comment_status":"open","ping_status":"closed","template":"","meta":{"_gspb_post_css":""},"product_brand":[],"product_cat":[1339],"product_tag":[1755,38,1534,1176,1136,1756],"class_list":{"0":"post-4662","1":"product","2":"type-product","3":"status-publish","4":"has-post-thumbnail","6":"product_cat-carbon-filter","7":"product_tag-carbon-block-filter-cartridge","8":"product_tag-industrial-water-filtration","9":"product_tag-inversafilterpurification","10":"product_tag-lvyuan-water-filter","11":"product_tag-water-filter-locks","12":"product_tag-water-purifier-filter-exporter","14":"first","15":"instock","16":"shipping-taxable","17":"product-type-simple"},"_links":{"self":[{"href":"https:\/\/lyfilter.com\/es\/wp-json\/wp\/v2\/product\/4662","targetHints":{"allow":["GET"]}}],"collection":[{"href":"https:\/\/lyfilter.com\/es\/wp-json\/wp\/v2\/product"}],"about":[{"href":"https:\/\/lyfilter.com\/es\/wp-json\/wp\/v2\/types\/product"}],"replies":[{"embeddable":true,"href":"https:\/\/lyfilter.com\/es\/wp-json\/wp\/v2\/comments?post=4662"}],"wp:featuredmedia":[{"embeddable":true,"href":"https:\/\/lyfilter.com\/es\/wp-json\/wp\/v2\/media\/4665"}],"wp:attachment":[{"href":"https:\/\/lyfilter.com\/es\/wp-json\/wp\/v2\/media?parent=4662"}],"wp:term":[{"taxonomy":"product_brand","embeddable":true,"href":"https:\/\/lyfilter.com\/es\/wp-json\/wp\/v2\/product_brand?post=4662"},{"taxonomy":"product_cat","embeddable":true,"href":"https:\/\/lyfilter.com\/es\/wp-json\/wp\/v2\/product_cat?post=4662"},{"taxonomy":"product_tag","embeddable":true,"href":"https:\/\/lyfilter.com\/es\/wp-json\/wp\/v2\/product_tag?post=4662"}],"curies":[{"name":"wp","href":"https:\/\/api.w.org\/{rel}","templated":true}]}}