{"id":4653,"date":"2026-04-05T06:43:27","date_gmt":"2026-04-05T06:43:27","guid":{"rendered":"https:\/\/lyfilter.com\/"},"modified":"2026-04-05T06:43:27","modified_gmt":"2026-04-05T06:43:27","slug":"industrial-large-flux-cartridges-pleated-cartridge-filter-high-flow-filter-cartridge-for-r-o-water-purification-system","status":"publish","type":"product","link":"https:\/\/lyfilter.com\/es\/industrial-large-flux-cartridges-pleated-cartridge-filter-high-flow-filter-cartridge-for-r-o-water-purification-system\/","title":{"rendered":"Cartuchos industriales de gran flujo Filtro de cartucho plisado Cartucho de filtro de alto flujo para R.O sistema de purificaci\u00f3n de agua"},"content":{"rendered":"<p>Fabricado para las necesidades de filtraci\u00f3n m\u00e1s exigentes, este cartucho plisado de alto caudal favorece la purificaci\u00f3n del agua de O.R. con un rendimiento constante, una gran capacidad de flujo y un ajuste seguro que ayuda a mantener los sistemas de agua industriales m\u00e1s limpios durante m\u00e1s tiempo.<\/p>","protected":false},"excerpt":{"rendered":"<table>\n<thead>\n<tr>\n<th>Campo<\/th>\n<th>Valor<\/th>\n<\/tr>\n<\/thead>\n<tbody>\n<tr>\n<td>Servicio post garant\u00eda<\/td>\n<td>Asistencia en l\u00ednea<\/td>\n<\/tr>\n<tr>\n<td>Ubicaci\u00f3n del servicio local<\/td>\n<td>ninguno<\/td>\n<\/tr>\n<tr>\n<td>Ubicaci\u00f3n de la sala de exposiciones<\/td>\n<td>ninguno<\/td>\n<\/tr>\n<tr>\n<td>V\u00eddeo de la inspecci\u00f3n de salida<\/td>\n<td>Proporcionado<\/td>\n<\/tr>\n<tr>\n<td>Informe de ensayo de maquinaria<\/td>\n<td>No disponible<\/td>\n<\/tr>\n<tr>\n<td>Tipo de comercializaci\u00f3n<\/td>\n<td>Producto ordinario<\/td>\n<\/tr>\n<tr>\n<td>Garant\u00eda de los componentes principales<\/td>\n<td>No disponible<\/td>\n<\/tr>\n<tr>\n<td>Lugar de origen<\/td>\n<td>Guangdong, China<\/td>\n<\/tr>\n<tr>\n<td>Marca<\/td>\n<td>Lvyuan \/ OEM<\/td>\n<\/tr>\n<tr>\n<td>Material<\/td>\n<td>cart\u00f3n<\/td>\n<\/tr>\n<tr>\n<td>Peso<\/td>\n<td>depende<\/td>\n<\/tr>\n<tr>\n<td>Talla<\/td>\n<td>depende<\/td>\n<\/tr>\n<tr>\n<td>Potencia<\/td>\n<td>0<\/td>\n<\/tr>\n<tr>\n<td>Garant\u00eda<\/td>\n<td>No disponible<\/td>\n<\/tr>\n<tr>\n<td>Nombre del producto<\/td>\n<td>cartucho filtrante de alto caudal<\/td>\n<\/tr>\n<tr>\n<td>Tasa de micras<\/td>\n<td>1, 5, 10 a 100 micras<\/td>\n<\/tr>\n<tr>\n<td>Longitud<\/td>\n<td>20\u2033, 40\u2033, 60\u201d pulgadas<\/td>\n<\/tr>\n<tr>\n<td>Medio filtrante<\/td>\n<td>PP, PP soplado en fusi\u00f3n, Celulosa<\/td>\n<\/tr>\n<tr>\n<td>C\u00f3digo \/ Tapa<\/td>\n<td>polipropileno reforzado con fibra de vidrio<\/td>\n<\/tr>\n<tr>\n<td>Utilizaci\u00f3n<\/td>\n<td>elementos filtrantes para l\u00edquidos, piezas para filtros de agua<\/td>\n<\/tr>\n<tr>\n<td>N\u00facleo interno<\/td>\n<td>PP o fibra de vidrio<\/td>\n<\/tr>\n<tr>\n<td>Certificaci\u00f3n<\/td>\n<td>CE ISO<\/td>\n<\/tr>\n<tr>\n<td>Di\u00e1metro<\/td>\n<td>6\u201d, 152 mm \/ 6,5\u201d, 165 mm<\/td>\n<\/tr>\n<tr>\n<td>Sustituci\u00f3n<\/td>\n<td>P\/TODO PARQUE\/ER 3\/M<\/td>\n<\/tr>\n<tr>\n<td>Componentes b\u00e1sicos<\/td>\n<td>filtros de cartucho para l\u00edquidos<\/td>\n<\/tr>\n<tr>\n<td>Capacidad de suministro<\/td>\n<td>5000 Piezas\/Piezas por semana filtro de alto caudal<\/td>\n<\/tr>\n<\/tbody>\n<\/table>","protected":false},"featured_media":4654,"comment_status":"open","ping_status":"closed","template":"","meta":{"_gspb_post_css":""},"product_brand":[],"product_cat":[20,21],"product_tag":[1226,334,1751,1428,1750,1136],"class_list":{"0":"post-4653","1":"product","2":"type-product","3":"status-publish","4":"has-post-thumbnail","6":"product_cat-high-flow-filter-cartridge","7":"product_cat-pleated-filter-cartridge","8":"product_tag-high-flow-filter-cartridge","9":"product_tag-industrial-water-filter","10":"product_tag-large-flux-cartridge","11":"product_tag-pleated-cartridge-filter","12":"product_tag-r-o-water-purification-system","13":"product_tag-water-filter-locks","15":"first","16":"instock","17":"shipping-taxable","18":"product-type-simple"},"_links":{"self":[{"href":"https:\/\/lyfilter.com\/es\/wp-json\/wp\/v2\/product\/4653","targetHints":{"allow":["GET"]}}],"collection":[{"href":"https:\/\/lyfilter.com\/es\/wp-json\/wp\/v2\/product"}],"about":[{"href":"https:\/\/lyfilter.com\/es\/wp-json\/wp\/v2\/types\/product"}],"replies":[{"embeddable":true,"href":"https:\/\/lyfilter.com\/es\/wp-json\/wp\/v2\/comments?post=4653"}],"wp:featuredmedia":[{"embeddable":true,"href":"https:\/\/lyfilter.com\/es\/wp-json\/wp\/v2\/media\/4654"}],"wp:attachment":[{"href":"https:\/\/lyfilter.com\/es\/wp-json\/wp\/v2\/media?parent=4653"}],"wp:term":[{"taxonomy":"product_brand","embeddable":true,"href":"https:\/\/lyfilter.com\/es\/wp-json\/wp\/v2\/product_brand?post=4653"},{"taxonomy":"product_cat","embeddable":true,"href":"https:\/\/lyfilter.com\/es\/wp-json\/wp\/v2\/product_cat?post=4653"},{"taxonomy":"product_tag","embeddable":true,"href":"https:\/\/lyfilter.com\/es\/wp-json\/wp\/v2\/product_tag?post=4653"}],"curies":[{"name":"wp","href":"https:\/\/api.w.org\/{rel}","templated":true}]}}