{"id":4619,"date":"2026-04-05T06:15:24","date_gmt":"2026-04-05T06:15:24","guid":{"rendered":"https:\/\/lyfilter.com\/"},"modified":"2026-04-05T06:15:24","modified_gmt":"2026-04-05T06:15:24","slug":"150-200-micron-180810mm-ss316l-single-bag-filter-housings","status":"publish","type":"product","link":"https:\/\/lyfilter.com\/es\/150-200-micron-180810mm-ss316l-single-bag-filter-housings\/","title":{"rendered":"150 200 Micron 180*810mm SS316L Carcasas de filtro de bolsa simple"},"content":{"rendered":"<div id=\"ali-anchor-AliMagic-irt6i0\" class=\"magic-0\" data-section=\"AliMagic-irt6i0\" data-section-title=\"Product Description\"><strong>Entrada superior Carcasa del filtro de bolsa simple de acero inoxidable con 1 5 10 25 50 75 100 150 200 micras<\/strong><\/div>\n<div class=\"magic-0\" data-section=\"AliMagic-irt6i0\" data-section-title=\"Product Description\"><\/div>\n<div class=\"icbu-pc-images magic-1\">\n<div class=\"flex-layout-v\">\n<div class=\"flex-layout-h magic-1\">\n<div class=\"magic-2\">La carcasa del filtro de bolsa es un tipo de equipo de filtraci\u00f3n multiuso con estructura novedosa, tama\u00f1o peque\u00f1o, funcionamiento sencillo y flexible, ahorro de energ\u00eda, alta eficiencia, trabajo herm\u00e9tico y fuerte aplicabilidad. La carcasa del filtro de bolsa es un nuevo tipo de sistema de filtraci\u00f3n. Dentro de la carcasa del filtro de bolsa, la bolsa de filtro se apoya en una cesta de malla met\u00e1lica. El l\u00edquido entra por la entrada y sale por la salida despu\u00e9s de ser filtrado por la bolsa filtrante. Las impurezas se interceptan en la bolsa filtrante y pueden utilizarse de forma continua tras sustituir la bolsa filtrante.<\/div>\n<div class=\"magic-2\"><\/div>\n<div class=\"magic-2\"><strong>Caracter\u00edstica:<\/strong><\/div>\n<div class=\"magic-2\"><\/div>\n<div class=\"magic-2\">\n<ul>\n<li>La carcasa del filtro de mangas tiene una estructura compacta y un tama\u00f1o razonable. La instalaci\u00f3n y el funcionamiento son sencillos, c\u00f3modos y ocupan poco espacio.<\/li>\n<li>La carcasa del filtro de bolsa tiene una alta precisi\u00f3n de filtraci\u00f3n, adecuada para cualquier part\u00edcula fina o materia en suspensi\u00f3n, y el rango de filtraci\u00f3n puede ser de 0,5 a 100 micras.<\/li>\n<li>El flujo de procesamiento por unidad de \u00e1rea de filtraci\u00f3n es grande, la resistencia a la filtraci\u00f3n es peque\u00f1a y la eficiencia de filtraci\u00f3n es alta. La funci\u00f3n de filtrado de una bolsa filtrante de l\u00edquidos es equivalente a 5-10 veces la de la\u00a0<a href=\"https:\/\/lyfilter.com\/es\/products.html\/\">elemento filtrante<\/a>, El flujo de dise\u00f1o puede satisfacer los requisitos de 1~500m3\/h, y el coste es bajo.<\/li>\n<li>La carcasa del filtro de bolsa tiene una amplia gama de usos, que puede ser utilizado para la filtraci\u00f3n gruesa, filtraci\u00f3n intermedia o filtraci\u00f3n fina, cuando se logra el mismo efecto de filtraci\u00f3n, en comparaci\u00f3n con el filtro fino de placa y marco, elemento filtrante y otros equipos, el costo de inversi\u00f3n es menor y la vida \u00fatil es Las ventajas de largo y bajo costo de filtraci\u00f3n.<\/li>\n<\/ul>\n<\/div>\n<\/div>\n<\/div>\n<\/div>","protected":false},"excerpt":{"rendered":"<table>\n<thead>\n<tr>\n<th>Campo<\/th>\n<th>Valor<\/th>\n<\/tr>\n<\/thead>\n<tbody>\n<tr>\n<td>Puerto de inicio<\/td>\n<td>Guangzhou<\/td>\n<\/tr>\n<tr>\n<td>Capacidad de producci\u00f3n<\/td>\n<td>10000 unidades\/Mes<\/td>\n<\/tr>\n<tr>\n<td>Lugar de origen<\/td>\n<td>Guangdong, China<\/td>\n<\/tr>\n<tr>\n<td>Pago<\/td>\n<td>T\/T<\/td>\n<\/tr>\n<tr>\n<td>MOQ<\/td>\n<td>1 unidad<\/td>\n<\/tr>\n<tr>\n<td>Modelo<\/td>\n<td>LY-HFPL-7<\/td>\n<\/tr>\n<tr>\n<td>Plazo de entrega<\/td>\n<td>En un plazo de 7 d\u00edas laborables<\/td>\n<\/tr>\n<tr>\n<td>Certificaci\u00f3n<\/td>\n<td>ISO 9001<\/td>\n<\/tr>\n<tr>\n<td>Marca<\/td>\n<td>OEM\/Lvyuan<\/td>\n<\/tr>\n<\/tbody>\n<\/table>","protected":false},"featured_media":4621,"comment_status":"open","ping_status":"closed","template":"","meta":{"_gspb_post_css":""},"product_brand":[],"product_cat":[15],"product_tag":[1733,1734,1510,1534,1732,1320],"class_list":{"0":"post-4619","1":"product","2":"type-product","3":"status-publish","4":"has-post-thumbnail","6":"product_cat-stainless-steel-filter-housing","7":"product_tag-150-micron-bag-filter-housing","8":"product_tag-200-micron-bag-filter-housing","9":"product_tag-industrial-water-filtration-housing","10":"product_tag-inversafilterpurification","11":"product_tag-ss316l-single-bag-filter-housing","12":"product_tag-stainless-steel-bag-filter","14":"first","15":"instock","16":"shipping-taxable","17":"product-type-simple"},"_links":{"self":[{"href":"https:\/\/lyfilter.com\/es\/wp-json\/wp\/v2\/product\/4619","targetHints":{"allow":["GET"]}}],"collection":[{"href":"https:\/\/lyfilter.com\/es\/wp-json\/wp\/v2\/product"}],"about":[{"href":"https:\/\/lyfilter.com\/es\/wp-json\/wp\/v2\/types\/product"}],"replies":[{"embeddable":true,"href":"https:\/\/lyfilter.com\/es\/wp-json\/wp\/v2\/comments?post=4619"}],"wp:featuredmedia":[{"embeddable":true,"href":"https:\/\/lyfilter.com\/es\/wp-json\/wp\/v2\/media\/4621"}],"wp:attachment":[{"href":"https:\/\/lyfilter.com\/es\/wp-json\/wp\/v2\/media?parent=4619"}],"wp:term":[{"taxonomy":"product_brand","embeddable":true,"href":"https:\/\/lyfilter.com\/es\/wp-json\/wp\/v2\/product_brand?post=4619"},{"taxonomy":"product_cat","embeddable":true,"href":"https:\/\/lyfilter.com\/es\/wp-json\/wp\/v2\/product_cat?post=4619"},{"taxonomy":"product_tag","embeddable":true,"href":"https:\/\/lyfilter.com\/es\/wp-json\/wp\/v2\/product_tag?post=4619"}],"curies":[{"name":"wp","href":"https:\/\/api.w.org\/{rel}","templated":true}]}}