{"id":4617,"date":"2026-04-05T06:13:25","date_gmt":"2026-04-05T06:13:25","guid":{"rendered":"https:\/\/lyfilter.com\/"},"modified":"2026-04-05T06:13:25","modified_gmt":"2026-04-05T06:13:25","slug":"lvyuan-filter-ss-micron-filter-housing-made-in-china-for-water-purifier","status":"publish","type":"product","link":"https:\/\/lyfilter.com\/es\/lvyuan-filter-ss-micron-filter-housing-made-in-china-for-water-purifier\/","title":{"rendered":"Lvyuan Filtro SS Micron Carcasa del filtro hecho en China para el purificador de agua"},"content":{"rendered":"<p>Construido para la purificaci\u00f3n de agua confiable, esta carcasa de filtro de micras SS de Lvyuan Filter ofrece durabilidad de acero inoxidable, manejo de presi\u00f3n estable y rendimiento de filtraci\u00f3n limpia para un uso diario del sistema m\u00e1s seguro y sin problemas.<\/p>","protected":false},"excerpt":{"rendered":"<table>\n<thead>\n<tr>\n<th>Campo<\/th>\n<th>Valor<\/th>\n<\/tr>\n<\/thead>\n<tbody>\n<tr>\n<td>Lugar de origen<\/td>\n<td>Guangdong, China<\/td>\n<\/tr>\n<tr>\n<td>Marca<\/td>\n<td>Lvyuan,OEM,ODM<\/td>\n<\/tr>\n<tr>\n<td>Material<\/td>\n<td>acero inoxidable<\/td>\n<\/tr>\n<tr>\n<td>Peso<\/td>\n<td>personalizado<\/td>\n<\/tr>\n<tr>\n<td>Talla<\/td>\n<td>personalizado<\/td>\n<\/tr>\n<tr>\n<td>Potencia<\/td>\n<td>personalizado<\/td>\n<\/tr>\n<tr>\n<td>Garant\u00eda<\/td>\n<td>1 a\u00f1o<\/td>\n<\/tr>\n<tr>\n<td>Servicio posventa<\/td>\n<td>Asistencia en l\u00ednea<\/td>\n<\/tr>\n<tr>\n<td>Caracter\u00edstica<\/td>\n<td>f\u00e1cil instalaci\u00f3n<\/td>\n<\/tr>\n<tr>\n<td>Longitud<\/td>\n<td>10\u201d, 20\u201d, 30\u2032, \u201940\u201d<\/td>\n<\/tr>\n<tr>\n<td>Certificaci\u00f3n<\/td>\n<td>ISO, SGS<\/td>\n<\/tr>\n<tr>\n<td>superficie<\/td>\n<td>pulido o espejo<\/td>\n<\/tr>\n<tr>\n<td>Materia prima<\/td>\n<td>sus304, sus316<\/td>\n<\/tr>\n<tr>\n<td>Presi\u00f3n de trabajo<\/td>\n<td>150Psi<\/td>\n<\/tr>\n<tr>\n<td>Cierre<\/td>\n<td>mancha y nuez<\/td>\n<\/tr>\n<tr>\n<td>cantidad de cartuchos<\/td>\n<td>De 1 a 160 unidades<\/td>\n<\/tr>\n<tr>\n<td>Palabras clave<\/td>\n<td>carcasa del filtro de acero inoxidable<\/td>\n<\/tr>\n<tr>\n<td>Presi\u00f3n de funcionamiento<\/td>\n<td>7 kg\/cm2<\/td>\n<\/tr>\n<tr>\n<td>Capacidad de suministro<\/td>\n<td>5000 piezas al a\u00f1o<\/td>\n<\/tr>\n<\/tbody>\n<\/table>","protected":false},"featured_media":4618,"comment_status":"open","ping_status":"closed","template":"","meta":{"_gspb_post_css":""},"product_brand":[],"product_cat":[15],"product_tag":[1731,1534,1242,1730,34,1706],"class_list":{"0":"post-4617","1":"product","2":"type-product","3":"status-publish","4":"has-post-thumbnail","6":"product_cat-stainless-steel-filter-housing","7":"product_tag-china-made-filter-housing","8":"product_tag-inversafilterpurification","9":"product_tag-lvyuan-filter","10":"product_tag-ss-micron-filter-housing","11":"product_tag-stainless-steel-filter-housing","12":"product_tag-water-purifier-housing","14":"first","15":"instock","16":"shipping-taxable","17":"product-type-simple"},"_links":{"self":[{"href":"https:\/\/lyfilter.com\/es\/wp-json\/wp\/v2\/product\/4617","targetHints":{"allow":["GET"]}}],"collection":[{"href":"https:\/\/lyfilter.com\/es\/wp-json\/wp\/v2\/product"}],"about":[{"href":"https:\/\/lyfilter.com\/es\/wp-json\/wp\/v2\/types\/product"}],"replies":[{"embeddable":true,"href":"https:\/\/lyfilter.com\/es\/wp-json\/wp\/v2\/comments?post=4617"}],"wp:featuredmedia":[{"embeddable":true,"href":"https:\/\/lyfilter.com\/es\/wp-json\/wp\/v2\/media\/4618"}],"wp:attachment":[{"href":"https:\/\/lyfilter.com\/es\/wp-json\/wp\/v2\/media?parent=4617"}],"wp:term":[{"taxonomy":"product_brand","embeddable":true,"href":"https:\/\/lyfilter.com\/es\/wp-json\/wp\/v2\/product_brand?post=4617"},{"taxonomy":"product_cat","embeddable":true,"href":"https:\/\/lyfilter.com\/es\/wp-json\/wp\/v2\/product_cat?post=4617"},{"taxonomy":"product_tag","embeddable":true,"href":"https:\/\/lyfilter.com\/es\/wp-json\/wp\/v2\/product_tag?post=4617"}],"curies":[{"name":"wp","href":"https:\/\/api.w.org\/{rel}","templated":true}]}}