{"id":4608,"date":"2026-04-05T06:07:21","date_gmt":"2026-04-05T06:07:21","guid":{"rendered":"https:\/\/lyfilter.com\/"},"modified":"2026-04-05T06:07:21","modified_gmt":"2026-04-05T06:07:21","slug":"50-micron-filter-bag-oem-by-lvyuan-filter","status":"publish","type":"product","link":"https:\/\/lyfilter.com\/es\/50-micron-filter-bag-oem-by-lvyuan-filter\/","title":{"rendered":"50 Micron Bolsa de filtro OEM por Lvyuan Filtro"},"content":{"rendered":"<p><b>Detalles de la bolsa filtrante de 50 micras<\/b><\/p>\n<p>&nbsp;<\/p>\n<p><b>Especificaci\u00f3n del producto<\/b><\/p>\n<p>Disponibilidad: OEM<\/p>\n<p>&nbsp;<\/p>\n<p><b>Descripci\u00f3n del producto<\/b><\/p>\n<p>Esta bolsa filtrante de 50 micras se elabora con material de primera calidad conforme a las normas de calidad internacionales. El producto tiene un rendimiento estable y se puede almacenar en buenas condiciones. Preocupados por las necesidades de los clientes\u2018 es la piedra angular del continuo aumento del rendimiento de Guangzhou Lvyuan Water Purification Equipment Co.<\/p>\n<p><strong>SS 304 316 Bolsa de filtro de acero inoxidable<\/strong><\/p>\n<p>MATERIAL DE FILTRO PREFERIDO DE ACERO INOXIDABLE 304<\/p>\n<p>La bolsa de acero inoxidable est\u00e1 hecha de acero inoxidable indeformable SUS304 o SUS316 y tejida en una malla de acuerdo con las especificaciones especificadas. El tejido constituye una superficie lisa, f\u00e1cil de limpiar y que puede utilizarse repetidamente. Al mismo tiempo. es adecuado para la filtracion de algunos liquidos con alto contenido de impurezas. lo que reduce el coste de fiitracion.<\/p>\n<p>EXCIPIENTES DE PRIMERA CALIDAD<\/p>\n<p>Los accesorios de buena calidad son una condici\u00f3n indispensable para la producci\u00f3n de buenas bolsas filtrantes. S\u00f3lo a trav\u00e9s de nuestro estricto control de los proveedores se pueden seleccionar accesorios de buena calidad,y s\u00f3lo despu\u00e9s de pasar las pruebas de fluorescencia y plastificantes se pueden utilizar para producir bolsas filtrantes.<\/p>","protected":false},"excerpt":{"rendered":"<table>\n<thead>\n<tr>\n<th>Campo<\/th>\n<th>Valor<\/th>\n<\/tr>\n<\/thead>\n<tbody>\n<tr>\n<td>Pago<\/td>\n<td>T\/T, Alibaba Trade Assurance, paypal<\/td>\n<\/tr>\n<tr>\n<td>Modelo<\/td>\n<td>LY-HFPL<\/td>\n<\/tr>\n<tr>\n<td>Plazo de entrega<\/td>\n<td>En un plazo de 7 d\u00edas laborables<\/td>\n<\/tr>\n<tr>\n<td>Certificaci\u00f3n<\/td>\n<td>ISO 9001<\/td>\n<\/tr>\n<\/tbody>\n<\/table>","protected":false},"featured_media":4609,"comment_status":"open","ping_status":"closed","template":"","meta":{"_gspb_post_css":""},"product_brand":[],"product_cat":[1054],"product_tag":[1726,1728,1534,1242,1727,1729],"class_list":{"0":"post-4608","1":"product","2":"type-product","3":"status-publish","4":"has-post-thumbnail","6":"product_cat-filter-bag","7":"product_tag-50-micron-filter-bag","8":"product_tag-industrial-filter-bag","9":"product_tag-inversafilterpurification","10":"product_tag-lvyuan-filter","11":"product_tag-oem-filter-bag","12":"product_tag-water-filtration-bag","14":"first","15":"instock","16":"shipping-taxable","17":"product-type-simple"},"_links":{"self":[{"href":"https:\/\/lyfilter.com\/es\/wp-json\/wp\/v2\/product\/4608","targetHints":{"allow":["GET"]}}],"collection":[{"href":"https:\/\/lyfilter.com\/es\/wp-json\/wp\/v2\/product"}],"about":[{"href":"https:\/\/lyfilter.com\/es\/wp-json\/wp\/v2\/types\/product"}],"replies":[{"embeddable":true,"href":"https:\/\/lyfilter.com\/es\/wp-json\/wp\/v2\/comments?post=4608"}],"wp:featuredmedia":[{"embeddable":true,"href":"https:\/\/lyfilter.com\/es\/wp-json\/wp\/v2\/media\/4609"}],"wp:attachment":[{"href":"https:\/\/lyfilter.com\/es\/wp-json\/wp\/v2\/media?parent=4608"}],"wp:term":[{"taxonomy":"product_brand","embeddable":true,"href":"https:\/\/lyfilter.com\/es\/wp-json\/wp\/v2\/product_brand?post=4608"},{"taxonomy":"product_cat","embeddable":true,"href":"https:\/\/lyfilter.com\/es\/wp-json\/wp\/v2\/product_cat?post=4608"},{"taxonomy":"product_tag","embeddable":true,"href":"https:\/\/lyfilter.com\/es\/wp-json\/wp\/v2\/product_tag?post=4608"}],"curies":[{"name":"wp","href":"https:\/\/api.w.org\/{rel}","templated":true}]}}