{"id":4601,"date":"2026-04-05T06:02:39","date_gmt":"2026-04-05T06:02:39","guid":{"rendered":"https:\/\/lyfilter.com\/"},"modified":"2026-04-14T05:35:31","modified_gmt":"2026-04-14T05:35:31","slug":"end-cap-334-single-origin-131-mm-diameter-10-inch-jumbo-high-flow-activated-carbon-block-water-filter-cartridge-for-cto-filter","status":"publish","type":"product","link":"https:\/\/lyfilter.com\/es\/end-cap-334-single-origin-131-mm-diameter-10-inch-jumbo-high-flow-activated-carbon-block-water-filter-cartridge-for-cto-filter\/","title":{"rendered":"End Cap 334 Origen \u00danico 131 mm Di\u00e1metro 10 Pulgadas Jumbo Alto Flujo Carb\u00f3n Activado Bloque Filtro De Agua Cartucho Para Cto Filtro"},"content":{"rendered":"<h3 class=\"do-entry-title\">Embalaje y entrega<\/h3>\n<div class=\"do-entry-list\">\n<dl class=\"do-entry-item\">\n<dt class=\"do-entry-item-key\">Unidades de venta:<\/dt>\n<dd class=\"do-entry-item-val\">Art\u00edculo \u00fanico<\/dd>\n<\/dl>\n<dl class=\"do-entry-item\">\n<dt class=\"do-entry-item-key\" title=\"Tama\u00f1o de envase individual:\">Tama\u00f1o de envase individual:<\/dt>\n<dd class=\"do-entry-item-val\">35X15X15 cm<\/dd>\n<\/dl>\n<dl class=\"do-entry-item\">\n<dt class=\"do-entry-item-key\" title=\"Peso bruto \u00fanico:\">Peso bruto \u00fanico:<\/dt>\n<dd class=\"do-entry-item-val\">2.000 kg<\/dd>\n<\/dl>\n<dl class=\"do-entry-item\">\n<dt class=\"do-entry-item-key\">Tipo de envase:<\/dt>\n<dd class=\"do-entry-item-val pkg-method\">End ca\/p 334 single oring 131mm diameter 10 inch Jumbo high flow activated carbon block water filter cartridge for cto filter poly bag and carton box Dear friend, we can make different size of activated carbon filter, please send inquiry to for the best price. Gracias.<\/dd>\n<\/dl>\n<dl class=\"do-entry-item\">\n<dt class=\"do-entry-item-key\" title=\"Plazos de entrega\">Plazos de entrega\u00a0<i class=\"next-icon next-icon-help next-icon-xs js-leadtimes-tips\"><\/i>:<\/dt>\n<dd class=\"do-entry-item-val\" title=\"Plazos de entrega\">\n<div class=\"table-responsive\">\n<table class=\"supply-ability-table ui2-table ui2-table-normal ui2-table-zebra ui2-table-hover\">\n<tbody>\n<tr>\n<td>Cantidad(Piezas)<\/td>\n<td>1 - 10000<\/td>\n<td>&gt;10000<\/td>\n<\/tr>\n<tr>\n<td>Est. Tiempo (d\u00edas)<\/td>\n<td>15<\/td>\n<td>A negociar<\/td>\n<\/tr>\n<\/tbody>\n<\/table>\n<\/div>\n<\/dd>\n<\/dl>\n<\/div>","protected":false},"excerpt":{"rendered":"<table>\n<thead>\n<tr>\n<th>Campo<\/th>\n<th>Valor<\/th>\n<\/tr>\n<\/thead>\n<tbody>\n<tr>\n<td>Garant\u00eda<\/td>\n<td>ninguno<\/td>\n<\/tr>\n<tr>\n<td>Aplicaci\u00f3n<\/td>\n<td>Coche, RV, Exterior, Hotel, Garaje, Comercial, Hogar<\/td>\n<\/tr>\n<tr>\n<td>Fuente de energ\u00eda<\/td>\n<td>Manual<\/td>\n<\/tr>\n<tr>\n<td>Lugar de origen<\/td>\n<td>Guangdong, China<\/td>\n<\/tr>\n<tr>\n<td>Marca<\/td>\n<td>Lvyuan \/ OEM<\/td>\n<\/tr>\n<tr>\n<td>N\u00famero de modelo<\/td>\n<td>Serie LY-FC-AC<\/td>\n<\/tr>\n<tr>\n<td>Nombre del producto<\/td>\n<td>filtro de cartucho de carb\u00f3n de alto caudal<\/td>\n<\/tr>\n<tr>\n<td>Talla<\/td>\n<td>Personalizado<\/td>\n<\/tr>\n<tr>\n<td>Tasa de micras<\/td>\n<td>1, 3, 5, 10, 20, 50, 100um<\/td>\n<\/tr>\n<tr>\n<td>Material<\/td>\n<td>carb\u00f3n activo, c\u00e1scara de coco<\/td>\n<\/tr>\n<tr>\n<td>Longitud<\/td>\n<td>OEM, 5\u2033, 10\u2033, 20\u2033, 30\u2033, 40\u2033<\/td>\n<\/tr>\n<tr>\n<td>Di\u00e1metro exterior<\/td>\n<td>OEM, 50, 60, 70, 80 mm<\/td>\n<\/tr>\n<tr>\n<td>Tapa<\/td>\n<td>Interfaz de rosca DOE, SOE, 222, 226, 215, M36, M24, M22, M20<\/td>\n<\/tr>\n<tr>\n<td>Certificaci\u00f3n<\/td>\n<td>S\/GS\/ISO9001<\/td>\n<\/tr>\n<tr>\n<td>Utilizaci\u00f3n<\/td>\n<td>Purificaci\u00f3n del aire o del agua<\/td>\n<\/tr>\n<tr>\n<td>Presi\u00f3n de trabajo<\/td>\n<td>0,1 a 30Mpa<\/td>\n<\/tr>\n<\/tbody>\n<\/table>","protected":false},"featured_media":4603,"comment_status":"open","ping_status":"closed","template":"","meta":{"_gspb_post_css":""},"product_brand":[],"product_cat":[20],"product_tag":[1724,1073,1259,1725,1692,1534],"class_list":{"0":"post-4601","1":"product","2":"type-product","3":"status-publish","4":"has-post-thumbnail","6":"product_cat-high-flow-filter-cartridge","7":"product_tag-10-inch-jumbo-cto-filter","8":"product_tag-activated-carbon-block-filter","9":"product_tag-carbon-block-water-filter","10":"product_tag-end-cap-334-filter-cartridge","11":"product_tag-high-flow-water-filter-cartridge","12":"product_tag-inversafilterpurification","14":"first","15":"instock","16":"shipping-taxable","17":"product-type-simple"},"_links":{"self":[{"href":"https:\/\/lyfilter.com\/es\/wp-json\/wp\/v2\/product\/4601","targetHints":{"allow":["GET"]}}],"collection":[{"href":"https:\/\/lyfilter.com\/es\/wp-json\/wp\/v2\/product"}],"about":[{"href":"https:\/\/lyfilter.com\/es\/wp-json\/wp\/v2\/types\/product"}],"replies":[{"embeddable":true,"href":"https:\/\/lyfilter.com\/es\/wp-json\/wp\/v2\/comments?post=4601"}],"wp:featuredmedia":[{"embeddable":true,"href":"https:\/\/lyfilter.com\/es\/wp-json\/wp\/v2\/media\/4603"}],"wp:attachment":[{"href":"https:\/\/lyfilter.com\/es\/wp-json\/wp\/v2\/media?parent=4601"}],"wp:term":[{"taxonomy":"product_brand","embeddable":true,"href":"https:\/\/lyfilter.com\/es\/wp-json\/wp\/v2\/product_brand?post=4601"},{"taxonomy":"product_cat","embeddable":true,"href":"https:\/\/lyfilter.com\/es\/wp-json\/wp\/v2\/product_cat?post=4601"},{"taxonomy":"product_tag","embeddable":true,"href":"https:\/\/lyfilter.com\/es\/wp-json\/wp\/v2\/product_tag?post=4601"}],"curies":[{"name":"wp","href":"https:\/\/api.w.org\/{rel}","templated":true}]}}