{"id":4599,"date":"2026-04-05T04:08:31","date_gmt":"2026-04-05T04:08:31","guid":{"rendered":"https:\/\/lyfilter.com\/"},"modified":"2026-04-05T04:08:31","modified_gmt":"2026-04-05T04:08:31","slug":"efficient-sintered-filter-elements-highly-rated-for-purify","status":"publish","type":"product","link":"https:\/\/lyfilter.com\/es\/efficient-sintered-filter-elements-highly-rated-for-purify\/","title":{"rendered":"Elementos filtrantes sinterizados de alta eficacia para purificar"},"content":{"rendered":"<p><b>Ventajas de la empresa<\/b><br \/>\n<b>1.<\/b>\u00a0<a href=\"https:\/\/lyfilter.com\/es\/\">Filtro Lvyuan<\/a>\u00a0Los elementos filtrantes sinterizados se fabrican con equipos sofisticados y trabajadores cualificados. La capa de soporte interior est\u00e1 estrechamente unida al material filtrante, lo que le confiere una gran resistencia a los impactos.<br \/>\n<b>2.<\/b>\u00a0La certificaci\u00f3n tambi\u00e9n demuestra la buena calidad de los elementos filtrantes sinterizados . Con un gran n\u00famero de orificios de fijaci\u00f3n c\u00f3nicos en su interior, tiene una gran capacidad de retenci\u00f3n de suciedad<br \/>\n<b>3.<\/b>\u00a0elementos filtrantes sinterizados No s\u00f3lo es el material cuidadosamente seleccionado, la mano de obra es fina, pero tambi\u00e9n tiene efecto de super tracci\u00f3n, tenacidad completa, excelente rendimiento, calidad estable y fiable.<br \/>\n<b>4.<\/b>\u00a0elementos filtrantes sinterizados No s\u00f3lo tiene un dise\u00f1o razonable, una estructura simple, f\u00e1cil de instalar y f\u00e1cil de operar, sino que tambi\u00e9n tiene una buena resistencia a la corrosi\u00f3n, resistencia al desgaste y resistencia al impacto, es duradero y tiene una larga vida \u00fatil.<br \/>\n<b>5.<\/b>\u00a0Los elementos filtrantes sinterizados se fabrican en estricta conformidad con los requisitos de la normativa de gesti\u00f3n de calidad de la producci\u00f3n de botellas de cosm\u00e9ticos, y han superado la estricta inspecci\u00f3n de calidad de la autoridad nacional. Son productos seguros, respetuosos con el medio ambiente y fiables.<\/p>","protected":false},"excerpt":{"rendered":"<table>\n<thead>\n<tr>\n<th>Campo<\/th>\n<th>Valor<\/th>\n<\/tr>\n<\/thead>\n<tbody>\n<tr>\n<td>Servicio post garant\u00eda<\/td>\n<td>Asistencia en l\u00ednea<\/td>\n<\/tr>\n<tr>\n<td>Ubicaci\u00f3n del servicio local<\/td>\n<td>ninguno<\/td>\n<\/tr>\n<tr>\n<td>Ubicaci\u00f3n de la sala de exposiciones<\/td>\n<td>ninguno<\/td>\n<\/tr>\n<tr>\n<td>V\u00eddeo de la inspecci\u00f3n de salida<\/td>\n<td>Proporcionado<\/td>\n<\/tr>\n<tr>\n<td>Informe de ensayo de maquinaria<\/td>\n<td>Proporcionado<\/td>\n<\/tr>\n<tr>\n<td>Tipo de comercializaci\u00f3n<\/td>\n<td>Producto ordinario<\/td>\n<\/tr>\n<tr>\n<td>Garant\u00eda de los componentes principales<\/td>\n<td>1 a\u00f1o<\/td>\n<\/tr>\n<tr>\n<td>Componentes b\u00e1sicos<\/td>\n<td>Recipiente a presi\u00f3n<\/td>\n<\/tr>\n<tr>\n<td>Lugar de origen<\/td>\n<td>Guangdong, China<\/td>\n<\/tr>\n<tr>\n<td>Marca<\/td>\n<td>Lvyuan\/OEM<\/td>\n<\/tr>\n<tr>\n<td>Garant\u00eda<\/td>\n<td>1 a\u00f1o<\/td>\n<\/tr>\n<tr>\n<td>Servicio posventa<\/td>\n<td>Asistencia en l\u00ednea<\/td>\n<\/tr>\n<tr>\n<td>Caracter\u00edstica<\/td>\n<td>buena permeabilidad<\/td>\n<\/tr>\n<tr>\n<td>Longitud<\/td>\n<td>10\/20\/30\/40 pulgadas o personalizado<\/td>\n<\/tr>\n<tr>\n<td>Material<\/td>\n<td>malla de acero inoxidable<\/td>\n<\/tr>\n<tr>\n<td>Forma<\/td>\n<td>cilindro<\/td>\n<\/tr>\n<tr>\n<td>Utilizaci\u00f3n<\/td>\n<td>tratamiento del agua<\/td>\n<\/tr>\n<tr>\n<td>Aplicaci\u00f3n<\/td>\n<td>industria<\/td>\n<\/tr>\n<tr>\n<td>Color<\/td>\n<td>astilla<\/td>\n<\/tr>\n<tr>\n<td>Embalaje<\/td>\n<td>caja de papel<\/td>\n<\/tr>\n<tr>\n<td>\u00edndice de eliminaci\u00f3n<\/td>\n<td>2 a 200\u03bcm<\/td>\n<\/tr>\n<tr>\n<td>Ventaja<\/td>\n<td>reutilizar<\/td>\n<\/tr>\n<tr>\n<td>Capacidad de suministro<\/td>\n<td>500 piezas por d\u00eda<\/td>\n<\/tr>\n<\/tbody>\n<\/table>","protected":false},"featured_media":4600,"comment_status":"open","ping_status":"closed","template":"","meta":{"_gspb_post_css":""},"product_brand":[],"product_cat":[20],"product_tag":[1722,1714,1534,1723,1721,1182],"class_list":{"0":"post-4599","1":"product","2":"type-product","3":"status-publish","4":"has-post-thumbnail","6":"product_cat-high-flow-filter-cartridge","7":"product_tag-high-efficiency-filter-element","8":"product_tag-industrial-purification-filter","9":"product_tag-inversafilterpurification","10":"product_tag-porous-metal-filter","11":"product_tag-sintered-filter-elements","12":"product_tag-water-purification-filter","14":"first","15":"instock","16":"shipping-taxable","17":"product-type-simple"},"_links":{"self":[{"href":"https:\/\/lyfilter.com\/es\/wp-json\/wp\/v2\/product\/4599","targetHints":{"allow":["GET"]}}],"collection":[{"href":"https:\/\/lyfilter.com\/es\/wp-json\/wp\/v2\/product"}],"about":[{"href":"https:\/\/lyfilter.com\/es\/wp-json\/wp\/v2\/types\/product"}],"replies":[{"embeddable":true,"href":"https:\/\/lyfilter.com\/es\/wp-json\/wp\/v2\/comments?post=4599"}],"wp:featuredmedia":[{"embeddable":true,"href":"https:\/\/lyfilter.com\/es\/wp-json\/wp\/v2\/media\/4600"}],"wp:attachment":[{"href":"https:\/\/lyfilter.com\/es\/wp-json\/wp\/v2\/media?parent=4599"}],"wp:term":[{"taxonomy":"product_brand","embeddable":true,"href":"https:\/\/lyfilter.com\/es\/wp-json\/wp\/v2\/product_brand?post=4599"},{"taxonomy":"product_cat","embeddable":true,"href":"https:\/\/lyfilter.com\/es\/wp-json\/wp\/v2\/product_cat?post=4599"},{"taxonomy":"product_tag","embeddable":true,"href":"https:\/\/lyfilter.com\/es\/wp-json\/wp\/v2\/product_tag?post=4599"}],"curies":[{"name":"wp","href":"https:\/\/api.w.org\/{rel}","templated":true}]}}