{"id":4591,"date":"2026-04-05T04:01:32","date_gmt":"2026-04-05T04:01:32","guid":{"rendered":"https:\/\/lyfilter.com\/"},"modified":"2026-05-08T01:21:00","modified_gmt":"2026-05-08T01:21:00","slug":"high-end-stainless-steel-multi-cartridge-filter-housing-for-biopharmaceutical","status":"publish","type":"product","link":"https:\/\/lyfilter.com\/es\/high-end-stainless-steel-multi-cartridge-filter-housing-for-biopharmaceutical\/","title":{"rendered":"Carcasa de filtro multicartucho de acero inoxidable de alta gama para biofarmacia"},"content":{"rendered":"<p>Introducci\u00f3n<\/p>\n<p>Filtro de alta eficacia 1\/2\/3\/4\/5\/6 etapas unidad de purificaci\u00f3n de aceite hidr\u00e1ulico\/m\u00e1quina de purificaci\u00f3n de aceite de cocina. Filtro m\u00f3vil se compone de prefiltro, bomba de aceite y unidad de filtraci\u00f3n, prefiltro para una red de metal,<\/p>\n<p>Para evitar que los s\u00f3lidos grandes entren en la bomba, la bomba de aceite suele ser de engranajes, para transportar el aceite no purificado.<\/p>\n<p>El dispositivo de filtraci\u00f3n es un peque\u00f1o filtro prensa de placas y bastidor de compresi\u00f3n manual,<\/p>\n<p>utilizando papel de filtro especial como medio filtrante. Bajo la ayuda de la presi\u00f3n de la bomba de aceite, el aceite sin purificar en el<\/p>\n<p>placa y marco filtro prensa, ser\u00e1 un aceite de filtro puro despu\u00e9s de que throughs el papel de filtro. Las impurezas s\u00f3lidas atrapadas<\/p>\n<p>en la superficie del papel de filtro, una peque\u00f1a cantidad de agua es absorbida por el estoma de lana del filtro pape.The filtraci\u00f3n<\/p>\n<p>la presi\u00f3n es normal no m\u00e1s de 0.3MPa, cuando hay demasiada impureza de la deposici\u00f3n en la superficie del papel de filtro,<\/p>\n<p>la presi\u00f3n del filtro se aumenta a 0,35 MPa, o cuando la humedad de absorci\u00f3n del papel de filtro est\u00e1 pr\u00f3xima a la saturaci\u00f3n<\/p>\n<p>estado, la humedad residual en el filtro de aceite ya no cae, debe ser reemplazado el papel de filtro. Cuando el aceite tiene un<\/p>\n<p>Si el aceite es muy viscoso, se puede precalentar de nuevo para reducir la viscosidad y reutilizarlo.<\/p>\n<p>puede eliminar las impurezas s\u00f3lidas y una peque\u00f1a cantidad de agua, es adecuado para el aceite el\u00e9ctrico general y<\/p>\n<p>refinado de aceites lubricantes.<\/p>","protected":false},"excerpt":{"rendered":"<table>\n<thead>\n<tr>\n<th>Campo<\/th>\n<th>Valor<\/th>\n<\/tr>\n<\/thead>\n<tbody>\n<tr>\n<td>Industrias aplicables<\/td>\n<td>Talleres de reparaci\u00f3n de maquinaria, F\u00e1brica de alimentos y bebidas, Restaurante, Tienda de alimentaci\u00f3n, Energ\u00eda y miner\u00eda, Tiendas de alimentos y bebidas<\/td>\n<\/tr>\n<tr>\n<td>Lugar de origen<\/td>\n<td>Guangdong, China<\/td>\n<\/tr>\n<tr>\n<td>Marca<\/td>\n<td>Lvyuan\/OEM<\/td>\n<\/tr>\n<tr>\n<td>Material<\/td>\n<td>Personalizado<\/td>\n<\/tr>\n<tr>\n<td>Peso<\/td>\n<td>Personalizado<\/td>\n<\/tr>\n<tr>\n<td>Talla<\/td>\n<td>Personalizado<\/td>\n<\/tr>\n<tr>\n<td>Potencia<\/td>\n<td>Personalizado<\/td>\n<\/tr>\n<tr>\n<td>Garant\u00eda<\/td>\n<td>1 a\u00f1o<\/td>\n<\/tr>\n<tr>\n<td>Servicio posventa<\/td>\n<td>Asistencia en l\u00ednea<\/td>\n<\/tr>\n<tr>\n<td>Nombre del modelo<\/td>\n<td>Unidad de purificaci\u00f3n de aceite hidr\u00e1ulico\/M\u00e1quina de purificaci\u00f3n de aceite de cocina<\/td>\n<\/tr>\n<tr>\n<td>Longitud<\/td>\n<td>10 pulgadas 20 pulgadas 30 pulgadas 40 pulgadas<\/td>\n<\/tr>\n<tr>\n<td>Utilizaci\u00f3n<\/td>\n<td>Filtraci\u00f3n de agua y aceite<\/td>\n<\/tr>\n<tr>\n<td>Material del cuerpo principal<\/td>\n<td>Acero inoxidable 304 \/ 316<\/td>\n<\/tr>\n<tr>\n<td>Tipo de carcasa del filtro<\/td>\n<td>Tubular<\/td>\n<\/tr>\n<tr>\n<td>Principio<\/td>\n<td>Filtraci\u00f3n a presi\u00f3n<\/td>\n<\/tr>\n<tr>\n<td>Etapas<\/td>\n<td>1 - 6 etapas<\/td>\n<\/tr>\n<tr>\n<td>Embalaje<\/td>\n<td>Embalaje de malla o caja de madera<\/td>\n<\/tr>\n<tr>\n<td>Capacidad de suministro<\/td>\n<td>100 Unidad\/Unidades por d\u00eda<\/td>\n<\/tr>\n<\/tbody>\n<\/table>","protected":false},"featured_media":4592,"comment_status":"open","ping_status":"closed","template":"","meta":{"_gspb_post_css":""},"product_brand":[],"product_cat":[15],"product_tag":[1715,1716,1717,1534,1463,34],"class_list":{"0":"post-4591","1":"product","2":"type-product","3":"status-publish","4":"has-post-thumbnail","6":"product_cat-stainless-steel-filter-housing","7":"product_tag-biopharmaceutical-filtration","8":"product_tag-high-purity-filter-housing","9":"product_tag-industrial-water-purification","10":"product_tag-inversafilterpurification","11":"product_tag-multi-cartridge-filter-housing","12":"product_tag-stainless-steel-filter-housing","14":"first","15":"instock","16":"shipping-taxable","17":"product-type-simple"},"_links":{"self":[{"href":"https:\/\/lyfilter.com\/es\/wp-json\/wp\/v2\/product\/4591","targetHints":{"allow":["GET"]}}],"collection":[{"href":"https:\/\/lyfilter.com\/es\/wp-json\/wp\/v2\/product"}],"about":[{"href":"https:\/\/lyfilter.com\/es\/wp-json\/wp\/v2\/types\/product"}],"replies":[{"embeddable":true,"href":"https:\/\/lyfilter.com\/es\/wp-json\/wp\/v2\/comments?post=4591"}],"wp:featuredmedia":[{"embeddable":true,"href":"https:\/\/lyfilter.com\/es\/wp-json\/wp\/v2\/media\/4592"}],"wp:attachment":[{"href":"https:\/\/lyfilter.com\/es\/wp-json\/wp\/v2\/media?parent=4591"}],"wp:term":[{"taxonomy":"product_brand","embeddable":true,"href":"https:\/\/lyfilter.com\/es\/wp-json\/wp\/v2\/product_brand?post=4591"},{"taxonomy":"product_cat","embeddable":true,"href":"https:\/\/lyfilter.com\/es\/wp-json\/wp\/v2\/product_cat?post=4591"},{"taxonomy":"product_tag","embeddable":true,"href":"https:\/\/lyfilter.com\/es\/wp-json\/wp\/v2\/product_tag?post=4591"}],"curies":[{"name":"wp","href":"https:\/\/api.w.org\/{rel}","templated":true}]}}