{"id":4582,"date":"2026-04-05T03:53:37","date_gmt":"2026-04-05T03:53:37","guid":{"rendered":"https:\/\/lyfilter.com\/"},"modified":"2026-05-08T01:26:46","modified_gmt":"2026-05-08T01:26:46","slug":"stainless-steel-304-316l-sterile-air-filter-and-steam-filter-housing","status":"publish","type":"product","link":"https:\/\/lyfilter.com\/es\/stainless-steel-304-316l-sterile-air-filter-and-steam-filter-housing\/","title":{"rendered":"Filtro de aire est\u00e9ril y carcasa de filtro de vapor de acero inoxidable 304 316L"},"content":{"rendered":"<p><strong>Filtro de aire est\u00e9ril y carcasa de filtro de vapor de acero inoxidable 304 316L<\/strong><\/p>\n<ul>\n<li>Tama\u00f1o - Aseg\u00farese de adquirir una carcasa que se ajuste al tama\u00f1o de su filtro. Los tama\u00f1os m\u00e1s comunes son 12x24x1, 16x25x1, 20x25x1 pulgadas. Mida su filtro actual para encontrar el tama\u00f1o adecuado.<\/li>\n<li>Material - El acero inoxidable es duradero y f\u00e1cil de limpiar. Aseg\u00farese de que sea inoxidable de grado 304 o 316 para que sea resistente a la corrosi\u00f3n.<\/li>\n<li>Sello - Busque una junta de sellado herm\u00e9tico para evitar fugas de aire. Las juntas de espuma o goma funcionan bien.<\/li>\n<li>Acceso - Las carcasas con tapa extra\u00edble o panel de acceso lateral facilitan el cambio de filtros. El acceso por la parte superior puede ser m\u00e1s complicado.<\/li>\n<li>Montaje - Elija una carcasa que se adapte a su instalaci\u00f3n: montaje horizontal, vertical o en conducto.<\/li>\n<li>Flujo de aire - Compruebe la clasificaci\u00f3n del flujo de aire y aseg\u00farese de que coincide o supera el flujo de aire de su sistema HVAC. Si es demasiado peque\u00f1o, restringir\u00e1 el flujo de aire.<\/li>\n<li>Presi\u00f3n - Para los sistemas centrales de calefacci\u00f3n, ventilaci\u00f3n y aire acondicionado, la carcasa debe tener la presi\u00f3n est\u00e1tica requerida por su sistema.<\/li>\n<li>Caracter\u00edsticas - Puede ser \u00fatil a\u00f1adir caracter\u00edsticas como una mirilla para comprobar el estado del filtro o un purgador de aire manual para liberar el aire atrapado.<\/li>\n<\/ul>","protected":false},"excerpt":{"rendered":"<table>\n<thead>\n<tr>\n<th>Campo<\/th>\n<th>Valor<\/th>\n<th>Campo<\/th>\n<th>Valor<\/th>\n<\/tr>\n<\/thead>\n<tbody>\n<tr>\n<td>Puerto de inicio<\/td>\n<td>Guangzhou<\/td>\n<td>Capacidad de producci\u00f3n<\/td>\n<td>10000 unidades\/Mes<\/td>\n<\/tr>\n<tr>\n<td>Lugar de origen<\/td>\n<td>Guangdong, China<\/td>\n<td>Pago<\/td>\n<td>T\/T, Alibaba Trade Assurance, OA<\/td>\n<\/tr>\n<tr>\n<td>MOQ<\/td>\n<td>1 unidad<\/td>\n<td>Modelo<\/td>\n<td>LY-FB<\/td>\n<\/tr>\n<tr>\n<td>Plazo de entrega<\/td>\n<td>En un plazo de 7 d\u00edas laborables<\/td>\n<td>Certificaci\u00f3n<\/td>\n<td>ISO 9001<\/td>\n<\/tr>\n<tr>\n<td>Marca<\/td>\n<td>OEM\/Lvyuan<\/td>\n<td><\/td>\n<td><\/td>\n<\/tr>\n<\/tbody>\n<\/table>","protected":false},"featured_media":4587,"comment_status":"open","ping_status":"closed","template":"","meta":{"_gspb_post_css":""},"product_brand":[],"product_cat":[15],"product_tag":[1680,1534,1356,1646,1210,1713],"class_list":{"0":"post-4582","1":"product","2":"type-product","3":"status-publish","4":"has-post-thumbnail","6":"product_cat-stainless-steel-filter-housing","7":"product_tag-compressed-air-filtration","8":"product_tag-inversafilterpurification","9":"product_tag-stainless-steel-304-filter-housing","10":"product_tag-stainless-steel-316l-filter-housing","11":"product_tag-steam-filter-housing","12":"product_tag-sterile-air-filter-housing","14":"first","15":"instock","16":"shipping-taxable","17":"product-type-simple"},"_links":{"self":[{"href":"https:\/\/lyfilter.com\/es\/wp-json\/wp\/v2\/product\/4582","targetHints":{"allow":["GET"]}}],"collection":[{"href":"https:\/\/lyfilter.com\/es\/wp-json\/wp\/v2\/product"}],"about":[{"href":"https:\/\/lyfilter.com\/es\/wp-json\/wp\/v2\/types\/product"}],"replies":[{"embeddable":true,"href":"https:\/\/lyfilter.com\/es\/wp-json\/wp\/v2\/comments?post=4582"}],"wp:featuredmedia":[{"embeddable":true,"href":"https:\/\/lyfilter.com\/es\/wp-json\/wp\/v2\/media\/4587"}],"wp:attachment":[{"href":"https:\/\/lyfilter.com\/es\/wp-json\/wp\/v2\/media?parent=4582"}],"wp:term":[{"taxonomy":"product_brand","embeddable":true,"href":"https:\/\/lyfilter.com\/es\/wp-json\/wp\/v2\/product_brand?post=4582"},{"taxonomy":"product_cat","embeddable":true,"href":"https:\/\/lyfilter.com\/es\/wp-json\/wp\/v2\/product_cat?post=4582"},{"taxonomy":"product_tag","embeddable":true,"href":"https:\/\/lyfilter.com\/es\/wp-json\/wp\/v2\/product_tag?post=4582"}],"curies":[{"name":"wp","href":"https:\/\/api.w.org\/{rel}","templated":true}]}}