{"id":4559,"date":"2026-04-05T03:34:48","date_gmt":"2026-04-05T03:34:48","guid":{"rendered":"https:\/\/lyfilter.com\/"},"modified":"2026-04-05T03:34:48","modified_gmt":"2026-04-05T03:34:48","slug":"10-20-30-40-inch-high-flow-ss-water-filter-housing-stainless-steel-housing-with-cartridge-filter","status":"publish","type":"product","link":"https:\/\/lyfilter.com\/es\/10-20-30-40-inch-high-flow-ss-water-filter-housing-stainless-steel-housing-with-cartridge-filter\/","title":{"rendered":"10 20 30 40 pulgadas de alto flujo SS carcasa del filtro de agua \/ carcasa de acero inoxidable con filtro de cartucho"},"content":{"rendered":"<p>Esta carcasa de filtro de agua SS de alto flujo viene en tama\u00f1os de 10, 20, 30 y 40 pulgadas para necesidades de purificaci\u00f3n flexibles. Su construcci\u00f3n de acero inoxidable soporta la filtraci\u00f3n de cartucho fuerte, flujo constante, y un rendimiento fiable en el uso del sistema.<\/p>","protected":false},"excerpt":{"rendered":"<table>\n<thead>\n<tr>\n<th>Campo<\/th>\n<th>Valor<\/th>\n<th>Campo<\/th>\n<th>Valor<\/th>\n<\/tr>\n<\/thead>\n<tbody>\n<tr>\n<td>Lugar de origen<\/td>\n<td>Guangdong, China<\/td>\n<td>Marca<\/td>\n<td>Lvyuan,OEM,ODM<\/td>\n<\/tr>\n<tr>\n<td>Material<\/td>\n<td>acero inoxidable<\/td>\n<td>Peso<\/td>\n<td>personalizado<\/td>\n<\/tr>\n<tr>\n<td>Talla<\/td>\n<td>a medida, 10\u201d, 20\u201d, 30\u201d, 40\u201d<\/td>\n<td>Potencia<\/td>\n<td>0<\/td>\n<\/tr>\n<tr>\n<td>Garant\u00eda<\/td>\n<td>1 a\u00f1o<\/td>\n<td>Servicio posventa<\/td>\n<td>Asistencia en l\u00ednea<\/td>\n<\/tr>\n<tr>\n<td>Caracter\u00edstica<\/td>\n<td>f\u00e1cil instalaci\u00f3n<\/td>\n<td>Certificaci\u00f3n<\/td>\n<td>SGS<\/td>\n<\/tr>\n<tr>\n<td>Forma<\/td>\n<td>cilindro<\/td>\n<td>Utilizaci\u00f3n<\/td>\n<td>filtraci\u00f3n de agua<\/td>\n<\/tr>\n<tr>\n<td>Aplicaci\u00f3n<\/td>\n<td>industria<\/td>\n<td>superficie<\/td>\n<td>pulido<\/td>\n<\/tr>\n<tr>\n<td>Modelo<\/td>\n<td>LY03<\/td>\n<td>Materia prima<\/td>\n<td>acero inoxidable<\/td>\n<\/tr>\n<tr>\n<td>Presi\u00f3n de trabajo<\/td>\n<td>150Psi<\/td>\n<td>Capacidad de suministro<\/td>\n<td>5000 piezas al a\u00f1o<\/td>\n<\/tr>\n<\/tbody>\n<\/table>","protected":false},"featured_media":4561,"comment_status":"open","ping_status":"closed","template":"","meta":{"_gspb_post_css":""},"product_brand":[],"product_cat":[15],"product_tag":[1702,1701,1700,1534,34,1703],"class_list":{"0":"post-4559","1":"product","2":"type-product","3":"status-publish","4":"has-post-thumbnail","6":"product_cat-stainless-steel-filter-housing","7":"product_tag-10-20-30-40-inch-filter-housing","8":"product_tag-cartridge-filter-housing","9":"product_tag-high-flow-ss-water-filter-housing","10":"product_tag-inversafilterpurification","11":"product_tag-stainless-steel-filter-housing","12":"product_tag-water-purification-housing","14":"first","15":"instock","16":"shipping-taxable","17":"product-type-simple"},"_links":{"self":[{"href":"https:\/\/lyfilter.com\/es\/wp-json\/wp\/v2\/product\/4559","targetHints":{"allow":["GET"]}}],"collection":[{"href":"https:\/\/lyfilter.com\/es\/wp-json\/wp\/v2\/product"}],"about":[{"href":"https:\/\/lyfilter.com\/es\/wp-json\/wp\/v2\/types\/product"}],"replies":[{"embeddable":true,"href":"https:\/\/lyfilter.com\/es\/wp-json\/wp\/v2\/comments?post=4559"}],"wp:featuredmedia":[{"embeddable":true,"href":"https:\/\/lyfilter.com\/es\/wp-json\/wp\/v2\/media\/4561"}],"wp:attachment":[{"href":"https:\/\/lyfilter.com\/es\/wp-json\/wp\/v2\/media?parent=4559"}],"wp:term":[{"taxonomy":"product_brand","embeddable":true,"href":"https:\/\/lyfilter.com\/es\/wp-json\/wp\/v2\/product_brand?post=4559"},{"taxonomy":"product_cat","embeddable":true,"href":"https:\/\/lyfilter.com\/es\/wp-json\/wp\/v2\/product_cat?post=4559"},{"taxonomy":"product_tag","embeddable":true,"href":"https:\/\/lyfilter.com\/es\/wp-json\/wp\/v2\/product_tag?post=4559"}],"curies":[{"name":"wp","href":"https:\/\/api.w.org\/{rel}","templated":true}]}}