{"id":4552,"date":"2026-04-05T03:27:37","date_gmt":"2026-04-05T03:27:37","guid":{"rendered":"https:\/\/lyfilter.com\/"},"modified":"2026-04-05T03:27:37","modified_gmt":"2026-04-05T03:27:37","slug":"lvyuan-filter-stainless-steel-filter-elements-series-for-purify","status":"publish","type":"product","link":"https:\/\/lyfilter.com\/es\/lvyuan-filter-stainless-steel-filter-elements-series-for-purify\/","title":{"rendered":"Lvyuan filtro de acero inoxidable Elementos de filtro de la serie para purificar"},"content":{"rendered":"<p><b>Ventajas de la empresa<\/b><br \/>\n<b>1.<\/b>\u00a0La fabricaci\u00f3n de\u00a0<a href=\"https:\/\/lyfilter.com\/es\/\">Filtro Lvyuan<\/a>\u00a0incluye varias fases importantes. Incluyen principalmente el dise\u00f1o de planos mec\u00e1nicos, la preparaci\u00f3n de materiales met\u00e1licos, la fabricaci\u00f3n y soldadura de piezas, el montaje y la puesta en marcha. Existe una porosidad diferente a lo largo de la profundidad de su medio filtrante<br \/>\n<b>2.<\/b>\u00a0El producto tiene una baja conductividad t\u00e9rmica y es un buen aislante. La gente puede utilizarlo para servir en un plato o utilizarlo para mantener agua caliente sin preocuparse de que est\u00e9 demasiado caliente al tacto. El medio filtrante est\u00e1 unido t\u00e9rmicamente para evitar el desprendimiento de fibras y proporcionar al mismo tiempo caudales constantes.<br \/>\n<b>3.<\/b>\u00a0El producto no es susceptible a la corrosi\u00f3n. Su superficie ha sido tratada con una capa de pintura mec\u00e1nica que tiene una funci\u00f3n protectora. Puede controlar eficazmente la precisi\u00f3n de la filtraci\u00f3n<br \/>\n<b>4.<\/b>\u00a0El producto es de construcci\u00f3n robusta. Tiene un dise\u00f1o mec\u00e1nicamente robusto que puede soportar las condiciones de funcionamiento y los entornos a los que est\u00e1 expuesto. Est\u00e1 disponible en una amplia selecci\u00f3n de micrajes de 1 a 100 \u03bcm.<br \/>\n<b>5.<\/b>\u00a0El producto presenta una buena disipaci\u00f3n del calor. Sus rejillas de ventilaci\u00f3n favorecen el flujo de aire de adelante hacia atr\u00e1s y lo mantienen fresco, lo que contribuye a su buen funcionamiento. Est\u00e1 dise\u00f1ado con poros graduados que ayudan a atrapar los contaminantes en toda la secci\u00f3n transversal para mejorar la eficacia.<\/p>\n<div class=\"pro_aliData\">\n<div class=\"detail-box\">\n<div class=\"scc-wrapper detail-module module-cspu\" data-module=\"cspu\"><\/div>\n<div class=\"scc-wrapper detail-module module-productPackagingAndQuickDetail\" data-spm=\"prilinga1e\">\n<div class=\"widget-detail-overview\">\n<div class=\"do-title\">Visi\u00f3n general<\/div>\n<div id=\"car-parts-model\"><\/div>\n<div class=\"do-content\">\n<div class=\"do-overview\">\n<div class=\"do-entry do-entry-separate\">\n<div class=\"do-entry-title\">Detalles r\u00e1pidos<\/div>\n<\/div>\n<\/div>\n<\/div>\n<\/div>\n<\/div>\n<\/div>\n<\/div>","protected":false},"excerpt":{"rendered":"<table>\n<thead>\n<tr>\n<th>Campo<\/th>\n<th>Valor<\/th>\n<th>Campo<\/th>\n<th>Valor<\/th>\n<\/tr>\n<\/thead>\n<tbody>\n<tr>\n<td>Servicio post garant\u00eda<\/td>\n<td>Asistencia en l\u00ednea<\/td>\n<td>Ubicaci\u00f3n del servicio local<\/td>\n<td>ninguno<\/td>\n<\/tr>\n<tr>\n<td>Ubicaci\u00f3n de la sala de exposiciones<\/td>\n<td>ninguno<\/td>\n<td>V\u00eddeo de la inspecci\u00f3n de salida<\/td>\n<td>Proporcionado<\/td>\n<\/tr>\n<tr>\n<td>Informe de ensayo de maquinaria<\/td>\n<td>Proporcionado<\/td>\n<td>Tipo de comercializaci\u00f3n<\/td>\n<td>Producto ordinario<\/td>\n<\/tr>\n<tr>\n<td>Garant\u00eda de los componentes principales<\/td>\n<td>1 a\u00f1o<\/td>\n<td>Componentes b\u00e1sicos<\/td>\n<td>Recipiente a presi\u00f3n<\/td>\n<\/tr>\n<tr>\n<td>Lugar de origen<\/td>\n<td>Guangdong, China<\/td>\n<td>Marca<\/td>\n<td>Lvyuan\/OEM<\/td>\n<\/tr>\n<tr>\n<td>Garant\u00eda<\/td>\n<td>1 a\u00f1o<\/td>\n<td>Servicio posventa<\/td>\n<td>Asistencia en l\u00ednea<\/td>\n<\/tr>\n<tr>\n<td>Nombre del producto<\/td>\n<td>Cartucho filtrante plisado SS<\/td>\n<td>Tasa de micras<\/td>\n<td>0,1 a 300 micras<\/td>\n<\/tr>\n<tr>\n<td>Dimensi\u00f3n OEM<\/td>\n<td>Disponible<\/td>\n<td>Longitud<\/td>\n<td>5\u2033, 10\u2033, 20\u2033, 30\u2033, 40\u2033, 50\u201d, 60\u201d pulgadas<\/td>\n<\/tr>\n<tr>\n<td>Acero inoxidable Material<\/td>\n<td>304, 316, 316L<\/td>\n<td>Formulario de interfaz<\/td>\n<td>222,226,215, M36, M24, M22, M20 interfaz de rosca<\/td>\n<\/tr>\n<tr>\n<td>Capa<\/td>\n<td>filtro de cartucho de malla\/plisado<\/td>\n<td>Utilizaci\u00f3n<\/td>\n<td>filtraci\u00f3n de gases y l\u00edquidos<\/td>\n<\/tr>\n<tr>\n<td>Resistencia al calor<\/td>\n<td>- 200 - 500 grados<\/td>\n<td>Presi\u00f3n de trabajo<\/td>\n<td>0,1 a 30Mpa<\/td>\n<\/tr>\n<tr>\n<td>Capacidad de suministro<\/td>\n<td>5000 piezas por d\u00eda<\/td>\n<td>Producto<\/td>\n<td>cartucho filtrante c\u00f3digo 7<\/td>\n<\/tr>\n<\/tbody>\n<\/table>","protected":false},"featured_media":4554,"comment_status":"open","ping_status":"closed","template":"","meta":{"_gspb_post_css":""},"product_brand":[],"product_cat":[18],"product_tag":[1697,1534,1242,1696,1695,340],"class_list":{"0":"post-4552","1":"product","2":"type-product","3":"status-publish","4":"has-post-thumbnail","6":"product_cat-sintered-metal-filters","7":"product_tag-industrial-filtration-element","8":"product_tag-inversafilterpurification","9":"product_tag-lvyuan-filter","10":"product_tag-purification-filter-series","11":"product_tag-stainless-steel-filter-elements","12":"product_tag-water-treatment-filter","14":"first","15":"instock","16":"shipping-taxable","17":"product-type-simple"},"_links":{"self":[{"href":"https:\/\/lyfilter.com\/es\/wp-json\/wp\/v2\/product\/4552","targetHints":{"allow":["GET"]}}],"collection":[{"href":"https:\/\/lyfilter.com\/es\/wp-json\/wp\/v2\/product"}],"about":[{"href":"https:\/\/lyfilter.com\/es\/wp-json\/wp\/v2\/types\/product"}],"replies":[{"embeddable":true,"href":"https:\/\/lyfilter.com\/es\/wp-json\/wp\/v2\/comments?post=4552"}],"wp:featuredmedia":[{"embeddable":true,"href":"https:\/\/lyfilter.com\/es\/wp-json\/wp\/v2\/media\/4554"}],"wp:attachment":[{"href":"https:\/\/lyfilter.com\/es\/wp-json\/wp\/v2\/media?parent=4552"}],"wp:term":[{"taxonomy":"product_brand","embeddable":true,"href":"https:\/\/lyfilter.com\/es\/wp-json\/wp\/v2\/product_brand?post=4552"},{"taxonomy":"product_cat","embeddable":true,"href":"https:\/\/lyfilter.com\/es\/wp-json\/wp\/v2\/product_cat?post=4552"},{"taxonomy":"product_tag","embeddable":true,"href":"https:\/\/lyfilter.com\/es\/wp-json\/wp\/v2\/product_tag?post=4552"}],"curies":[{"name":"wp","href":"https:\/\/api.w.org\/{rel}","templated":true}]}}