{"id":4521,"date":"2026-04-05T02:56:37","date_gmt":"2026-04-05T02:56:37","guid":{"rendered":"https:\/\/lyfilter.com\/"},"modified":"2026-04-21T02:51:15","modified_gmt":"2026-04-21T02:51:15","slug":"ss-304-316-stainless-steel-filter-housing-sterile-air-filter-for-compressed-air-filtration-system","status":"publish","type":"product","link":"https:\/\/lyfilter.com\/es\/ss-304-316-stainless-steel-filter-housing-sterile-air-filter-for-compressed-air-filtration-system\/","title":{"rendered":"SS 304 316 carcasa del filtro de acero inoxidable filtro de aire est\u00e9ril para el sistema de filtraci\u00f3n de aire comprimido"},"content":{"rendered":"<p>Esta carcasa de filtro de acero inoxidable SS 304 y 316 est\u00e1 fabricada para sistemas de aire est\u00e9ril y aire comprimido. Permite un flujo limpio, ayuda a proteger los equipos y ofrece una filtraci\u00f3n fiable con una estructura resistente para un uso diario estable.<\/p>","protected":false},"excerpt":{"rendered":"<table>\n<thead>\n<tr>\n<th>Campo<\/th>\n<th>Valor<\/th>\n<th>Campo<\/th>\n<th>Valor<\/th>\n<\/tr>\n<\/thead>\n<tbody>\n<tr>\n<td>Lugar de origen<\/td>\n<td>Guangdong, China<\/td>\n<td>Marca<\/td>\n<td>Lvyuan \/ OEM<\/td>\n<\/tr>\n<tr>\n<td>Material<\/td>\n<td>acero inoxidable<\/td>\n<td>Peso<\/td>\n<td>depende<\/td>\n<\/tr>\n<tr>\n<td>Talla<\/td>\n<td>est\u00e1ndar, personalizaci\u00f3n<\/td>\n<td>Potencia<\/td>\n<td>0<\/td>\n<\/tr>\n<tr>\n<td>Garant\u00eda<\/td>\n<td>1 a\u00f1o<\/td>\n<td>Servicio posventa<\/td>\n<td>Asistencia en l\u00ednea<\/td>\n<\/tr>\n<tr>\n<td>Nombre del producto<\/td>\n<td>Carcasa del filtro de aire de acero inoxidable<\/td>\n<td>material de la carcasa<\/td>\n<td>sus304, 316, 316L<\/td>\n<\/tr>\n<tr>\n<td>Cantidad de filtros de cartucho<\/td>\n<td>1 - 160 elementos\/rondas<\/td>\n<td>Longitud del cartucho filtrante<\/td>\n<td>5, 10, 20, 30, 40, 60 pulgadas, OEM<\/td>\n<\/tr>\n<tr>\n<td>Tratamiento de superficies<\/td>\n<td>Pulido y chorro de arena<\/td>\n<td>Tipo de tapa superior instalada<\/td>\n<td>pernos\/brida\/tipo de abrazadera<\/td>\n<\/tr>\n<tr>\n<td>Utilizaci\u00f3n<\/td>\n<td>planta de tratamiento de agua\/l\u00edquidos<\/td>\n<td>Grosor de la pared<\/td>\n<td>1-5 mm<\/td>\n<\/tr>\n<tr>\n<td>Tipo de conector<\/td>\n<td>c\u00f3digo 0 3 6 7 8 9<\/td>\n<td>Certificaci\u00f3n<\/td>\n<td>CE ISO SGS<\/td>\n<\/tr>\n<tr>\n<td>Capacidad de suministro<\/td>\n<td>2000 Piezas\/Pieza por mes<\/td>\n<td>Producto<\/td>\n<td>Filtro de aire est\u00e9ril<\/td>\n<\/tr>\n<\/tbody>\n<\/table>","protected":false},"featured_media":4525,"comment_status":"open","ping_status":"closed","template":"","meta":{"_gspb_post_css":""},"product_brand":[],"product_cat":[15],"product_tag":[1680,1534,1448,1678,34,1679],"class_list":{"0":"post-4521","1":"product","2":"type-product","3":"status-publish","4":"has-post-thumbnail","6":"product_cat-stainless-steel-filter-housing","7":"product_tag-compressed-air-filtration","8":"product_tag-inversafilterpurification","9":"product_tag-ss-304-filter-housing","10":"product_tag-ss-316-filter-housing","11":"product_tag-stainless-steel-filter-housing","12":"product_tag-sterile-air-filter","14":"first","15":"instock","16":"shipping-taxable","17":"product-type-simple"},"_links":{"self":[{"href":"https:\/\/lyfilter.com\/es\/wp-json\/wp\/v2\/product\/4521","targetHints":{"allow":["GET"]}}],"collection":[{"href":"https:\/\/lyfilter.com\/es\/wp-json\/wp\/v2\/product"}],"about":[{"href":"https:\/\/lyfilter.com\/es\/wp-json\/wp\/v2\/types\/product"}],"replies":[{"embeddable":true,"href":"https:\/\/lyfilter.com\/es\/wp-json\/wp\/v2\/comments?post=4521"}],"wp:featuredmedia":[{"embeddable":true,"href":"https:\/\/lyfilter.com\/es\/wp-json\/wp\/v2\/media\/4525"}],"wp:attachment":[{"href":"https:\/\/lyfilter.com\/es\/wp-json\/wp\/v2\/media?parent=4521"}],"wp:term":[{"taxonomy":"product_brand","embeddable":true,"href":"https:\/\/lyfilter.com\/es\/wp-json\/wp\/v2\/product_brand?post=4521"},{"taxonomy":"product_cat","embeddable":true,"href":"https:\/\/lyfilter.com\/es\/wp-json\/wp\/v2\/product_cat?post=4521"},{"taxonomy":"product_tag","embeddable":true,"href":"https:\/\/lyfilter.com\/es\/wp-json\/wp\/v2\/product_tag?post=4521"}],"curies":[{"name":"wp","href":"https:\/\/api.w.org\/{rel}","templated":true}]}}