{"id":4502,"date":"2026-04-05T02:44:00","date_gmt":"2026-04-05T02:44:00","guid":{"rendered":"https:\/\/lyfilter.com\/"},"modified":"2026-04-05T02:45:30","modified_gmt":"2026-04-05T02:45:30","slug":"lvyuan-filter-sintered-plastic-filter-highly-rated-for-industry","status":"publish","type":"product","link":"https:\/\/lyfilter.com\/es\/lvyuan-filter-sintered-plastic-filter-highly-rated-for-industry\/","title":{"rendered":"Lvyuan Filter Filtro de pl\u00e1stico sinterizado de alta calificaci\u00f3n para la industria"},"content":{"rendered":"<p>El filtro de pl\u00e1stico sinterizado Lvyuan est\u00e1 dise\u00f1ado para la purificaci\u00f3n de agua industrial con un flujo constante y una filtraci\u00f3n fiable. Ayuda a reducir las part\u00edculas no deseadas mientras que apoya una salida m\u00e1s limpia, un mantenimiento m\u00e1s f\u00e1cil y un funcionamiento a largo plazo.<\/p>","protected":false},"excerpt":{"rendered":"<table>\n<thead>\n<tr>\n<th>Campo<\/th>\n<th>Valor<\/th>\n<th>Campo<\/th>\n<th>Valor<\/th>\n<\/tr>\n<\/thead>\n<tbody>\n<tr>\n<td>Industrias aplicables<\/td>\n<td>Planta de fabricaci\u00f3n, f\u00e1brica de alimentos y bebidas, tratamiento de aguas<\/td>\n<td>Servicio post garant\u00eda<\/td>\n<td>Asistencia en l\u00ednea<\/td>\n<\/tr>\n<tr>\n<td>Ubicaci\u00f3n del servicio local<\/td>\n<td>ninguno<\/td>\n<td>Ubicaci\u00f3n de la sala de exposiciones<\/td>\n<td>ninguno<\/td>\n<\/tr>\n<tr>\n<td>Lugar de origen<\/td>\n<td>Guangdong, China<\/td>\n<td>Marca<\/td>\n<td>Lvyuan u OEM\/ ODM<\/td>\n<\/tr>\n<tr>\n<td>Material<\/td>\n<td>carb\u00f3n de coco, carb\u00f3n de coco, carb\u00f3n de hulla<\/td>\n<td>Peso<\/td>\n<td>personalizado<\/td>\n<\/tr>\n<tr>\n<td>Talla<\/td>\n<td>a medida, personalizado<\/td>\n<td>Potencia<\/td>\n<td>0<\/td>\n<\/tr>\n<tr>\n<td>Garant\u00eda<\/td>\n<td>No disponible<\/td>\n<td>Palabras clave<\/td>\n<td>filtro de carb\u00f3n activado para botellas<\/td>\n<\/tr>\n<tr>\n<td>Servicio posventa<\/td>\n<td>Asistencia en l\u00ednea<\/td>\n<td>Caracter\u00edstica<\/td>\n<td>eliminar olores, sedimentos, olores, etc.<\/td>\n<\/tr>\n<tr>\n<td>Aplicaci\u00f3n<\/td>\n<td>Prefiltraci\u00f3n<\/td>\n<td>Color<\/td>\n<td>Negro\/gris<\/td>\n<\/tr>\n<tr>\n<td>Tipo<\/td>\n<td>Piezas de filtros de agua<\/td>\n<td>Di\u00e1metro<\/td>\n<td>personalizado<\/td>\n<\/tr>\n<tr>\n<td>tasa de micras<\/td>\n<td>5\/10\/25 micras<\/td>\n<td>Capacidad de suministro<\/td>\n<td>500 piezas\/piezas por semana<\/td>\n<\/tr>\n<\/tbody>\n<\/table>","protected":false},"featured_media":4503,"comment_status":"open","ping_status":"closed","template":"","meta":{"_gspb_post_css":""},"product_brand":[],"product_cat":[24],"product_tag":[1675,334,1242,1674,1277,1182],"class_list":{"0":"post-4502","1":"product","2":"type-product","3":"status-publish","4":"has-post-thumbnail","6":"product_cat-sintered-porous-plastic","7":"product_tag-custom-filtration-services","8":"product_tag-industrial-water-filter","9":"product_tag-lvyuan-filter","10":"product_tag-plastic-filter-cartridge","11":"product_tag-sintered-plastic-filter","12":"product_tag-water-purification-filter","14":"first","15":"instock","16":"shipping-taxable","17":"product-type-simple"},"_links":{"self":[{"href":"https:\/\/lyfilter.com\/es\/wp-json\/wp\/v2\/product\/4502","targetHints":{"allow":["GET"]}}],"collection":[{"href":"https:\/\/lyfilter.com\/es\/wp-json\/wp\/v2\/product"}],"about":[{"href":"https:\/\/lyfilter.com\/es\/wp-json\/wp\/v2\/types\/product"}],"replies":[{"embeddable":true,"href":"https:\/\/lyfilter.com\/es\/wp-json\/wp\/v2\/comments?post=4502"}],"wp:featuredmedia":[{"embeddable":true,"href":"https:\/\/lyfilter.com\/es\/wp-json\/wp\/v2\/media\/4503"}],"wp:attachment":[{"href":"https:\/\/lyfilter.com\/es\/wp-json\/wp\/v2\/media?parent=4502"}],"wp:term":[{"taxonomy":"product_brand","embeddable":true,"href":"https:\/\/lyfilter.com\/es\/wp-json\/wp\/v2\/product_brand?post=4502"},{"taxonomy":"product_cat","embeddable":true,"href":"https:\/\/lyfilter.com\/es\/wp-json\/wp\/v2\/product_cat?post=4502"},{"taxonomy":"product_tag","embeddable":true,"href":"https:\/\/lyfilter.com\/es\/wp-json\/wp\/v2\/product_tag?post=4502"}],"curies":[{"name":"wp","href":"https:\/\/api.w.org\/{rel}","templated":true}]}}