{"id":4496,"date":"2026-04-05T02:40:02","date_gmt":"2026-04-05T02:40:02","guid":{"rendered":"https:\/\/lyfilter.com\/"},"modified":"2026-04-05T02:40:02","modified_gmt":"2026-04-05T02:40:02","slug":"lvyuan-filter-stainless-steel-sintered-filter-cartridge-with-custom-services-for-water-purification","status":"publish","type":"product","link":"https:\/\/lyfilter.com\/es\/lvyuan-filter-stainless-steel-sintered-filter-cartridge-with-custom-services-for-water-purification\/","title":{"rendered":"Lvyuan filtro de acero inoxidable sinterizado cartucho de filtro con servicios personalizados para la purificaci\u00f3n del agua"},"content":{"rendered":"<p>Lvyuan cartucho de filtro sinterizado de acero inoxidable apoya el flujo de agua limpia con una construcci\u00f3n s\u00f3lida, filtraci\u00f3n, y las opciones de servicio personalizado. Ayuda a reducir las impurezas al tiempo que ofrece un rendimiento duradero para los hogares y las necesidades industriales.<\/p>","protected":false},"excerpt":{"rendered":"<table>\n<thead>\n<tr>\n<th>Campo<\/th>\n<th>Valor<\/th>\n<th>Campo<\/th>\n<th>Valor<\/th>\n<\/tr>\n<\/thead>\n<tbody>\n<tr>\n<td>Industrias aplicables<\/td>\n<td>Planta de fabricaci\u00f3n, f\u00e1brica de alimentos y bebidas, tratamiento de aguas<\/td>\n<td>Lugar de origen<\/td>\n<td>Guangdong, China<\/td>\n<\/tr>\n<tr>\n<td>Marca<\/td>\n<td>Lvyuan,OEM,ODM<\/td>\n<td>Material<\/td>\n<td>polvo de titanio, polvo de titanio<\/td>\n<\/tr>\n<tr>\n<td>Peso<\/td>\n<td>personalizado<\/td>\n<td>Talla<\/td>\n<td>personalizado<\/td>\n<\/tr>\n<tr>\n<td>Potencia<\/td>\n<td>0<\/td>\n<td>Garant\u00eda<\/td>\n<td>No disponible<\/td>\n<\/tr>\n<tr>\n<td>Caracter\u00edstica<\/td>\n<td>buena permeabilidad<\/td>\n<td>Longitud<\/td>\n<td>10\/20\/30\/40 pulgadas<\/td>\n<\/tr>\n<tr>\n<td>Forma<\/td>\n<td>cilindro<\/td>\n<td>Utilizaci\u00f3n<\/td>\n<td>tratamiento del agua<\/td>\n<\/tr>\n<tr>\n<td>Aplicaci\u00f3n<\/td>\n<td>industria<\/td>\n<td>Color<\/td>\n<td>gris<\/td>\n<\/tr>\n<tr>\n<td>Embalaje<\/td>\n<td>caja de papel<\/td>\n<td>\u00edndice de eliminaci\u00f3n<\/td>\n<td>0,2 a 100 micras<\/td>\n<\/tr>\n<tr>\n<td>Ventaja<\/td>\n<td>f\u00e1cil de limpiar<\/td>\n<td>Servicio posventa<\/td>\n<td>Asistencia en l\u00ednea, sin servicio posventa<\/td>\n<\/tr>\n<tr>\n<td>Capacidad de suministro<\/td>\n<td>500 piezas\/piezas al mes<\/td>\n<td><\/td>\n<td><\/td>\n<\/tr>\n<\/tbody>\n<\/table>","protected":false},"featured_media":4497,"comment_status":"open","ping_status":"closed","template":"","meta":{"_gspb_post_css":""},"product_brand":[],"product_cat":[15],"product_tag":[1673,38,1242,1237,1167,1182],"class_list":{"0":"post-4496","1":"product","2":"type-product","3":"status-publish","4":"has-post-thumbnail","6":"product_cat-stainless-steel-filter-housing","7":"product_tag-custom-filter-services","8":"product_tag-industrial-water-filtration","9":"product_tag-lvyuan-filter","10":"product_tag-sintered-filter-cartridge","11":"product_tag-stainless-steel-filter-cartridge","12":"product_tag-water-purification-filter","14":"first","15":"instock","16":"shipping-taxable","17":"product-type-simple"},"_links":{"self":[{"href":"https:\/\/lyfilter.com\/es\/wp-json\/wp\/v2\/product\/4496","targetHints":{"allow":["GET"]}}],"collection":[{"href":"https:\/\/lyfilter.com\/es\/wp-json\/wp\/v2\/product"}],"about":[{"href":"https:\/\/lyfilter.com\/es\/wp-json\/wp\/v2\/types\/product"}],"replies":[{"embeddable":true,"href":"https:\/\/lyfilter.com\/es\/wp-json\/wp\/v2\/comments?post=4496"}],"wp:featuredmedia":[{"embeddable":true,"href":"https:\/\/lyfilter.com\/es\/wp-json\/wp\/v2\/media\/4497"}],"wp:attachment":[{"href":"https:\/\/lyfilter.com\/es\/wp-json\/wp\/v2\/media?parent=4496"}],"wp:term":[{"taxonomy":"product_brand","embeddable":true,"href":"https:\/\/lyfilter.com\/es\/wp-json\/wp\/v2\/product_brand?post=4496"},{"taxonomy":"product_cat","embeddable":true,"href":"https:\/\/lyfilter.com\/es\/wp-json\/wp\/v2\/product_cat?post=4496"},{"taxonomy":"product_tag","embeddable":true,"href":"https:\/\/lyfilter.com\/es\/wp-json\/wp\/v2\/product_tag?post=4496"}],"curies":[{"name":"wp","href":"https:\/\/api.w.org\/{rel}","templated":true}]}}