{"id":4489,"date":"2026-04-05T02:30:57","date_gmt":"2026-04-05T02:30:57","guid":{"rendered":"https:\/\/lyfilter.com\/"},"modified":"2026-04-05T02:30:57","modified_gmt":"2026-04-05T02:30:57","slug":"lvyuan-ss-bag-filter-wholesale-for-factory","status":"publish","type":"product","link":"https:\/\/lyfilter.com\/es\/lvyuan-ss-bag-filter-wholesale-for-factory\/","title":{"rendered":"Lvyuan SS Filtro de bolsa al por mayor para la f\u00e1brica"},"content":{"rendered":"<h3 class=\"do-entry-title\">Embalaje y entrega<\/h3>\n<div class=\"do-entry-list\">\n<dl class=\"do-entry-item\">\n<dt class=\"do-entry-item-key\">Unidades de venta:<\/dt>\n<dd class=\"do-entry-item-val\">Art\u00edculo \u00fanico<\/dd>\n<\/dl>\n<dl class=\"do-entry-item\">\n<dt class=\"do-entry-item-key\" title=\"Tama\u00f1o de envase individual:\">Tama\u00f1o de envase individual:<\/dt>\n<dd class=\"do-entry-item-val\">65X65X170 cm<\/dd>\n<\/dl>\n<dl class=\"do-entry-item\">\n<dt class=\"do-entry-item-key\" title=\"Peso bruto \u00fanico:\">Peso bruto \u00fanico:<\/dt>\n<dd class=\"do-entry-item-val\">56.500 kg<\/dd>\n<\/dl>\n<dl class=\"do-entry-item\">\n<dt class=\"do-entry-item-key\">Tipo de envase:<\/dt>\n<dd class=\"do-entry-item-val pkg-method\">caja de papel y estuche de madera.<\/dd>\n<\/dl>\n<dl class=\"do-entry-item\">\n<dt class=\"do-entry-item-key\" title=\"Plazos de entrega\">Plazos de entrega\u00a0<i class=\"next-icon next-icon-help next-icon-xs js-leadtimes-tips\"><\/i>:<\/dt>\n<dd class=\"do-entry-item-val\" title=\"Plazos de entrega\">\n<div class=\"table-responsive\">\n<table class=\"supply-ability-table ui2-table ui2-table-normal ui2-table-zebra ui2-table-hover\">\n<tbody>\n<tr>\n<td>Cantidad(Piezas)<\/td>\n<td>1 - 10<\/td>\n<td>11 - 20<\/td>\n<td>21 - 50<\/td>\n<td>&gt;50<\/td>\n<\/tr>\n<tr>\n<td>Est. Tiempo (d\u00edas)<\/td>\n<td>15<\/td>\n<td>25<\/td>\n<td>35<\/td>\n<td>A negociar<\/td>\n<\/tr>\n<\/tbody>\n<\/table>\n<\/div>\n<p><b>Ventajas de la empresa<\/b><br \/>\n<b>1.<\/b>\u00a0El filtro de bolsa inoxidable Lvyuan est\u00e1 dise\u00f1ado con un alto est\u00e1ndar. Est\u00e1 dise\u00f1ado para cumplir, probado o conforme con las normas internacionales como la protecci\u00f3n IP, UL y CE. Ofrece una excelente filtraci\u00f3n y buena estabilidad t\u00e9rmica<br \/>\n<b>2.<\/b>\u00a0Este producto no produce zumbidos molestos que puedan causar problemas de o\u00eddo. As\u00ed, los operarios pueden disfrutar de un entorno de trabajo silencioso. Dispone de una gran \u00e1rea efectiva de filtrado<br \/>\n<b>3.<\/b>\u00a0ss filtro de mangas ofrece mejores propiedades de filtro de mangas de acero inoxidable, as\u00ed como las caracter\u00edsticas de la carcasa del filtro de mangas de acero inoxidable pose\u00eddo. Viene con una amplia gama de longitudes para carcasas est\u00e1ndar y de flujo completo<\/dd>\n<\/dl>\n<\/div>","protected":false},"excerpt":{"rendered":"<table>\n<thead>\n<tr>\n<th>Campo<\/th>\n<th>Valor<\/th>\n<th>Campo<\/th>\n<th>Valor<\/th>\n<\/tr>\n<\/thead>\n<tbody>\n<tr>\n<td>Industrias aplicables<\/td>\n<td>Planta de fabricaci\u00f3n, f\u00e1brica de alimentos y bebidas, tratamiento de aguas<\/td>\n<td>Lugar de origen<\/td>\n<td>Guangdong, China<\/td>\n<\/tr>\n<tr>\n<td>Marca<\/td>\n<td>Lvyuan, OEM, ODM<\/td>\n<td>Material<\/td>\n<td>acero inoxidable 304<\/td>\n<\/tr>\n<tr>\n<td>Peso<\/td>\n<td>personalizado<\/td>\n<td>Talla<\/td>\n<td>personalizado<\/td>\n<\/tr>\n<tr>\n<td>Garant\u00eda<\/td>\n<td>1 a\u00f1o<\/td>\n<td>Servicio posventa<\/td>\n<td>Asistencia en l\u00ednea<\/td>\n<\/tr>\n<tr>\n<td>Caracter\u00edstica<\/td>\n<td>Buen sellado<\/td>\n<td>tama\u00f1o de la bolsa de filtro<\/td>\n<td>180*810mm<\/td>\n<\/tr>\n<tr>\n<td>Certificaci\u00f3n<\/td>\n<td>SGS<\/td>\n<td>material<\/td>\n<td>sus304<\/td>\n<\/tr>\n<tr>\n<td>Utilizaci\u00f3n<\/td>\n<td>filtraci\u00f3n de agua<\/td>\n<td>Aplicaci\u00f3n<\/td>\n<td>industria<\/td>\n<\/tr>\n<tr>\n<td>superficie<\/td>\n<td>pulido\/espejo<\/td>\n<td>Modelo<\/td>\n<td>BFW<\/td>\n<\/tr>\n<tr>\n<td>Materia prima<\/td>\n<td>acero inoxidable<\/td>\n<td>Presi\u00f3n de trabajo<\/td>\n<td>100Psi<\/td>\n<\/tr>\n<\/tbody>\n<\/table>","protected":false},"featured_media":4490,"comment_status":"open","ping_status":"closed","template":"","meta":{"_gspb_post_css":""},"product_brand":[],"product_cat":[1135],"product_tag":[1672,1534,1670,1671,1320,1136],"class_list":{"0":"post-4489","1":"product","2":"type-product","3":"status-publish","4":"has-post-thumbnail","6":"product_cat-stainless-steel-bag-filter-housing","7":"product_tag-factory-bag-filter","8":"product_tag-inversafilterpurification","9":"product_tag-lvyuan-ss-bag-filter","10":"product_tag-ss-bag-filter-wholesale","11":"product_tag-stainless-steel-bag-filter","12":"product_tag-water-filter-locks","14":"first","15":"instock","16":"shipping-taxable","17":"product-type-simple"},"_links":{"self":[{"href":"https:\/\/lyfilter.com\/es\/wp-json\/wp\/v2\/product\/4489","targetHints":{"allow":["GET"]}}],"collection":[{"href":"https:\/\/lyfilter.com\/es\/wp-json\/wp\/v2\/product"}],"about":[{"href":"https:\/\/lyfilter.com\/es\/wp-json\/wp\/v2\/types\/product"}],"replies":[{"embeddable":true,"href":"https:\/\/lyfilter.com\/es\/wp-json\/wp\/v2\/comments?post=4489"}],"wp:featuredmedia":[{"embeddable":true,"href":"https:\/\/lyfilter.com\/es\/wp-json\/wp\/v2\/media\/4490"}],"wp:attachment":[{"href":"https:\/\/lyfilter.com\/es\/wp-json\/wp\/v2\/media?parent=4489"}],"wp:term":[{"taxonomy":"product_brand","embeddable":true,"href":"https:\/\/lyfilter.com\/es\/wp-json\/wp\/v2\/product_brand?post=4489"},{"taxonomy":"product_cat","embeddable":true,"href":"https:\/\/lyfilter.com\/es\/wp-json\/wp\/v2\/product_cat?post=4489"},{"taxonomy":"product_tag","embeddable":true,"href":"https:\/\/lyfilter.com\/es\/wp-json\/wp\/v2\/product_tag?post=4489"}],"curies":[{"name":"wp","href":"https:\/\/api.w.org\/{rel}","templated":true}]}}