{"id":4483,"date":"2026-04-04T10:34:10","date_gmt":"2026-04-04T10:34:10","guid":{"rendered":"https:\/\/lyfilter.com\/"},"modified":"2026-04-04T10:34:10","modified_gmt":"2026-04-04T10:34:10","slug":"stainless-filter-housing-iso-9001-by-lvyuan-filter","status":"publish","type":"product","link":"https:\/\/lyfilter.com\/es\/stainless-filter-housing-iso-9001-by-lvyuan-filter\/","title":{"rendered":"Carcasa de filtro inoxidable ISO 9001 de Lvyuan Filter"},"content":{"rendered":"<p><b>Detalles de la carcasa inoxidable del filtro<\/b><\/p>\n<p>&nbsp;<\/p>\n<p><b>Especificaci\u00f3n del producto<\/b><\/p>\n<p>Disponibilidad: OEM<\/p>\n<p>Material: Acero inoxidable<\/p>\n<p>&nbsp;<\/p>\n<p><b>Resumen r\u00e1pido<\/b><\/p>\n<p>Los equipos mec\u00e1nicos de Lvyuan Water Purification Equipment tienen un dise\u00f1o razonable, una estructura compacta y un rendimiento estable. Adem\u00e1s, nuestro producto es f\u00e1cil y conveniente de operar e instalar. Siendo ampliamente reconocido por m\u00e1s clientes, resulta ser eficaz que\u00a0<a href=\"https:\/\/lyfilter.com\/es\/\">Filtro Lvyuan<\/a>\u00a0tambi\u00e9n debe prestar atenci\u00f3n al dise\u00f1o de la carcasa del filtro inoxidable. El buen ambiente de la zona de producci\u00f3n y el taller es una de las condiciones para mejorar su calidad. Centr\u00e1ndose en la calidad del producto, Guangzhou Lvyuan Water Purification Equipment Co., Ltd. ha establecido una completa red de ventas en algunas de las principales ciudades del pa\u00eds.<\/p>\n<p>&nbsp;<\/p>\n<p><b>Descripci\u00f3n del producto<\/b><\/p>\n<p>La carcasa del filtro inoxidable del equipo de purificaci\u00f3n de agua Lvyuan se ha mejorado mucho en los siguientes aspectos.<\/p>\n<p><strong>Carcasa de filtro de acero inoxidable de n\u00facleo \u00fanico Big Blue<\/strong><\/p>","protected":false},"excerpt":{"rendered":"<table>\n<thead>\n<tr>\n<th>Campo<\/th>\n<th>Valor<\/th>\n<th>Campo<\/th>\n<th>Valor<\/th>\n<\/tr>\n<\/thead>\n<tbody>\n<tr>\n<td>Puerto de inicio<\/td>\n<td>Guangzhou<\/td>\n<td>Capacidad de producci\u00f3n<\/td>\n<td>10000 unidades\/Mes<\/td>\n<\/tr>\n<tr>\n<td>Certificaci\u00f3n<\/td>\n<td>ISO 9001<\/td>\n<td><\/td>\n<td><\/td>\n<\/tr>\n<\/tbody>\n<\/table>","protected":false},"featured_media":4487,"comment_status":"open","ping_status":"closed","template":"","meta":{"_gspb_post_css":""},"product_brand":[],"product_cat":[15],"product_tag":[1534,1303,1186,1541,1136,1443],"class_list":{"0":"post-4483","1":"product","2":"type-product","3":"status-publish","4":"has-post-thumbnail","6":"product_cat-stainless-steel-filter-housing","7":"product_tag-inversafilterpurification","8":"product_tag-iso-9001-filter-housing","9":"product_tag-lvyuan-filter-housing","10":"product_tag-stainless-filter-housing","11":"product_tag-water-filter-locks","12":"product_tag-water-filtration-housing","14":"first","15":"instock","16":"shipping-taxable","17":"product-type-simple"},"_links":{"self":[{"href":"https:\/\/lyfilter.com\/es\/wp-json\/wp\/v2\/product\/4483","targetHints":{"allow":["GET"]}}],"collection":[{"href":"https:\/\/lyfilter.com\/es\/wp-json\/wp\/v2\/product"}],"about":[{"href":"https:\/\/lyfilter.com\/es\/wp-json\/wp\/v2\/types\/product"}],"replies":[{"embeddable":true,"href":"https:\/\/lyfilter.com\/es\/wp-json\/wp\/v2\/comments?post=4483"}],"wp:featuredmedia":[{"embeddable":true,"href":"https:\/\/lyfilter.com\/es\/wp-json\/wp\/v2\/media\/4487"}],"wp:attachment":[{"href":"https:\/\/lyfilter.com\/es\/wp-json\/wp\/v2\/media?parent=4483"}],"wp:term":[{"taxonomy":"product_brand","embeddable":true,"href":"https:\/\/lyfilter.com\/es\/wp-json\/wp\/v2\/product_brand?post=4483"},{"taxonomy":"product_cat","embeddable":true,"href":"https:\/\/lyfilter.com\/es\/wp-json\/wp\/v2\/product_cat?post=4483"},{"taxonomy":"product_tag","embeddable":true,"href":"https:\/\/lyfilter.com\/es\/wp-json\/wp\/v2\/product_tag?post=4483"}],"curies":[{"name":"wp","href":"https:\/\/api.w.org\/{rel}","templated":true}]}}