{"id":4476,"date":"2026-04-04T10:28:17","date_gmt":"2026-04-04T10:28:17","guid":{"rendered":"https:\/\/lyfilter.com\/"},"modified":"2026-04-04T10:28:17","modified_gmt":"2026-04-04T10:28:17","slug":"safe-sintered-metal-filter-cartridge-with-custom-services-for-industry","status":"publish","type":"product","link":"https:\/\/lyfilter.com\/es\/safe-sintered-metal-filter-cartridge-with-custom-services-for-industry\/","title":{"rendered":"Cartucho filtrante de metal sinterizado seguro con servicios personalizados para la industria"},"content":{"rendered":"<p>Fabricado para la filtraci\u00f3n industrial, este seguro cartucho filtrante de metal sinterizado ofrece un flujo estable, una resistencia duradera y un control fiable de las part\u00edculas. InversaFilterPurification ofrece servicios personalizados, asistencia pr\u00e1ctica y calidad de confianza para el uso diario en producci\u00f3n.<\/p>","protected":false},"excerpt":{"rendered":"<table>\n<thead>\n<tr>\n<th>Campo<\/th>\n<th>Valor<\/th>\n<th>Campo<\/th>\n<th>Valor<\/th>\n<\/tr>\n<\/thead>\n<tbody>\n<tr>\n<td>Servicio post garant\u00eda<\/td>\n<td>Asistencia en l\u00ednea<\/td>\n<td>Ubicaci\u00f3n del servicio local<\/td>\n<td>ninguno<\/td>\n<\/tr>\n<tr>\n<td>Ubicaci\u00f3n de la sala de exposiciones<\/td>\n<td>ninguno<\/td>\n<td>V\u00eddeo de la inspecci\u00f3n de salida<\/td>\n<td>Proporcionado<\/td>\n<\/tr>\n<tr>\n<td>Informe de ensayo de maquinaria<\/td>\n<td>Proporcionado<\/td>\n<td>Tipo de comercializaci\u00f3n<\/td>\n<td>Producto ordinario<\/td>\n<\/tr>\n<tr>\n<td>Garant\u00eda de los componentes principales<\/td>\n<td>1 a\u00f1o<\/td>\n<td>Componentes b\u00e1sicos<\/td>\n<td>Recipiente a presi\u00f3n<\/td>\n<\/tr>\n<tr>\n<td>Lugar de origen<\/td>\n<td>Guangdong, China<\/td>\n<td>Marca<\/td>\n<td>Lvyuan\/OEM<\/td>\n<\/tr>\n<tr>\n<td>Garant\u00eda<\/td>\n<td>1 a\u00f1o<\/td>\n<td>Servicio posventa<\/td>\n<td>Asistencia en l\u00ednea<\/td>\n<\/tr>\n<tr>\n<td>Nombre del producto<\/td>\n<td>filtro de vapor<\/td>\n<td>Tasa de micras<\/td>\n<td>0,1 a 400 micras<\/td>\n<\/tr>\n<tr>\n<td>Dimensi\u00f3n OEM<\/td>\n<td>Disponible<\/td>\n<td>Longitud<\/td>\n<td>5\u2033, 10\u2033, 20\u2033, 30\u2033, 40\u2033, 50\u201d, 60\u201d pulgadas<\/td>\n<\/tr>\n<tr>\n<td>Acero inoxidable Material<\/td>\n<td>304, 316, 316L<\/td>\n<td>Formulario de interfaz<\/td>\n<td>Interfaz de rosca 222, 226, 215, M36, M24, M22, M20<\/td>\n<\/tr>\n<tr>\n<td>Capa<\/td>\n<td>filtro de cartucho de malla\/plisado<\/td>\n<td>Utilizaci\u00f3n<\/td>\n<td>filtraci\u00f3n de gases y l\u00edquidos<\/td>\n<\/tr>\n<tr>\n<td>Resistencia al calor<\/td>\n<td>-200 - 500 grados<\/td>\n<td>Presi\u00f3n de trabajo<\/td>\n<td>0,1 a 30Mpa<\/td>\n<\/tr>\n<\/tbody>\n<\/table>","protected":false},"featured_media":4477,"comment_status":"open","ping_status":"closed","template":"","meta":{"_gspb_post_css":""},"product_brand":[],"product_cat":[1202],"product_tag":[1664,1346,1534,1663,1665,1136],"class_list":{"0":"post-4476","1":"product","2":"type-product","3":"status-publish","4":"has-post-thumbnail","6":"product_cat-filter-cartridge","7":"product_tag-custom-metal-filter-service","8":"product_tag-industrial-sintered-filter","9":"product_tag-inversafilterpurification","10":"product_tag-safe-sintered-metal-filter-cartridge","11":"product_tag-sintered-cartridge-for-industry","12":"product_tag-water-filter-locks","14":"first","15":"instock","16":"shipping-taxable","17":"product-type-simple"},"_links":{"self":[{"href":"https:\/\/lyfilter.com\/es\/wp-json\/wp\/v2\/product\/4476","targetHints":{"allow":["GET"]}}],"collection":[{"href":"https:\/\/lyfilter.com\/es\/wp-json\/wp\/v2\/product"}],"about":[{"href":"https:\/\/lyfilter.com\/es\/wp-json\/wp\/v2\/types\/product"}],"replies":[{"embeddable":true,"href":"https:\/\/lyfilter.com\/es\/wp-json\/wp\/v2\/comments?post=4476"}],"wp:featuredmedia":[{"embeddable":true,"href":"https:\/\/lyfilter.com\/es\/wp-json\/wp\/v2\/media\/4477"}],"wp:attachment":[{"href":"https:\/\/lyfilter.com\/es\/wp-json\/wp\/v2\/media?parent=4476"}],"wp:term":[{"taxonomy":"product_brand","embeddable":true,"href":"https:\/\/lyfilter.com\/es\/wp-json\/wp\/v2\/product_brand?post=4476"},{"taxonomy":"product_cat","embeddable":true,"href":"https:\/\/lyfilter.com\/es\/wp-json\/wp\/v2\/product_cat?post=4476"},{"taxonomy":"product_tag","embeddable":true,"href":"https:\/\/lyfilter.com\/es\/wp-json\/wp\/v2\/product_tag?post=4476"}],"curies":[{"name":"wp","href":"https:\/\/api.w.org\/{rel}","templated":true}]}}