{"id":4473,"date":"2026-04-04T10:23:43","date_gmt":"2026-04-04T10:23:43","guid":{"rendered":"https:\/\/lyfilter.com\/"},"modified":"2026-04-04T10:23:43","modified_gmt":"2026-04-04T10:23:43","slug":"safe-stainless-steel-cartridge-filter-housing-factory-price-for-water-purification","status":"publish","type":"product","link":"https:\/\/lyfilter.com\/es\/safe-stainless-steel-cartridge-filter-housing-factory-price-for-water-purification\/","title":{"rendered":"Precio de f\u00e1brica seguro de la cubierta del filtro del cartucho del acero inoxidable para la purificaci\u00f3n del agua"},"content":{"rendered":"<p><b>Ventajas de la empresa<\/b><br \/>\n<b>1.<\/b>\u00a0Detalles de primera calidad perfectamente mostrados en la carcasa del filtro de cartucho de acero inoxidable . Est\u00e1 disponible en una amplia selecci\u00f3n de clasificaciones de micras de 1 a 100 \u03bcm<br \/>\n<b>2.<\/b>\u00a0El producto es econ\u00f3mico y se ha utilizado ampliamente en todos los \u00e1mbitos de la vida. El medio filtrante est\u00e1 unido t\u00e9rmicamente para evitar el desprendimiento de fibras a la vez que proporciona caudales constantes<br \/>\n<b>3.<\/b>\u00a0El producto presenta una construcci\u00f3n robusta. Fabricado con metales resistentes, es capaz de soportar diversos tipos de elementos, como golpes y vibraciones. No segrega material disoluble durante el funcionamiento.<br \/>\n<b>4.<\/b>\u00a0El producto tiene una superficie met\u00e1lica elegante. Los tratamientos de bru\u00f1ido y rectificado de alta precisi\u00f3n han minimizado la rugosidad de la superficie del producto. Tiene mayor capacidad de retenci\u00f3n de suciedad y mayor vida \u00fatil<br \/>\n<b>5.<\/b>\u00a0El producto es f\u00e1cil de usar. La pantalla ofrece una visualizaci\u00f3n completa del estado actual de la m\u00e1quina, incluido el tiempo de ciclo, el tiempo de inactividad, la eficiencia y el estado de vida \u00fatil de las piezas. Presenta un alto caudal y una precisi\u00f3n de filtrado estable.<\/p>\n<p>&nbsp;<\/p>\n<h3 class=\"do-entry-title\">Embalaje y entrega<\/h3>\n<div class=\"do-entry-list\">\n<dl class=\"do-entry-item\">\n<dt class=\"do-entry-item-key\">Unidades de venta:<\/dt>\n<dd class=\"do-entry-item-val\">Art\u00edculo \u00fanico<\/dd>\n<\/dl>\n<dl class=\"do-entry-item\">\n<dt class=\"do-entry-item-key\" title=\"Tama\u00f1o de envase individual:\">Tama\u00f1o de envase individual:<\/dt>\n<dd class=\"do-entry-item-val\">35X18X25 cm<\/dd>\n<\/dl>\n<dl class=\"do-entry-item\">\n<dt class=\"do-entry-item-key\" title=\"Peso bruto \u00fanico:\">Peso bruto \u00fanico:<\/dt>\n<dd class=\"do-entry-item-val\">3.000 kg<\/dd>\n<\/dl>\n<dl class=\"do-entry-item\">\n<dt class=\"do-entry-item-key\">Tipo de envase:<\/dt>\n<dd class=\"do-entry-item-val pkg-method\">C\u00f3digo de cartucho de filtro de 50 micras \u00fanico filtro de l\u00edquido de acero inoxidable industrial de 10 pulgadas con carcasa SS 1\/4\u2033 v\u00e1lvula de drenaje: Embalaje: Caja est\u00e1ndar de exportaci\u00f3n\/Como se requiera<\/dd>\n<\/dl>\n<dl class=\"do-entry-item\">\n<dt class=\"do-entry-item-key\" title=\"Plazos de entrega\">Plazos de entrega\u00a0<i class=\"next-icon next-icon-help next-icon-xs js-leadtimes-tips\"><\/i>:<\/dt>\n<dd class=\"do-entry-item-val\" title=\"Plazos de entrega\">\n<div class=\"table-responsive\">\n<table class=\"supply-ability-table ui2-table ui2-table-normal ui2-table-zebra ui2-table-hover\">\n<tbody>\n<tr>\n<td>Cantidad(Piezas)<\/td>\n<td>1 - 10<\/td>\n<td>11 - 100<\/td>\n<td>&gt;100<\/td>\n<\/tr>\n<tr>\n<td>Est. Tiempo (d\u00edas)<\/td>\n<td>5<\/td>\n<td>10<\/td>\n<td>A negociar<\/td>\n<\/tr>\n<\/tbody>\n<\/table>\n<\/div>\n<\/dd>\n<\/dl>\n<\/div>","protected":false},"excerpt":{"rendered":"<table>\n<thead>\n<tr>\n<th>Campo<\/th>\n<th>Valor<\/th>\n<th>Campo<\/th>\n<th>Valor<\/th>\n<\/tr>\n<\/thead>\n<tbody>\n<tr>\n<td>Lugar de origen<\/td>\n<td>Guangdong, China<\/td>\n<td>Marca<\/td>\n<td>LVYUAN\/OEM<\/td>\n<\/tr>\n<tr>\n<td>Garant\u00eda<\/td>\n<td>1 a\u00f1o<\/td>\n<td>Servicio posventa<\/td>\n<td>Asistencia en l\u00ednea<\/td>\n<\/tr>\n<tr>\n<td>Nombre del art\u00edculo<\/td>\n<td>Cartucho filtrante simple Filtro industrial de acero inoxidable para l\u00edquidos<\/td>\n<td>Material de la carcasa<\/td>\n<td>SS304\/SS316L<\/td>\n<\/tr>\n<tr>\n<td>Longitud del cartucho filtrante<\/td>\n<td>10\u2033 20\u2033 30\u2033 40\u2033<\/td>\n<td>Cantidad de filtros de cartucho<\/td>\n<td>Un solo n\u00facleo<\/td>\n<\/tr>\n<tr>\n<td>Tratamiento de superficies<\/td>\n<td>Pulido y chorro de arena<\/td>\n<td>Junta t\u00f3rica<\/td>\n<td>Silastic\/NBR\/EPDM\/Viton<\/td>\n<\/tr>\n<tr>\n<td>Tipo de tapa superior instalada<\/td>\n<td>Tipo de abrazadera<\/td>\n<td>Tipo de conector<\/td>\n<td>222\/226\/DOE<\/td>\n<\/tr>\n<tr>\n<td>Tipo de entrada y salida<\/td>\n<td>Rosca interior<\/td>\n<td>M\u00e9todo de envasado<\/td>\n<td>Caja est\u00e1ndar para exportaci\u00f3n<\/td>\n<\/tr>\n<\/tbody>\n<\/table>","protected":false},"featured_media":4475,"comment_status":"open","ping_status":"closed","template":"","meta":{"_gspb_post_css":""},"product_brand":[],"product_cat":[15],"product_tag":[1661,1534,1662,1660,1136,1451],"class_list":{"0":"post-4473","1":"product","2":"type-product","3":"status-publish","4":"has-post-thumbnail","6":"product_cat-stainless-steel-filter-housing","7":"product_tag-factory-price-filter-housing","8":"product_tag-inversafilterpurification","9":"product_tag-safe-water-filter-housing","10":"product_tag-stainless-steel-cartridge-filter-housing","11":"product_tag-water-filter-locks","12":"product_tag-water-purification-filter-housing","14":"first","15":"instock","16":"shipping-taxable","17":"product-type-simple"},"_links":{"self":[{"href":"https:\/\/lyfilter.com\/es\/wp-json\/wp\/v2\/product\/4473","targetHints":{"allow":["GET"]}}],"collection":[{"href":"https:\/\/lyfilter.com\/es\/wp-json\/wp\/v2\/product"}],"about":[{"href":"https:\/\/lyfilter.com\/es\/wp-json\/wp\/v2\/types\/product"}],"replies":[{"embeddable":true,"href":"https:\/\/lyfilter.com\/es\/wp-json\/wp\/v2\/comments?post=4473"}],"wp:featuredmedia":[{"embeddable":true,"href":"https:\/\/lyfilter.com\/es\/wp-json\/wp\/v2\/media\/4475"}],"wp:attachment":[{"href":"https:\/\/lyfilter.com\/es\/wp-json\/wp\/v2\/media?parent=4473"}],"wp:term":[{"taxonomy":"product_brand","embeddable":true,"href":"https:\/\/lyfilter.com\/es\/wp-json\/wp\/v2\/product_brand?post=4473"},{"taxonomy":"product_cat","embeddable":true,"href":"https:\/\/lyfilter.com\/es\/wp-json\/wp\/v2\/product_cat?post=4473"},{"taxonomy":"product_tag","embeddable":true,"href":"https:\/\/lyfilter.com\/es\/wp-json\/wp\/v2\/product_tag?post=4473"}],"curies":[{"name":"wp","href":"https:\/\/api.w.org\/{rel}","templated":true}]}}