{"id":4453,"date":"2026-04-04T10:09:41","date_gmt":"2026-04-04T10:09:41","guid":{"rendered":"https:\/\/lyfilter.com\/"},"modified":"2026-04-04T10:09:42","modified_gmt":"2026-04-04T10:09:42","slug":"cylinder-tube-design-10-microns-fined-coconut-shell-carbon-filter-carbon-block-filter-for-pure-drinking-water-filter","status":"publish","type":"product","link":"https:\/\/lyfilter.com\/es\/cylinder-tube-design-10-microns-fined-coconut-shell-carbon-filter-carbon-block-filter-for-pure-drinking-water-filter\/","title":{"rendered":"Cilindro de dise\u00f1o de tubo de 10 micras finos de c\u00e1scara de coco filtro de carb\u00f3n Filtro de bloque de carb\u00f3n para el filtro de agua potable pura"},"content":{"rendered":"<h3 class=\"do-entry-title\">Embalaje y entrega<\/h3>\n<div class=\"do-entry-list\">\n<dl class=\"do-entry-item\">\n<dt class=\"do-entry-item-key\">Unidades de venta:<\/dt>\n<dd class=\"do-entry-item-val\">Art\u00edculo \u00fanico<\/dd>\n<\/dl>\n<dl class=\"do-entry-item\">\n<dt class=\"do-entry-item-key\" title=\"Tama\u00f1o de envase individual:\">Tama\u00f1o de envase individual:<\/dt>\n<dd class=\"do-entry-item-val\">6,5X2,8X25 cm<\/dd>\n<\/dl>\n<dl class=\"do-entry-item\">\n<dt class=\"do-entry-item-key\" title=\"Peso bruto \u00fanico:\">Peso bruto \u00fanico:<\/dt>\n<dd class=\"do-entry-item-val\">0,200 kg<\/dd>\n<\/dl>\n<dl class=\"do-entry-item\">\n<dt class=\"do-entry-item-key\">Tipo de envase:<\/dt>\n<dd class=\"do-entry-item-val pkg-method\">Dise\u00f1o de tubo cil\u00edndrico de 10 micras de finura de carb\u00f3n de c\u00e1scara de coco sinterizado filtro de bloque de carb\u00f3n : 53x33x33cm, 64x33x33cm<\/dd>\n<\/dl>\n<dl class=\"do-entry-item\">\n<dt class=\"do-entry-item-key\" title=\"Plazos de entrega\">Plazos de entrega\u00a0<i class=\"next-icon next-icon-help next-icon-xs js-leadtimes-tips\"><\/i>:<\/dt>\n<dd class=\"do-entry-item-val\" title=\"Plazos de entrega\">\n<div class=\"table-responsive\">\n<table class=\"supply-ability-table ui2-table ui2-table-normal ui2-table-zebra ui2-table-hover\">\n<tbody>\n<tr>\n<td>Cantidad(Piezas)<\/td>\n<td>1 - 100<\/td>\n<td>101 - 500<\/td>\n<td>501 - 5000<\/td>\n<td>&gt;5000<\/td>\n<\/tr>\n<tr>\n<td>Est. Tiempo (d\u00edas)<\/td>\n<td>3<\/td>\n<td>5<\/td>\n<td>10<\/td>\n<td>A negociar<\/td>\n<\/tr>\n<\/tbody>\n<\/table>\n<\/div>\n<\/dd>\n<\/dl>\n<\/div>","protected":false},"excerpt":{"rendered":"<table>\n<thead>\n<tr>\n<th>Campo<\/th>\n<th>Valor<\/th>\n<th>Campo<\/th>\n<th>Valor<\/th>\n<\/tr>\n<\/thead>\n<tbody>\n<tr>\n<td>Lugar de origen<\/td>\n<td>Guangdong, China<\/td>\n<td>Servicio posventa<\/td>\n<td>Centros de llamadas en el extranjero, asistencia en l\u00ednea<\/td>\n<\/tr>\n<tr>\n<td>Garant\u00eda<\/td>\n<td>1 a\u00f1o<\/td>\n<td>Certificaci\u00f3n<\/td>\n<td>GS, SGS\/ISO<\/td>\n<\/tr>\n<tr>\n<td>Aplicaci\u00f3n<\/td>\n<td>Comercial<\/td>\n<td>Fuente de energ\u00eda<\/td>\n<td>Manual<\/td>\n<\/tr>\n<tr>\n<td>Nombre del producto<\/td>\n<td>filtro de bloque de carb\u00f3n sinterizado<\/td>\n<td>Material<\/td>\n<td>Carb\u00f3n de coco activado sinterizado<\/td>\n<\/tr>\n<tr>\n<td>Longitud<\/td>\n<td>10-1050 mm<\/td>\n<td>OD<\/td>\n<td>14-121 mm<\/td>\n<\/tr>\n<tr>\n<td>ID<\/td>\n<td>6-50 mm<\/td>\n<td>Tasa de micra<\/td>\n<td>0,5-20um<\/td>\n<\/tr>\n<tr>\n<td>Valor de yodo<\/td>\n<td>hasta 1000<\/td>\n<td>Caudal<\/td>\n<td>\u2264300L\/h<\/td>\n<\/tr>\n<\/tbody>\n<\/table>","protected":false},"featured_media":4456,"comment_status":"open","ping_status":"closed","template":"","meta":{"_gspb_post_css":""},"product_brand":[],"product_cat":[1339],"product_tag":[1649,1650,1652,1534,1651,1136],"class_list":{"0":"post-4453","1":"product","2":"type-product","3":"status-publish","4":"has-post-thumbnail","6":"product_cat-carbon-filter","7":"product_tag-10-micron-carbon-block-filter","8":"product_tag-coconut-shell-carbon-filter","9":"product_tag-cylinder-tube-carbon-filter","10":"product_tag-inversafilterpurification","11":"product_tag-pure-drinking-water-filter","12":"product_tag-water-filter-locks","14":"first","15":"instock","16":"shipping-taxable","17":"product-type-simple"},"_links":{"self":[{"href":"https:\/\/lyfilter.com\/es\/wp-json\/wp\/v2\/product\/4453","targetHints":{"allow":["GET"]}}],"collection":[{"href":"https:\/\/lyfilter.com\/es\/wp-json\/wp\/v2\/product"}],"about":[{"href":"https:\/\/lyfilter.com\/es\/wp-json\/wp\/v2\/types\/product"}],"replies":[{"embeddable":true,"href":"https:\/\/lyfilter.com\/es\/wp-json\/wp\/v2\/comments?post=4453"}],"wp:featuredmedia":[{"embeddable":true,"href":"https:\/\/lyfilter.com\/es\/wp-json\/wp\/v2\/media\/4456"}],"wp:attachment":[{"href":"https:\/\/lyfilter.com\/es\/wp-json\/wp\/v2\/media?parent=4453"}],"wp:term":[{"taxonomy":"product_brand","embeddable":true,"href":"https:\/\/lyfilter.com\/es\/wp-json\/wp\/v2\/product_brand?post=4453"},{"taxonomy":"product_cat","embeddable":true,"href":"https:\/\/lyfilter.com\/es\/wp-json\/wp\/v2\/product_cat?post=4453"},{"taxonomy":"product_tag","embeddable":true,"href":"https:\/\/lyfilter.com\/es\/wp-json\/wp\/v2\/product_tag?post=4453"}],"curies":[{"name":"wp","href":"https:\/\/api.w.org\/{rel}","templated":true}]}}