{"id":4448,"date":"2026-04-04T10:02:01","date_gmt":"2026-04-04T10:02:01","guid":{"rendered":"https:\/\/lyfilter.com\/"},"modified":"2026-04-04T10:02:01","modified_gmt":"2026-04-04T10:02:01","slug":"lvyuan-pleated-sediment-filter-suppliers-for-sea-water","status":"publish","type":"product","link":"https:\/\/lyfilter.com\/es\/lvyuan-pleated-sediment-filter-suppliers-for-sea-water\/","title":{"rendered":"Lvyuan Sedimento Plisado Filtro Proveedores Para Agua De Mar"},"content":{"rendered":"<p><b>Ventajas de la empresa<\/b><br \/>\n<b>1.<\/b>\u00a0<a href=\"https:\/\/lyfilter.com\/es\/pleated-filter-cartridge.html\/\">elemento filtrante de pliegues<\/a>\u00a0es el modelo cl\u00e1sico fabricado por Lvyuan Water Purification Equipment , que es muy popular en el mercado chino. Tambi\u00e9n puede filtrar part\u00edculas, organismos microbianos, \u00f3xido f\u00e9rrico y otras impurezas...<br \/>\n<b>2.<\/b>\u00a0Guangzhou Lvyuan Water Purification Equipment Co., Ltd. hace que la diversidad, como la calidad y el servicio al cliente, sea una ventaja competitiva. El medio filtrante est\u00e1 unido t\u00e9rmicamente para evitar el desprendimiento de fibras y proporcionar al mismo tiempo caudales constantes.<br \/>\n<b>3.<\/b>\u00a0El producto tiene un punto de fusi\u00f3n fino. Es un material refractario optimizado que puede evitar que reaccione con los materiales fundidos. Es resistente a la putrefacci\u00f3n, los \u00e1cidos y los \u00e1lcalis, y los disolventes org\u00e1nicos e inorg\u00e1nicos.<br \/>\n<b>4.<\/b>\u00a0Este producto ofrece rigidez plana y resistencia a la flexi\u00f3n. Al apilar mercanc\u00edas, permanece estable mientras no se alcance la carga l\u00edmite. El dise\u00f1o de gradiente graduado le ayuda a evitar atascos r\u00e1pidos.<br \/>\n<b>5.<\/b>\u00a0El producto funciona de forma muy silenciosa. En comparaci\u00f3n con las turbinas e\u00f3licas y los dispositivos hidroel\u00e9ctricos, que son incre\u00edblemente ruidosos, no hace ning\u00fan ruido. No segrega material disoluble durante el funcionamiento.<\/p>\n<div class=\"pro_aliData\">\n<div class=\"detail-box\">\n<div class=\"scc-wrapper detail-module module-cspu\" data-module=\"cspu\"><\/div>\n<div class=\"scc-wrapper detail-module module-productPackagingAndQuickDetail\" data-spm=\"prilinga1e\">\n<div class=\"widget-detail-overview\">\n<div class=\"do-title\">Visi\u00f3n general<\/div>\n<div id=\"car-parts-model\"><\/div>\n<div class=\"do-content\">\n<div class=\"do-overview\">\n<div class=\"do-entry do-entry-separate\">\n<div class=\"do-entry-title\">Detalles r\u00e1pidos<\/div>\n<\/div>\n<\/div>\n<\/div>\n<\/div>\n<\/div>\n<\/div>\n<\/div>","protected":false},"excerpt":{"rendered":"<table>\n<thead>\n<tr>\n<th>Campo<\/th>\n<th>Valor<\/th>\n<th>Campo<\/th>\n<th>Valor<\/th>\n<\/tr>\n<\/thead>\n<tbody>\n<tr>\n<td>Servicio post garant\u00eda<\/td>\n<td>Asistencia en l\u00ednea<\/td>\n<td>Ubicaci\u00f3n del servicio local<\/td>\n<td>ninguno<\/td>\n<\/tr>\n<tr>\n<td>Ubicaci\u00f3n de la sala de exposiciones<\/td>\n<td>ninguno<\/td>\n<td>V\u00eddeo de la inspecci\u00f3n de salida<\/td>\n<td>Proporcionado<\/td>\n<\/tr>\n<tr>\n<td>Informe de ensayo de maquinaria<\/td>\n<td>No disponible<\/td>\n<td>Tipo de comercializaci\u00f3n<\/td>\n<td>Producto ordinario<\/td>\n<\/tr>\n<tr>\n<td>Garant\u00eda de los componentes principales<\/td>\n<td>No disponible<\/td>\n<td>Lugar de origen<\/td>\n<td>Guangdong, China<\/td>\n<\/tr>\n<tr>\n<td>Marca<\/td>\n<td>Lvyuan \/ OEM<\/td>\n<td>Material<\/td>\n<td>Elemento filtrante plegado<\/td>\n<\/tr>\n<tr>\n<td>Peso<\/td>\n<td>depende<\/td>\n<td>Talla<\/td>\n<td>est\u00e1ndar, personalizaci\u00f3n<\/td>\n<\/tr>\n<tr>\n<td>Potencia<\/td>\n<td>0<\/td>\n<td>Garant\u00eda<\/td>\n<td>No disponible<\/td>\n<\/tr>\n<tr>\n<td>Nombre del producto<\/td>\n<td>filtro de membrana pes<\/td>\n<td>Tasa de micras<\/td>\n<td>0,1, 0,5, 1, 5, 10 ~60um<\/td>\n<\/tr>\n<tr>\n<td>Cartucho plisado Material<\/td>\n<td>PP\/PTFE\/PES \/Nil\u00f3n 6 \/PVDF<\/td>\n<td>Longitud<\/td>\n<td>5\u2033, 10\u2033, 20\u2033, 30\u2033, 40\u2033, OEM<\/td>\n<\/tr>\n<tr>\n<td>Medio filtrante<\/td>\n<td>Membrana de polietersulfuro de alta asimetr\u00eda<\/td>\n<td>Tapa<\/td>\n<td>DOE, 222+Fin, 222+Piso, 226+Fin, 226+Piso<\/td>\n<\/tr>\n<tr>\n<td>Material de la junta\/anillo<\/td>\n<td>Silicio\/EPDM\/NBR\/Vit\u00f3n\/Te-lfon<\/td>\n<td>Utilizaci\u00f3n<\/td>\n<td>elementos filtrantes para l\u00edquidos, piezas para filtros de agua<\/td>\n<\/tr>\n<tr>\n<td>N\u00facleo interno<\/td>\n<td>PP \/ acero inoxidable<\/td>\n<td>Certificaci\u00f3n<\/td>\n<td>SGS\/ISO9001<\/td>\n<\/tr>\n<tr>\n<td>Componentes b\u00e1sicos<\/td>\n<td>elemento filtrante de cartucho<\/td>\n<td>Capacidad de suministro<\/td>\n<td>50000 Piece\/Pieces por elemento del filtro del agua del mes<\/td>\n<\/tr>\n<\/tbody>\n<\/table>","protected":false},"featured_media":4449,"comment_status":"open","ping_status":"closed","template":"","meta":{"_gspb_post_css":""},"product_brand":[],"product_cat":[21],"product_tag":[1534,1643,1645,1644,1544,1136],"class_list":{"0":"post-4448","1":"product","2":"type-product","3":"status-publish","4":"has-post-thumbnail","6":"product_cat-pleated-filter-cartridge","7":"product_tag-inversafilterpurification","8":"product_tag-lvyuan-pleated-sediment-filter","9":"product_tag-marine-water-treatment-filter","10":"product_tag-pleated-water-filter-supplier","11":"product_tag-sea-water-sediment-filter","12":"product_tag-water-filter-locks","14":"first","15":"instock","16":"shipping-taxable","17":"product-type-simple"},"_links":{"self":[{"href":"https:\/\/lyfilter.com\/es\/wp-json\/wp\/v2\/product\/4448","targetHints":{"allow":["GET"]}}],"collection":[{"href":"https:\/\/lyfilter.com\/es\/wp-json\/wp\/v2\/product"}],"about":[{"href":"https:\/\/lyfilter.com\/es\/wp-json\/wp\/v2\/types\/product"}],"replies":[{"embeddable":true,"href":"https:\/\/lyfilter.com\/es\/wp-json\/wp\/v2\/comments?post=4448"}],"wp:featuredmedia":[{"embeddable":true,"href":"https:\/\/lyfilter.com\/es\/wp-json\/wp\/v2\/media\/4449"}],"wp:attachment":[{"href":"https:\/\/lyfilter.com\/es\/wp-json\/wp\/v2\/media?parent=4448"}],"wp:term":[{"taxonomy":"product_brand","embeddable":true,"href":"https:\/\/lyfilter.com\/es\/wp-json\/wp\/v2\/product_brand?post=4448"},{"taxonomy":"product_cat","embeddable":true,"href":"https:\/\/lyfilter.com\/es\/wp-json\/wp\/v2\/product_cat?post=4448"},{"taxonomy":"product_tag","embeddable":true,"href":"https:\/\/lyfilter.com\/es\/wp-json\/wp\/v2\/product_tag?post=4448"}],"curies":[{"name":"wp","href":"https:\/\/api.w.org\/{rel}","templated":true}]}}