{"id":4442,"date":"2026-04-04T09:59:24","date_gmt":"2026-04-04T09:59:24","guid":{"rendered":"https:\/\/lyfilter.com\/"},"modified":"2026-04-04T09:59:24","modified_gmt":"2026-04-04T09:59:24","slug":"factory-price-rv-water-carbon-filter-system-for-industry-water-treatment","status":"publish","type":"product","link":"https:\/\/lyfilter.com\/es\/factory-price-rv-water-carbon-filter-system-for-industry-water-treatment\/","title":{"rendered":"Precio de f\u00e1brica RV sistema de filtro de carb\u00f3n de agua para la industria de tratamiento de agua"},"content":{"rendered":"<p>Construido para el tratamiento de agua industrial, este sistema de filtro de carb\u00f3n de agua para veh\u00edculos recreativos permite un flujo m\u00e1s limpio, una mejor reducci\u00f3n de olores y un rendimiento diario fiable. InversaFilterPurification ofrece valor de precio de f\u00e1brica, calidad duradera y soporte de filtraci\u00f3n pr\u00e1ctica.<\/p>","protected":false},"excerpt":{"rendered":"<table>\n<thead>\n<tr>\n<th>Campo<\/th>\n<th>Valor<\/th>\n<th>Campo<\/th>\n<th>Valor<\/th>\n<\/tr>\n<\/thead>\n<tbody>\n<tr>\n<td>Servicio post garant\u00eda<\/td>\n<td>Asistencia en l\u00ednea<\/td>\n<td>Ubicaci\u00f3n del servicio local<\/td>\n<td>ninguno<\/td>\n<\/tr>\n<tr>\n<td>Ubicaci\u00f3n de la sala de exposiciones<\/td>\n<td>ninguno<\/td>\n<td>Lugar de origen<\/td>\n<td>Guangdong, China<\/td>\n<\/tr>\n<tr>\n<td>Marca<\/td>\n<td>Lvyuan u OEM\/ ODM<\/td>\n<td>Material<\/td>\n<td>carb\u00f3n de coco, carb\u00f3n de coco, carb\u00f3n de hulla<\/td>\n<\/tr>\n<tr>\n<td>Peso<\/td>\n<td>personalizado<\/td>\n<td>Talla<\/td>\n<td>a medida, personalizado<\/td>\n<\/tr>\n<tr>\n<td>Potencia<\/td>\n<td>0<\/td>\n<td>Garant\u00eda<\/td>\n<td>No disponible<\/td>\n<\/tr>\n<tr>\n<td>Palabras clave<\/td>\n<td>sistema de filtrado de agua con carb\u00f3n para veh\u00edculos recreativos<\/td>\n<td>Servicio posventa<\/td>\n<td>Asistencia en l\u00ednea<\/td>\n<\/tr>\n<tr>\n<td>Caracter\u00edstica<\/td>\n<td>eliminar olores, sedimentos, olores, etc.<\/td>\n<td>Aplicaci\u00f3n<\/td>\n<td>Prefiltraci\u00f3n<\/td>\n<\/tr>\n<tr>\n<td>Color<\/td>\n<td>Negro\/gris<\/td>\n<td>Tipo<\/td>\n<td>Piezas de filtros de agua<\/td>\n<\/tr>\n<tr>\n<td>Di\u00e1metro<\/td>\n<td>personalizado<\/td>\n<td>tasa de micras<\/td>\n<td>5\/10\/25 micras<\/td>\n<\/tr>\n<tr>\n<td>Capacidad de suministro<\/td>\n<td>500 piezas\/piezas por semana<\/td>\n<td><\/td>\n<td><\/td>\n<\/tr>\n<\/tbody>\n<\/table>","protected":false},"featured_media":4447,"comment_status":"open","ping_status":"closed","template":"","meta":{"_gspb_post_css":""},"product_brand":[],"product_cat":[1339],"product_tag":[1642,1075,856,1534,1641,1136],"class_list":{"0":"post-4442","1":"product","2":"type-product","3":"status-publish","4":"has-post-thumbnail","6":"product_cat-carbon-filter","7":"product_tag-carbon-filter-system","8":"product_tag-factory-price-water-filter","9":"product_tag-industrial-water-treatment-filter","10":"product_tag-inversafilterpurification","11":"product_tag-rv-water-carbon-filter-system","12":"product_tag-water-filter-locks","14":"first","15":"instock","16":"shipping-taxable","17":"product-type-simple"},"_links":{"self":[{"href":"https:\/\/lyfilter.com\/es\/wp-json\/wp\/v2\/product\/4442","targetHints":{"allow":["GET"]}}],"collection":[{"href":"https:\/\/lyfilter.com\/es\/wp-json\/wp\/v2\/product"}],"about":[{"href":"https:\/\/lyfilter.com\/es\/wp-json\/wp\/v2\/types\/product"}],"replies":[{"embeddable":true,"href":"https:\/\/lyfilter.com\/es\/wp-json\/wp\/v2\/comments?post=4442"}],"wp:featuredmedia":[{"embeddable":true,"href":"https:\/\/lyfilter.com\/es\/wp-json\/wp\/v2\/media\/4447"}],"wp:attachment":[{"href":"https:\/\/lyfilter.com\/es\/wp-json\/wp\/v2\/media?parent=4442"}],"wp:term":[{"taxonomy":"product_brand","embeddable":true,"href":"https:\/\/lyfilter.com\/es\/wp-json\/wp\/v2\/product_brand?post=4442"},{"taxonomy":"product_cat","embeddable":true,"href":"https:\/\/lyfilter.com\/es\/wp-json\/wp\/v2\/product_cat?post=4442"},{"taxonomy":"product_tag","embeddable":true,"href":"https:\/\/lyfilter.com\/es\/wp-json\/wp\/v2\/product_tag?post=4442"}],"curies":[{"name":"wp","href":"https:\/\/api.w.org\/{rel}","templated":true}]}}