{"id":4429,"date":"2026-04-04T09:53:46","date_gmt":"2026-04-04T09:53:46","guid":{"rendered":"https:\/\/lyfilter.com\/"},"modified":"2026-04-04T09:53:47","modified_gmt":"2026-04-04T09:53:47","slug":"20-inch-water-filter-housing-oem-lvyuan-by-lvyuan-filter","status":"publish","type":"product","link":"https:\/\/lyfilter.com\/es\/20-inch-water-filter-housing-oem-lvyuan-by-lvyuan-filter\/","title":{"rendered":"Carcasa de filtro de agua de 20 pulgadas OEM\/Lvyuan by Lvyuan Filter"},"content":{"rendered":"<p><b>Ventajas de la empresa<\/b><\/p>\n<p>- 20 pulgadas\u00a0<a href=\"https:\/\/lyfilter.com\/es\/stainless-steel-filter-housing.html\/\">carcasa del filtro de agua<\/a>\u00a0impresionar\u00e1 a los usuarios con funciones atractivas y estilos distintivos.<\/p>\n<p>- Cada aspecto del producto se somete a estrictas pruebas para cumplir las normas de calidad internacionales.<\/p>\n<p>- Guangzhou Lvyuan Water Purification Equipment Co., Ltd. ha crecido significativamente y se ha ganado una reputaci\u00f3n de liderazgo, calidad e integridad en su campo respectivo.<\/p>\n<p>&nbsp;<\/p>\n<p><strong>Sistema de filtraci\u00f3n m\u00f3vil de acero inoxidable<\/strong><\/p>\n<p>El equipo de sistema de filtro de bolsa m\u00f3vil producido por Guangzhou Lvyuan incluye un filtro de bolsa est\u00e1ndar (40AM, 80AM, 40AST, 840AST), Wei Li o Wilden PW25\/50 bomba neum\u00e1tica de doble c\u00e1mara de diafragma, caja de interruptor de control, La salida DN25, DN50 tubo exterior de recogida est\u00e1 conectado, y la entrada DN25, DN50 brida de tubo exterior de recogida o dispositivo de conexi\u00f3n de alambre exterior est\u00e1 instalado en la plataforma de instalaci\u00f3n del carro. Se puede mover libremente a cualquier l\u00ednea de producci\u00f3n de trabajo con un solo paso de instalaci\u00f3n fija para la filtraci\u00f3n.<\/p>","protected":false},"excerpt":{"rendered":"<table>\n<thead>\n<tr>\n<th>Campo<\/th>\n<th>Valor<\/th>\n<\/tr>\n<\/thead>\n<tbody>\n<tr>\n<td>Puerto de inicio<\/td>\n<td>Guangzhou<\/td>\n<\/tr>\n<tr>\n<td>Capacidad de producci\u00f3n<\/td>\n<td>10000 unidades\/Mes<\/td>\n<\/tr>\n<tr>\n<td>Pago<\/td>\n<td>T\/T, Garant\u00eda Comercial Alibaba<\/td>\n<\/tr>\n<tr>\n<td>Marca<\/td>\n<td>OEM\/Lvyuan<\/td>\n<\/tr>\n<\/tbody>\n<\/table>","protected":false},"featured_media":4435,"comment_status":"open","ping_status":"closed","template":"","meta":{"_gspb_post_css":""},"product_brand":[],"product_cat":[15],"product_tag":[1634,1636,1534,1186,1635,1136],"class_list":{"0":"post-4429","1":"product","2":"type-product","3":"status-publish","4":"has-post-thumbnail","6":"product_cat-stainless-steel-filter-housing","7":"product_tag-20-inch-water-filter-housing","8":"product_tag-filter-housing-for-water-system","9":"product_tag-inversafilterpurification","10":"product_tag-lvyuan-filter-housing","11":"product_tag-water-filter-housing-oem","12":"product_tag-water-filter-locks","14":"first","15":"instock","16":"shipping-taxable","17":"product-type-simple"},"_links":{"self":[{"href":"https:\/\/lyfilter.com\/es\/wp-json\/wp\/v2\/product\/4429","targetHints":{"allow":["GET"]}}],"collection":[{"href":"https:\/\/lyfilter.com\/es\/wp-json\/wp\/v2\/product"}],"about":[{"href":"https:\/\/lyfilter.com\/es\/wp-json\/wp\/v2\/types\/product"}],"replies":[{"embeddable":true,"href":"https:\/\/lyfilter.com\/es\/wp-json\/wp\/v2\/comments?post=4429"}],"wp:featuredmedia":[{"embeddable":true,"href":"https:\/\/lyfilter.com\/es\/wp-json\/wp\/v2\/media\/4435"}],"wp:attachment":[{"href":"https:\/\/lyfilter.com\/es\/wp-json\/wp\/v2\/media?parent=4429"}],"wp:term":[{"taxonomy":"product_brand","embeddable":true,"href":"https:\/\/lyfilter.com\/es\/wp-json\/wp\/v2\/product_brand?post=4429"},{"taxonomy":"product_cat","embeddable":true,"href":"https:\/\/lyfilter.com\/es\/wp-json\/wp\/v2\/product_cat?post=4429"},{"taxonomy":"product_tag","embeddable":true,"href":"https:\/\/lyfilter.com\/es\/wp-json\/wp\/v2\/product_tag?post=4429"}],"curies":[{"name":"wp","href":"https:\/\/api.w.org\/{rel}","templated":true}]}}