{"id":4427,"date":"2026-04-04T09:47:11","date_gmt":"2026-04-04T09:47:11","guid":{"rendered":"https:\/\/lyfilter.com\/"},"modified":"2026-04-04T09:47:11","modified_gmt":"2026-04-04T09:47:11","slug":"low-cost-seawater-desalination-plant-for-boat-on-sailing","status":"publish","type":"product","link":"https:\/\/lyfilter.com\/es\/low-cost-seawater-desalination-plant-for-boat-on-sailing\/","title":{"rendered":"Planta desalinizadora de agua de mar de bajo coste para barcos a vela"},"content":{"rendered":"<p>Capacidad: de 5000LPD a 100000LPD<br \/>\nTDS: 800ppm<br \/>\nAgua potable apta para uso residencial o mar\u00edtimo<\/p>\n<div id=\"J-rich-text-description\">\n<p>- Introducci\u00f3n a la generaci\u00f3n<\/p>\n<p>Los equipos de desalinizaci\u00f3n de agua de mar de peque\u00f1a y mediana capacidad de la serie LY-FSHB son adecuados para islas, buques de navegaci\u00f3n mar\u00edtima, estaciones y ciudades costeras, ya que eliminan eficazmente la sal no org\u00e1nica, los minerales, los virus org\u00e1nicos y las bacterias, y convierten el agua de mar en agua potable mediante la aplicaci\u00f3n de la avanzada tecnolog\u00eda de \u00f3smosis inversa. El agua potable producida es apta para el consumo humano o el riego.<\/p>\n<p>&nbsp;<\/p>\n<p>- Breve proceso<\/p>\n<p>Agua de mar \u2192Dep\u00f3sito de agua\u2192 Bomba de refuerzo\u2192 Filtro mec\u00e1nico \u2192Filtro de seguridad\u2192 Bomba de alta presi\u00f3n \u2192 M\u00f3dulos de membrana RO de desalinizaci\u00f3n de agua de mar \u2192 Dep\u00f3sito de agua potable.<\/p>\n<p>&nbsp;<\/p>\n<p>- Ventajas<\/p>\n<p>&nbsp;<\/p>\n<p>Este equipo de agua adapta la membrana de \u00f3smosis inversa de desalinizaci\u00f3n de agua de mar America DOW que tiene una alta relaci\u00f3n de desalinizaci\u00f3n y un rendimiento estable y seguro. La bomba de alta presi\u00f3n RO que tiene protecci\u00f3n de alta y baja presi\u00f3n de la m\u00e1quina es de marca y se utiliza especialmente para la desalinizaci\u00f3n de agua de mar. Este dispositivo puede garantizar la seguridad de toda la m\u00e1quina. El agua potable producida por esta m\u00e1quina es clara y no tiene productos qu\u00edmicos y se puede beber directamente.<\/p>\n<p>Esta m\u00e1quina est\u00e1 dise\u00f1ada de tama\u00f1o peque\u00f1o, por lo que es ligero, conveniente para la instalaci\u00f3n y adaptaci\u00f3n. Es f\u00e1cil de operar y mantener.<\/p>\n<p>&nbsp;<\/p>\n<\/div>","protected":false},"excerpt":{"rendered":"<table>\n<thead>\n<tr>\n<th>Campo<\/th>\n<th>Valor<\/th>\n<\/tr>\n<\/thead>\n<tbody>\n<tr>\n<td>Industrias aplicables<\/td>\n<td>F\u00e1brica de alimentos y bebidas, Obras de construcci\u00f3n, Tiendas de alimentos y bebidas<\/td>\n<\/tr>\n<tr>\n<td>Servicio post garant\u00eda<\/td>\n<td>Asistencia en l\u00ednea<\/td>\n<\/tr>\n<tr>\n<td>Ubicaci\u00f3n del servicio local<\/td>\n<td>ninguno<\/td>\n<\/tr>\n<tr>\n<td>Ubicaci\u00f3n de la sala de exposiciones<\/td>\n<td>ninguno<\/td>\n<\/tr>\n<tr>\n<td>V\u00eddeo de la inspecci\u00f3n de salida<\/td>\n<td>Proporcionado<\/td>\n<\/tr>\n<tr>\n<td>Informe de ensayo de maquinaria<\/td>\n<td>Proporcionado<\/td>\n<\/tr>\n<tr>\n<td>Tipo de comercializaci\u00f3n<\/td>\n<td>Producto ordinario<\/td>\n<\/tr>\n<tr>\n<td>Garant\u00eda de los componentes principales<\/td>\n<td>1 a\u00f1o<\/td>\n<\/tr>\n<tr>\n<td>Componentes b\u00e1sicos<\/td>\n<td>Recipiente a presi\u00f3n, Motor<\/td>\n<\/tr>\n<tr>\n<td>Lugar de origen<\/td>\n<td>Guangdong, China<\/td>\n<\/tr>\n<tr>\n<td>Marca<\/td>\n<td>Lvyuan\/OEM<\/td>\n<\/tr>\n<tr>\n<td>Garant\u00eda<\/td>\n<td>1 a\u00f1o<\/td>\n<\/tr>\n<tr>\n<td>Servicio posventa<\/td>\n<td>Asistencia en l\u00ednea<\/td>\n<\/tr>\n<tr>\n<td>tipo1<\/td>\n<td>desalinizaci\u00f3n de agua de mar<\/td>\n<\/tr>\n<tr>\n<td>tipo2<\/td>\n<td>desalinizaci\u00f3n de agua amarga<\/td>\n<\/tr>\n<tr>\n<td>tipo3<\/td>\n<td>sistema purificador de agua ro<\/td>\n<\/tr>\n<tr>\n<td>tasa de agua<\/td>\n<td>5000LPD-100000LPD<\/td>\n<\/tr>\n<tr>\n<td>tasa de desalinizaci\u00f3n<\/td>\n<td>98%<\/td>\n<\/tr>\n<tr>\n<td>presi\u00f3n de trabajo<\/td>\n<td>3,5-6,5MPa<\/td>\n<\/tr>\n<tr>\n<td>uso<\/td>\n<td>hacer agua pura para velero<\/td>\n<\/tr>\n<tr>\n<td>proceso central<\/td>\n<td>membrana de \u00f3smosis inversa<\/td>\n<\/tr>\n<tr>\n<td>esterilizaci\u00f3n<\/td>\n<td>Esterilizador UV<\/td>\n<\/tr>\n<tr>\n<td>uso2<\/td>\n<td>desalinizaci\u00f3n de agua de mar para barcos<\/td>\n<\/tr>\n<tr>\n<td>Capacidad de suministro<\/td>\n<td>5 series por semana<\/td>\n<\/tr>\n<\/tbody>\n<\/table>","protected":false},"featured_media":4428,"comment_status":"open","ping_status":"closed","template":"","meta":{"_gspb_post_css":""},"product_brand":[],"product_cat":[1628],"product_tag":[1630,1534,1629,1632,1631,1633],"class_list":{"0":"post-4427","1":"product","2":"type-product","3":"status-publish","4":"has-post-thumbnail","6":"product_cat-seawater-desalination-plant","7":"product_tag-boat-desalination-system","8":"product_tag-inversafilterpurification","9":"product_tag-low-cost-seawater-desalination-plant","10":"product_tag-marine-water-purification","11":"product_tag-sailing-water-maker","12":"product_tag-seawater-treatment-system","14":"first","15":"instock","16":"shipping-taxable","17":"product-type-simple"},"_links":{"self":[{"href":"https:\/\/lyfilter.com\/es\/wp-json\/wp\/v2\/product\/4427","targetHints":{"allow":["GET"]}}],"collection":[{"href":"https:\/\/lyfilter.com\/es\/wp-json\/wp\/v2\/product"}],"about":[{"href":"https:\/\/lyfilter.com\/es\/wp-json\/wp\/v2\/types\/product"}],"replies":[{"embeddable":true,"href":"https:\/\/lyfilter.com\/es\/wp-json\/wp\/v2\/comments?post=4427"}],"wp:featuredmedia":[{"embeddable":true,"href":"https:\/\/lyfilter.com\/es\/wp-json\/wp\/v2\/media\/4428"}],"wp:attachment":[{"href":"https:\/\/lyfilter.com\/es\/wp-json\/wp\/v2\/media?parent=4427"}],"wp:term":[{"taxonomy":"product_brand","embeddable":true,"href":"https:\/\/lyfilter.com\/es\/wp-json\/wp\/v2\/product_brand?post=4427"},{"taxonomy":"product_cat","embeddable":true,"href":"https:\/\/lyfilter.com\/es\/wp-json\/wp\/v2\/product_cat?post=4427"},{"taxonomy":"product_tag","embeddable":true,"href":"https:\/\/lyfilter.com\/es\/wp-json\/wp\/v2\/product_tag?post=4427"}],"curies":[{"name":"wp","href":"https:\/\/api.w.org\/{rel}","templated":true}]}}