{"id":4384,"date":"2026-04-04T08:58:10","date_gmt":"2026-04-04T08:58:10","guid":{"rendered":"https:\/\/lyfilter.com\/"},"modified":"2026-04-04T08:58:10","modified_gmt":"2026-04-04T08:58:10","slug":"lvyuan-filter-pp-sediment-filter-with-good-price-for-water","status":"publish","type":"product","link":"https:\/\/lyfilter.com\/es\/lvyuan-filter-pp-sediment-filter-with-good-price-for-water\/","title":{"rendered":"Lvyuan Filtro PP Filtro de sedimentos con buen precio para el agua"},"content":{"rendered":"<p><b>Ventajas de la empresa<\/b><br \/>\n<b>1.<\/b>\u00a0<a href=\"https:\/\/lyfilter.com\/es\/\">Filtro Lvyuan<\/a>\u00a0se construye mediante un sofisticado proceso de producci\u00f3n. Hay que forjarla, prensarla, soldarla, procesarla mec\u00e1nicamente, limpiarla, revestirla, etc. Al estar soldadas t\u00e9rmicamente, sus tapas no son propensas a agrietarse o desprenderse.<br \/>\n<b>2.<\/b>\u00a0El producto tiene una gran variedad de aplicaciones para las que es adecuado. Est\u00e1 fabricado con polipropileno 100%.<br \/>\n<b>3.<\/b>\u00a0Este producto consume poca energ\u00eda. Cuando no est\u00e1 en funcionamiento, puede ponerse autom\u00e1ticamente en modo de espera para ayudar a minimizar el consumo de energ\u00eda. Puede proporcionar an\u00e1lisis y resultados precisos para aplicaciones sensibles de cromatograf\u00eda i\u00f3nica.<br \/>\n<b>4.<\/b>\u00a0Este producto se caracteriza por un funcionamiento estable y fiable. Mantiene el nivel m\u00e1s alto sin interrupci\u00f3n. Ofrece una filtraci\u00f3n excelente y una buena estabilidad t\u00e9rmica.<br \/>\n<b>5.<\/b>\u00a0La estructura del producto es estable. Sus componentes mec\u00e1nicos est\u00e1n dise\u00f1ados para ser r\u00edgidos y resistentes para soportar las piezas m\u00f3viles. Tambi\u00e9n puede filtrar part\u00edculas, organismos microbianos, \u00f3xido f\u00e9rrico y otras impurezas.<\/p>\n<p>&nbsp;<\/p>\n<h3 class=\"do-entry-title\">Embalaje y entrega<\/h3>\n<div class=\"do-entry-list\">\n<dl class=\"do-entry-item\">\n<dt class=\"do-entry-item-key\">Unidades de venta:<\/dt>\n<dd class=\"do-entry-item-val\">Art\u00edculo \u00fanico<\/dd>\n<\/dl>\n<dl class=\"do-entry-item\">\n<dt class=\"do-entry-item-key\" title=\"Tama\u00f1o de envase individual:\">Tama\u00f1o de envase individual:<\/dt>\n<dd class=\"do-entry-item-val\">20X20X10 cm<\/dd>\n<\/dl>\n<dl class=\"do-entry-item\">\n<dt class=\"do-entry-item-key\" title=\"Peso bruto \u00fanico:\">Peso bruto \u00fanico:<\/dt>\n<dd class=\"do-entry-item-val\">1.000 kg<\/dd>\n<\/dl>\n<dl class=\"do-entry-item\">\n<dt class=\"do-entry-item-key\">Tipo de envase:<\/dt>\n<dd class=\"do-entry-item-val pkg-method\">SS304 316 acero inoxidable 40 micras filtro de polvo \/ filtro de vela de metal sinterizado para el sistema de filtraci\u00f3n de gas: Embalaje individual (caja interior)<\/dd>\n<\/dl>\n<dl class=\"do-entry-item\">\n<dt class=\"do-entry-item-key\" title=\"Plazos de entrega\">Plazos de entrega\u00a0<i class=\"next-icon next-icon-help next-icon-xs js-leadtimes-tips\"><\/i>:<\/dt>\n<dd class=\"do-entry-item-val\" title=\"Plazos de entrega\">\n<div class=\"table-responsive\">\n<table class=\"supply-ability-table ui2-table ui2-table-normal ui2-table-zebra ui2-table-hover\">\n<tbody>\n<tr>\n<td>Cantidad(Piezas)<\/td>\n<td>1 - 100<\/td>\n<td>&gt;100<\/td>\n<\/tr>\n<tr>\n<td>Est. Tiempo (d\u00edas)<\/td>\n<td>10<\/td>\n<td>A negociar<\/td>\n<\/tr>\n<\/tbody>\n<\/table>\n<\/div>\n<\/dd>\n<\/dl>\n<\/div>","protected":false},"excerpt":{"rendered":"<table>\n<thead>\n<tr>\n<th>Campo<\/th>\n<th>Valor<\/th>\n<\/tr>\n<\/thead>\n<tbody>\n<tr>\n<td>Industrias aplicables<\/td>\n<td>Tiendas de alimentaci\u00f3n y bebidas<\/td>\n<\/tr>\n<tr>\n<td>Servicio post garant\u00eda<\/td>\n<td>Asistencia en l\u00ednea<\/td>\n<\/tr>\n<tr>\n<td>Ubicaci\u00f3n del servicio local<\/td>\n<td>ninguno<\/td>\n<\/tr>\n<tr>\n<td>Ubicaci\u00f3n de la sala de exposiciones<\/td>\n<td>ninguno<\/td>\n<\/tr>\n<tr>\n<td>V\u00eddeo de la inspecci\u00f3n de salida<\/td>\n<td>Proporcionado<\/td>\n<\/tr>\n<tr>\n<td>Informe de ensayo de maquinaria<\/td>\n<td>Proporcionado<\/td>\n<\/tr>\n<tr>\n<td>Tipo de comercializaci\u00f3n<\/td>\n<td>Producto ordinario<\/td>\n<\/tr>\n<tr>\n<td>Garant\u00eda de los componentes principales<\/td>\n<td>1 a\u00f1o<\/td>\n<\/tr>\n<tr>\n<td>Componentes b\u00e1sicos<\/td>\n<td>Recipiente a presi\u00f3n<\/td>\n<\/tr>\n<tr>\n<td>Lugar de origen<\/td>\n<td>China<\/td>\n<\/tr>\n<tr>\n<td>Garant\u00eda<\/td>\n<td>1 a\u00f1o<\/td>\n<\/tr>\n<tr>\n<td>Servicio posventa<\/td>\n<td>Asistencia en l\u00ednea<\/td>\n<\/tr>\n<tr>\n<td>Nombre<\/td>\n<td>filtro de velas de metal sinterizado<\/td>\n<\/tr>\n<tr>\n<td>Material<\/td>\n<td>SS304\/316L<\/td>\n<\/tr>\n<tr>\n<td>Longitud<\/td>\n<td>10\/20\/30\/40\/60 pulgadas<\/td>\n<\/tr>\n<tr>\n<td>Micron<\/td>\n<td>1 - 300um<\/td>\n<\/tr>\n<tr>\n<td>Capas<\/td>\n<td>5 capas<\/td>\n<\/tr>\n<tr>\n<td>Formulario de interfaz<\/td>\n<td>222,226,215, M36, M24, M22, M20 interfaz de rosca<\/td>\n<\/tr>\n<tr>\n<td>Resistencia al calor<\/td>\n<td>- 200 - 500 grados<\/td>\n<\/tr>\n<tr>\n<td>Presi\u00f3n de trabajo<\/td>\n<td>0,1 - 30Mpa<\/td>\n<\/tr>\n<tr>\n<td>Talla<\/td>\n<td>Personalizado<\/td>\n<\/tr>\n<\/tbody>\n<\/table>","protected":false},"featured_media":4386,"comment_status":"open","ping_status":"closed","template":"","meta":{"_gspb_post_css":""},"product_brand":[],"product_cat":[23],"product_tag":[1607,1534,1605,729,1606,1136],"class_list":{"0":"post-4384","1":"product","2":"type-product","3":"status-publish","4":"has-post-thumbnail","6":"product_cat-pp-filter-cartridge","7":"product_tag-affordable-water-sediment-filter","8":"product_tag-inversafilterpurification","9":"product_tag-lvyuan-pp-sediment-filter","10":"product_tag-polypropylene-filter-cartridge","11":"product_tag-pp-sediment-filter-for-water","12":"product_tag-water-filter-locks","14":"first","15":"instock","16":"shipping-taxable","17":"product-type-simple"},"_links":{"self":[{"href":"https:\/\/lyfilter.com\/es\/wp-json\/wp\/v2\/product\/4384","targetHints":{"allow":["GET"]}}],"collection":[{"href":"https:\/\/lyfilter.com\/es\/wp-json\/wp\/v2\/product"}],"about":[{"href":"https:\/\/lyfilter.com\/es\/wp-json\/wp\/v2\/types\/product"}],"replies":[{"embeddable":true,"href":"https:\/\/lyfilter.com\/es\/wp-json\/wp\/v2\/comments?post=4384"}],"wp:featuredmedia":[{"embeddable":true,"href":"https:\/\/lyfilter.com\/es\/wp-json\/wp\/v2\/media\/4386"}],"wp:attachment":[{"href":"https:\/\/lyfilter.com\/es\/wp-json\/wp\/v2\/media?parent=4384"}],"wp:term":[{"taxonomy":"product_brand","embeddable":true,"href":"https:\/\/lyfilter.com\/es\/wp-json\/wp\/v2\/product_brand?post=4384"},{"taxonomy":"product_cat","embeddable":true,"href":"https:\/\/lyfilter.com\/es\/wp-json\/wp\/v2\/product_cat?post=4384"},{"taxonomy":"product_tag","embeddable":true,"href":"https:\/\/lyfilter.com\/es\/wp-json\/wp\/v2\/product_tag?post=4384"}],"curies":[{"name":"wp","href":"https:\/\/api.w.org\/{rel}","templated":true}]}}