{"id":4374,"date":"2026-04-04T08:52:56","date_gmt":"2026-04-04T08:52:56","guid":{"rendered":"https:\/\/lyfilter.com\/"},"modified":"2026-04-04T08:52:56","modified_gmt":"2026-04-04T08:52:56","slug":"lvyuan-filter-5-micron-water-filter-supplier","status":"publish","type":"product","link":"https:\/\/lyfilter.com\/es\/lvyuan-filter-5-micron-water-filter-supplier\/","title":{"rendered":"Lvyuan Filtro de agua de 5 micras Proveedor"},"content":{"rendered":"<p>Dise\u00f1ado para una filtraci\u00f3n fiable, este filtro de agua Lvyuan de 5 micras ayuda a reducir los sedimentos finos a la vez que favorece un flujo m\u00e1s limpio y constante. InversaFilterPurification trae un rendimiento pr\u00e1ctico, calidad confiable, y una sensaci\u00f3n profesional para el uso diario.<\/p>","protected":false},"excerpt":{"rendered":"<table>\n<thead>\n<tr>\n<th>Campo<\/th>\n<th>Valor<\/th>\n<\/tr>\n<\/thead>\n<tbody>\n<tr>\n<td>Lugar de origen<\/td>\n<td>China<\/td>\n<\/tr>\n<tr>\n<td>Marca<\/td>\n<td>Lvyuan\/OEM<\/td>\n<\/tr>\n<tr>\n<td>N\u00famero de modelo<\/td>\n<td>LY-PLF-01<\/td>\n<\/tr>\n<tr>\n<td>Potencia (W)<\/td>\n<td>0<\/td>\n<\/tr>\n<tr>\n<td>Tensi\u00f3n (V)<\/td>\n<td>0<\/td>\n<\/tr>\n<tr>\n<td>Servicio posventa<\/td>\n<td>ninguno<\/td>\n<\/tr>\n<tr>\n<td>Garant\u00eda<\/td>\n<td>ninguno<\/td>\n<\/tr>\n<tr>\n<td>Tipo<\/td>\n<td>\u00d3smosis inversa<\/td>\n<\/tr>\n<tr>\n<td>Certificaci\u00f3n<\/td>\n<td>GS<\/td>\n<\/tr>\n<tr>\n<td>Utilice<\/td>\n<td>Prefiltraci\u00f3n dom\u00e9stica<\/td>\n<\/tr>\n<tr>\n<td>Aplicaci\u00f3n<\/td>\n<td>Coche, RV, Exterior, Hotel, Garaje, Comercial, Hogar<\/td>\n<\/tr>\n<tr>\n<td>Fuente de energ\u00eda<\/td>\n<td>Manual<\/td>\n<\/tr>\n<tr>\n<td>Nombre<\/td>\n<td>elemento filtrante tipo cartucho<\/td>\n<\/tr>\n<tr>\n<td>Material de la membrana filtrante<\/td>\n<td>PP\/PVDF\/PTFE\/PES\/Nil\u00f3n<\/td>\n<\/tr>\n<tr>\n<td>Longitud<\/td>\n<td>5 \/ 10 \/ 20 \/ 30 \/ 40 \/ 50 \/ 60 pulgadas<\/td>\n<\/tr>\n<tr>\n<td>Conector<\/td>\n<td>Fin\/222\/226\/215\/DOE\/Thread<\/td>\n<\/tr>\n<tr>\n<td>Micron<\/td>\n<td>0.22\/0.5\/1\/3\/5\/10\/25\/50\/75\/100\/150<\/td>\n<\/tr>\n<tr>\n<td>M\u00e9todo de sellado<\/td>\n<td>Soldadura por fusi\u00f3n en caliente<\/td>\n<\/tr>\n<tr>\n<td>Di\u00e1metro<\/td>\n<td>70 mm\/OEM<\/td>\n<\/tr>\n<tr>\n<td>N\u00facleo interior<\/td>\n<td>PP\/SS\/OEM<\/td>\n<\/tr>\n<tr>\n<td>MOQ<\/td>\n<td>Actualmente no hay<\/td>\n<\/tr>\n<tr>\n<td>Capacidad de suministro<\/td>\n<td>5000 Piezas por semana<\/td>\n<\/tr>\n<\/tbody>\n<\/table>","protected":false},"featured_media":4380,"comment_status":"open","ping_status":"closed","template":"","meta":{"_gspb_post_css":""},"product_brand":[],"product_cat":[1202],"product_tag":[1601,334,1534,1600,1136,1602],"class_list":{"0":"post-4374","1":"product","2":"type-product","3":"status-publish","4":"has-post-thumbnail","6":"product_cat-filter-cartridge","7":"product_tag-5-micron-water-filter-supplier","8":"product_tag-industrial-water-filter","9":"product_tag-inversafilterpurification","10":"product_tag-lvyuan-5-micron-water-filter","11":"product_tag-water-filter-locks","12":"product_tag-water-sediment-filter","14":"first","15":"instock","16":"shipping-taxable","17":"product-type-simple"},"_links":{"self":[{"href":"https:\/\/lyfilter.com\/es\/wp-json\/wp\/v2\/product\/4374","targetHints":{"allow":["GET"]}}],"collection":[{"href":"https:\/\/lyfilter.com\/es\/wp-json\/wp\/v2\/product"}],"about":[{"href":"https:\/\/lyfilter.com\/es\/wp-json\/wp\/v2\/types\/product"}],"replies":[{"embeddable":true,"href":"https:\/\/lyfilter.com\/es\/wp-json\/wp\/v2\/comments?post=4374"}],"wp:featuredmedia":[{"embeddable":true,"href":"https:\/\/lyfilter.com\/es\/wp-json\/wp\/v2\/media\/4380"}],"wp:attachment":[{"href":"https:\/\/lyfilter.com\/es\/wp-json\/wp\/v2\/media?parent=4374"}],"wp:term":[{"taxonomy":"product_brand","embeddable":true,"href":"https:\/\/lyfilter.com\/es\/wp-json\/wp\/v2\/product_brand?post=4374"},{"taxonomy":"product_cat","embeddable":true,"href":"https:\/\/lyfilter.com\/es\/wp-json\/wp\/v2\/product_cat?post=4374"},{"taxonomy":"product_tag","embeddable":true,"href":"https:\/\/lyfilter.com\/es\/wp-json\/wp\/v2\/product_tag?post=4374"}],"curies":[{"name":"wp","href":"https:\/\/api.w.org\/{rel}","templated":true}]}}