{"id":4359,"date":"2026-04-04T08:32:27","date_gmt":"2026-04-04T08:32:27","guid":{"rendered":"https:\/\/lyfilter.com\/"},"modified":"2026-04-04T08:32:27","modified_gmt":"2026-04-04T08:32:27","slug":"lvyuan-stainless-steel-bag-filter-wholesale-for-sea-water","status":"publish","type":"product","link":"https:\/\/lyfilter.com\/es\/lvyuan-stainless-steel-bag-filter-wholesale-for-sea-water\/","title":{"rendered":"Lvyuan Filtro De Bolsa De Acero Inoxidable Al Por Mayor Para Agua De Mar"},"content":{"rendered":"<p><b>Ventajas de la empresa<\/b><br \/>\n<b>1.<\/b>\u00a0El filtro de bolsa de acero inoxidable Lvyuan se fabrica utilizando materiales de alta calidad con la ayuda de tecnolog\u00eda de vanguardia. Ofrece una excelente filtraci\u00f3n y buena estabilidad t\u00e9rmica<br \/>\n<b>2.<\/b>\u00a0Guangzhou Lvyuan Water Purification Equipment Co., Ltd. proporciona apoyo profesional de ventas para socios locales y cuentas clave. Atrapar\u00e1 las part\u00edculas m\u00e1s grandes en las capas externas y capturar\u00e1 las part\u00edculas m\u00e1s peque\u00f1as en la capa profunda.<br \/>\n<b>3.<\/b>\u00a0Este producto es resistente a la corrosi\u00f3n. Se ha sometido a pruebas en entornos con niebla salina para determinar su resistencia a los efectos de una atm\u00f3sfera salina. No segrega material disoluble durante el funcionamiento.<br \/>\n<b>4.<\/b>\u00a0El producto presenta una gran resistencia a la corrosi\u00f3n. Se han utilizado materiales no corrosivos en su estructura para mejorar su capacidad de soportar el \u00f3xido o la acidez del l\u00edquido. La matriz de fibra autoportante permite un dise\u00f1o sin n\u00facleo que es a la vez econ\u00f3mico y resistente<br \/>\n<b>5.<\/b>\u00a0El producto es f\u00e1cil de manejar. Cuenta con un sistema operativo relativamente sencillo que combina un potente flujo de procesamiento y proporciona unas sencillas instrucciones de funcionamiento. Todos sus elementos est\u00e1n fabricados con material conforme a la FDA para el contacto con alimentos y bebidas.<\/p>","protected":false},"excerpt":{"rendered":"<p>Dise\u00f1ado para la filtraci\u00f3n de agua de mar, este filtro de bolsa de acero inoxidable Lvyuan admite un flujo m\u00e1s limpio, una captura de part\u00edculas fiable y un uso duradero. InversaFilterPurification trae calidad pr\u00e1ctica con una sensaci\u00f3n suave y profesional.<\/p>","protected":false},"featured_media":4361,"comment_status":"open","ping_status":"closed","template":"","meta":{"_gspb_post_css":""},"product_brand":[],"product_cat":[1135],"product_tag":[1534,1582,1585,1583,1584,1136],"class_list":{"0":"post-4359","1":"product","2":"type-product","3":"status-publish","4":"has-post-thumbnail","6":"product_cat-stainless-steel-bag-filter-housing","7":"product_tag-inversafilterpurification","8":"product_tag-lvyuan-stainless-steel-bag-filter","9":"product_tag-marine-filtration-system","10":"product_tag-sea-water-bag-filter","11":"product_tag-stainless-steel-sea-water-filter","12":"product_tag-water-filter-locks","14":"first","15":"instock","16":"shipping-taxable","17":"product-type-simple"},"_links":{"self":[{"href":"https:\/\/lyfilter.com\/es\/wp-json\/wp\/v2\/product\/4359","targetHints":{"allow":["GET"]}}],"collection":[{"href":"https:\/\/lyfilter.com\/es\/wp-json\/wp\/v2\/product"}],"about":[{"href":"https:\/\/lyfilter.com\/es\/wp-json\/wp\/v2\/types\/product"}],"replies":[{"embeddable":true,"href":"https:\/\/lyfilter.com\/es\/wp-json\/wp\/v2\/comments?post=4359"}],"wp:featuredmedia":[{"embeddable":true,"href":"https:\/\/lyfilter.com\/es\/wp-json\/wp\/v2\/media\/4361"}],"wp:attachment":[{"href":"https:\/\/lyfilter.com\/es\/wp-json\/wp\/v2\/media?parent=4359"}],"wp:term":[{"taxonomy":"product_brand","embeddable":true,"href":"https:\/\/lyfilter.com\/es\/wp-json\/wp\/v2\/product_brand?post=4359"},{"taxonomy":"product_cat","embeddable":true,"href":"https:\/\/lyfilter.com\/es\/wp-json\/wp\/v2\/product_cat?post=4359"},{"taxonomy":"product_tag","embeddable":true,"href":"https:\/\/lyfilter.com\/es\/wp-json\/wp\/v2\/product_tag?post=4359"}],"curies":[{"name":"wp","href":"https:\/\/api.w.org\/{rel}","templated":true}]}}