{"id":4339,"date":"2026-04-04T08:10:36","date_gmt":"2026-04-04T08:10:36","guid":{"rendered":"https:\/\/lyfilter.com\/"},"modified":"2026-04-04T08:10:36","modified_gmt":"2026-04-04T08:10:36","slug":"guangzhou-manufacturer-9-75-10-18-5-water-carbon-filter-cartridge-for-water-filter-housings","status":"publish","type":"product","link":"https:\/\/lyfilter.com\/es\/guangzhou-manufacturer-9-75-10-18-5-water-carbon-filter-cartridge-for-water-filter-housings\/","title":{"rendered":"Fabricante de Guangzhou 9.75\u2033 10\u2033 18.5\u2033 cartucho de filtro de carb\u00f3n de agua para carcasas de filtro de agua"},"content":{"rendered":"<p>Dise\u00f1ado para una filtraci\u00f3n diaria m\u00e1s limpia, este cartucho de filtro de carbono para agua del fabricante Guangzhou se adapta a las carcasas de filtros de agua de 9,75 pulgadas, 10 pulgadas y 18,5 pulgadas con un rendimiento fiable. InversaFilterPurification trae calidad pr\u00e1ctica, flujo suave, y el uso diario de confianza.<\/p>","protected":false},"excerpt":{"rendered":"<table>\n<thead>\n<tr>\n<th>Campo<\/th>\n<th>Valor<\/th>\n<\/tr>\n<\/thead>\n<tbody>\n<tr>\n<td>Lugar de origen<\/td>\n<td>Guangdong, China<\/td>\n<\/tr>\n<tr>\n<td>Marca<\/td>\n<td>OEM\/LVYUAN<\/td>\n<\/tr>\n<tr>\n<td>Material<\/td>\n<td>CARB\u00d3N, Carb\u00f3n de coco activado sinterizado<\/td>\n<\/tr>\n<tr>\n<td>Peso<\/td>\n<td>200<\/td>\n<\/tr>\n<tr>\n<td>Talla<\/td>\n<td>68x28x250mm<\/td>\n<\/tr>\n<tr>\n<td>Potencia<\/td>\n<td>0<\/td>\n<\/tr>\n<tr>\n<td>Garant\u00eda<\/td>\n<td>No disponible<\/td>\n<\/tr>\n<tr>\n<td>Nombre del producto<\/td>\n<td>Guangzhou fabricante 9.75\u2033 10\u2033 18.5\u2033 cartucho de filtro de carb\u00f3n de agua<\/td>\n<\/tr>\n<tr>\n<td>Servicio posventa<\/td>\n<td>Asistencia en l\u00ednea, Asistencia en l\u00ednea<\/td>\n<\/tr>\n<tr>\n<td>Certificaci\u00f3n<\/td>\n<td>SGS\/ISO<\/td>\n<\/tr>\n<tr>\n<td>Longitud<\/td>\n<td>10-1050 mm<\/td>\n<\/tr>\n<tr>\n<td>OD<\/td>\n<td>14-121 mm<\/td>\n<\/tr>\n<tr>\n<td>ID<\/td>\n<td>6-50 mm<\/td>\n<\/tr>\n<tr>\n<td>Tasa de micra<\/td>\n<td>0,5-20um<\/td>\n<\/tr>\n<tr>\n<td>Valor de yodo<\/td>\n<td>hasta 1000<\/td>\n<\/tr>\n<tr>\n<td>Caudal<\/td>\n<td>\u2264300L\/h<\/td>\n<\/tr>\n<tr>\n<td>Capacidad de suministro<\/td>\n<td>500 piezas por d\u00eda<\/td>\n<\/tr>\n<\/tbody>\n<\/table>","protected":false},"featured_media":4340,"comment_status":"open","ping_status":"closed","template":"","meta":{"_gspb_post_css":""},"product_brand":[],"product_cat":[22],"product_tag":[1572,1573,1571,1569,1534,1570],"class_list":{"0":"post-4339","1":"product","2":"type-product","3":"status-publish","4":"has-post-thumbnail","6":"product_cat-sintered-filter-cartridge","7":"product_tag-10-inch-carbon-filter-cartridge","8":"product_tag-18-5-inch-water-filter-cartridge","9":"product_tag-9-75-inch-carbon-filter","10":"product_tag-guangzhou-water-carbon-filter-cartridge","11":"product_tag-inversafilterpurification","12":"product_tag-water-filter-housings","14":"first","15":"instock","16":"shipping-taxable","17":"product-type-simple"},"_links":{"self":[{"href":"https:\/\/lyfilter.com\/es\/wp-json\/wp\/v2\/product\/4339","targetHints":{"allow":["GET"]}}],"collection":[{"href":"https:\/\/lyfilter.com\/es\/wp-json\/wp\/v2\/product"}],"about":[{"href":"https:\/\/lyfilter.com\/es\/wp-json\/wp\/v2\/types\/product"}],"replies":[{"embeddable":true,"href":"https:\/\/lyfilter.com\/es\/wp-json\/wp\/v2\/comments?post=4339"}],"wp:featuredmedia":[{"embeddable":true,"href":"https:\/\/lyfilter.com\/es\/wp-json\/wp\/v2\/media\/4340"}],"wp:attachment":[{"href":"https:\/\/lyfilter.com\/es\/wp-json\/wp\/v2\/media?parent=4339"}],"wp:term":[{"taxonomy":"product_brand","embeddable":true,"href":"https:\/\/lyfilter.com\/es\/wp-json\/wp\/v2\/product_brand?post=4339"},{"taxonomy":"product_cat","embeddable":true,"href":"https:\/\/lyfilter.com\/es\/wp-json\/wp\/v2\/product_cat?post=4339"},{"taxonomy":"product_tag","embeddable":true,"href":"https:\/\/lyfilter.com\/es\/wp-json\/wp\/v2\/product_tag?post=4339"}],"curies":[{"name":"wp","href":"https:\/\/api.w.org\/{rel}","templated":true}]}}