{"id":4321,"date":"2026-04-04T07:57:18","date_gmt":"2026-04-04T07:57:18","guid":{"rendered":"https:\/\/lyfilter.com\/"},"modified":"2026-04-04T07:57:18","modified_gmt":"2026-04-04T07:57:18","slug":"high-flow-stainless-steel-material-ss304-316l-single-cartridge-5-inch-water-treatment-housing-filter-with-double-open-filter","status":"publish","type":"product","link":"https:\/\/lyfilter.com\/es\/high-flow-stainless-steel-material-ss304-316l-single-cartridge-5-inch-water-treatment-housing-filter-with-double-open-filter\/","title":{"rendered":"Alto flujo de material de acero inoxidable SS304 316L de un solo cartucho de 5 pulgadas de filtro de la carcasa de tratamiento de agua con doble filtro abierto"},"content":{"rendered":"<h3 class=\"do-entry-title\">Embalaje y entrega<\/h3>\n<div class=\"do-entry-list\">\n<dl class=\"do-entry-item\">\n<dt class=\"do-entry-item-key\">Unidades de venta:<\/dt>\n<dd class=\"do-entry-item-val\">Art\u00edculo \u00fanico<\/dd>\n<\/dl>\n<dl class=\"do-entry-item\">\n<dt class=\"do-entry-item-key\" title=\"Tama\u00f1o de envase individual:\">Tama\u00f1o de envase individual:<\/dt>\n<dd class=\"do-entry-item-val\">35X18X25 cm<\/dd>\n<\/dl>\n<dl class=\"do-entry-item\">\n<dt class=\"do-entry-item-key\" title=\"Peso bruto \u00fanico:\">Peso bruto \u00fanico:<\/dt>\n<dd class=\"do-entry-item-val\">3.000 kg<\/dd>\n<\/dl>\n<dl class=\"do-entry-item\">\n<dt class=\"do-entry-item-key\">Tipo de envase:<\/dt>\n<dd class=\"do-entry-item-val pkg-method\">Alto flujo de material de acero inoxidable SS304 316L cartucho \u00fanico de 5 pulgadas de tratamiento de agua filtro de vivienda con doble filtro abierto: Embalaje: Caja est\u00e1ndar de exportaci\u00f3n\/Como se requiera<\/dd>\n<\/dl>\n<dl class=\"do-entry-item\">\n<dt class=\"do-entry-item-key\" title=\"Plazos de entrega\">Plazos de entrega\u00a0<i class=\"next-icon next-icon-help next-icon-xs js-leadtimes-tips\"><\/i>:<\/dt>\n<dd class=\"do-entry-item-val\" title=\"Plazos de entrega\">\n<div class=\"table-responsive\">\n<table class=\"supply-ability-table ui2-table ui2-table-normal ui2-table-zebra ui2-table-hover\">\n<tbody>\n<tr>\n<td>Cantidad(Piezas)<\/td>\n<td>1 - 10<\/td>\n<td>11 - 100<\/td>\n<td>&gt;100<\/td>\n<\/tr>\n<tr>\n<td>Est. Tiempo (d\u00edas)<\/td>\n<td>5<\/td>\n<td>10<\/td>\n<td>A negociar<\/td>\n<\/tr>\n<\/tbody>\n<\/table>\n<\/div>\n<\/dd>\n<\/dl>\n<\/div>","protected":false},"excerpt":{"rendered":"<table>\n<thead>\n<tr>\n<th>Campo<\/th>\n<th>Valor<\/th>\n<\/tr>\n<\/thead>\n<tbody>\n<tr>\n<td>Industrias aplicables<\/td>\n<td>F\u00e1brica de alimentos y bebidas, granjas, restaurantes, uso dom\u00e9stico, tiendas de alimentos y bebidas<\/td>\n<\/tr>\n<tr>\n<td>Lugar de origen<\/td>\n<td>Guangdong, China<\/td>\n<\/tr>\n<tr>\n<td>Marca<\/td>\n<td>LVYUAN\/OEM<\/td>\n<\/tr>\n<tr>\n<td>Garant\u00eda<\/td>\n<td>1 a\u00f1o<\/td>\n<\/tr>\n<tr>\n<td>Servicio posventa<\/td>\n<td>Asistencia en l\u00ednea<\/td>\n<\/tr>\n<tr>\n<td>Nombre del art\u00edculo<\/td>\n<td>SS304 316L cartucho \u00fanico 5 pulgadas de tratamiento de agua filtro de la vivienda<\/td>\n<\/tr>\n<tr>\n<td>Material de la carcasa<\/td>\n<td>SS304\/SS316L<\/td>\n<\/tr>\n<tr>\n<td>Longitud del cartucho filtrante<\/td>\n<td>10\u2033 20\u2033 30\u2033 40\u2033<\/td>\n<\/tr>\n<tr>\n<td>Cantidad de filtros de cartucho<\/td>\n<td>Un solo n\u00facleo<\/td>\n<\/tr>\n<tr>\n<td>Tratamiento de superficies<\/td>\n<td>Pulido y chorro de arena<\/td>\n<\/tr>\n<tr>\n<td>Junta t\u00f3rica<\/td>\n<td>Silastic\/NBR\/EPDM\/Viton<\/td>\n<\/tr>\n<tr>\n<td>Tipo de tapa superior instalada<\/td>\n<td>Tipo de abrazadera<\/td>\n<\/tr>\n<tr>\n<td>Tipo de conector<\/td>\n<td>222\/226\/DOE<\/td>\n<\/tr>\n<tr>\n<td>Tipo de entrada y salida<\/td>\n<td>Rosca interior<\/td>\n<\/tr>\n<tr>\n<td>M\u00e9todo de envasado<\/td>\n<td>Caja est\u00e1ndar para exportaci\u00f3n<\/td>\n<\/tr>\n<\/tbody>\n<\/table>","protected":false},"featured_media":4330,"comment_status":"open","ping_status":"closed","template":"","meta":{"_gspb_post_css":""},"product_brand":[],"product_cat":[15],"product_tag":[1564,1565,1534,1563,1562,292],"class_list":{"0":"post-4321","1":"product","2":"type-product","3":"status-publish","4":"has-post-thumbnail","6":"product_cat-stainless-steel-filter-housing","7":"product_tag-5-inch-housing-filter","8":"product_tag-double-open-filter-housing","9":"product_tag-inversafilterpurification","10":"product_tag-single-cartridge-water-filter","11":"product_tag-ss304-316l-filter-housing","12":"product_tag-stainless-steel-housing-filter","14":"first","15":"instock","16":"shipping-taxable","17":"product-type-simple"},"_links":{"self":[{"href":"https:\/\/lyfilter.com\/es\/wp-json\/wp\/v2\/product\/4321","targetHints":{"allow":["GET"]}}],"collection":[{"href":"https:\/\/lyfilter.com\/es\/wp-json\/wp\/v2\/product"}],"about":[{"href":"https:\/\/lyfilter.com\/es\/wp-json\/wp\/v2\/types\/product"}],"replies":[{"embeddable":true,"href":"https:\/\/lyfilter.com\/es\/wp-json\/wp\/v2\/comments?post=4321"}],"wp:featuredmedia":[{"embeddable":true,"href":"https:\/\/lyfilter.com\/es\/wp-json\/wp\/v2\/media\/4330"}],"wp:attachment":[{"href":"https:\/\/lyfilter.com\/es\/wp-json\/wp\/v2\/media?parent=4321"}],"wp:term":[{"taxonomy":"product_brand","embeddable":true,"href":"https:\/\/lyfilter.com\/es\/wp-json\/wp\/v2\/product_brand?post=4321"},{"taxonomy":"product_cat","embeddable":true,"href":"https:\/\/lyfilter.com\/es\/wp-json\/wp\/v2\/product_cat?post=4321"},{"taxonomy":"product_tag","embeddable":true,"href":"https:\/\/lyfilter.com\/es\/wp-json\/wp\/v2\/product_tag?post=4321"}],"curies":[{"name":"wp","href":"https:\/\/api.w.org\/{rel}","templated":true}]}}