{"id":4314,"date":"2026-04-04T07:50:08","date_gmt":"2026-04-04T07:50:08","guid":{"rendered":"https:\/\/lyfilter.com\/"},"modified":"2026-04-04T07:50:08","modified_gmt":"2026-04-04T07:50:08","slug":"pure-quality-reverse-osmosis-filtration-large-scale-water-purification-system-for-school-hospital-factory","status":"publish","type":"product","link":"https:\/\/lyfilter.com\/es\/pure-quality-reverse-osmosis-filtration-large-scale-water-purification-system-for-school-hospital-factory\/","title":{"rendered":"Pura calidad de \u00f3smosis inversa de filtraci\u00f3n a gran escala del sistema de purificaci\u00f3n de agua para la escuela del hospital de la f\u00e1brica"},"content":{"rendered":"<p>Construido para entornos de alta demanda, este sistema de filtraci\u00f3n por \u00f3smosis inversa proporciona agua limpia y consistente para escuelas, hospitales y f\u00e1bricas. InversaFilterPurification combina un rendimiento pr\u00e1ctico, una salida fiable y un dise\u00f1o hecho para el uso diario a gran escala.<\/p>","protected":false},"excerpt":{"rendered":"<table>\n<thead>\n<tr>\n<th>Campo<\/th>\n<th>Valor<\/th>\n<\/tr>\n<\/thead>\n<tbody>\n<tr>\n<td>Lugar de origen<\/td>\n<td>Guangdong, China<\/td>\n<\/tr>\n<tr>\n<td>Marca<\/td>\n<td>LvYuan \/ OEM<\/td>\n<\/tr>\n<tr>\n<td>Material<\/td>\n<td>cart\u00f3n \/ caja de madera<\/td>\n<\/tr>\n<tr>\n<td>Peso<\/td>\n<td>depende<\/td>\n<\/tr>\n<tr>\n<td>Talla<\/td>\n<td>depende<\/td>\n<\/tr>\n<tr>\n<td>Potencia<\/td>\n<td>96<\/td>\n<\/tr>\n<tr>\n<td>Garant\u00eda<\/td>\n<td>1 a\u00f1o<\/td>\n<\/tr>\n<tr>\n<td>Servicio posventa<\/td>\n<td>Asistencia en l\u00ednea<\/td>\n<\/tr>\n<tr>\n<td>Nombre del producto<\/td>\n<td>sistema de filtraci\u00f3n de agua<\/td>\n<\/tr>\n<tr>\n<td>Filtros<\/td>\n<td>PP+GAC+CTO+RO+T33<\/td>\n<\/tr>\n<tr>\n<td>Esterilizador UV<\/td>\n<td>Opci\u00f3n<\/td>\n<\/tr>\n<tr>\n<td>Capacidad de agua pura<\/td>\n<td>200, 300, 400, 600, 800GPD<\/td>\n<\/tr>\n<tr>\n<td>Usuario simult\u00e1neo<\/td>\n<td>De 50 a 300 personas<\/td>\n<\/tr>\n<tr>\n<td>Dep\u00f3sito de agua<\/td>\n<td>Dep\u00f3sito a presi\u00f3n de acero 11G\/42L<\/td>\n<\/tr>\n<tr>\n<td>Tecnolog\u00eda<\/td>\n<td>Depuraci\u00f3n de agua por \u00f3smosis inversa<\/td>\n<\/tr>\n<tr>\n<td>Accesorios el\u00e9ctricos<\/td>\n<td>Caudal\u00edmetro, pantalla digital y man\u00f3metro<\/td>\n<\/tr>\n<tr>\n<td>Descarga<\/td>\n<td>Lavado autom\u00e1tico controlado por microelectr\u00f3nica<\/td>\n<\/tr>\n<tr>\n<td>Bomba de refuerzo<\/td>\n<td>E-CHEN\/Grand Forest\/Dengyuan<\/td>\n<\/tr>\n<tr>\n<td>Capacidad de suministro<\/td>\n<td>3000 Piezas\/Piezas por Mes sistema de purificaci\u00f3n de agua a gran escala<\/td>\n<\/tr>\n<\/tbody>\n<\/table>","protected":false},"featured_media":4318,"comment_status":"open","ping_status":"closed","template":"","meta":{"_gspb_post_css":""},"product_brand":[],"product_cat":[1558],"product_tag":[1561,1534,1559,1288,1560,1136],"class_list":{"0":"post-4314","1":"product","2":"type-product","3":"status-publish","4":"has-post-thumbnail","6":"product_cat-commercial-ro-water-purifier","7":"product_tag-industrial-ro-system","8":"product_tag-inversafilterpurification","9":"product_tag-large-scale-water-purification-system","10":"product_tag-reverse-osmosis-filtration","11":"product_tag-school-hospital-factory-water-system","12":"product_tag-water-filter-locks","14":"first","15":"instock","16":"shipping-taxable","17":"product-type-simple"},"_links":{"self":[{"href":"https:\/\/lyfilter.com\/es\/wp-json\/wp\/v2\/product\/4314","targetHints":{"allow":["GET"]}}],"collection":[{"href":"https:\/\/lyfilter.com\/es\/wp-json\/wp\/v2\/product"}],"about":[{"href":"https:\/\/lyfilter.com\/es\/wp-json\/wp\/v2\/types\/product"}],"replies":[{"embeddable":true,"href":"https:\/\/lyfilter.com\/es\/wp-json\/wp\/v2\/comments?post=4314"}],"wp:featuredmedia":[{"embeddable":true,"href":"https:\/\/lyfilter.com\/es\/wp-json\/wp\/v2\/media\/4318"}],"wp:attachment":[{"href":"https:\/\/lyfilter.com\/es\/wp-json\/wp\/v2\/media?parent=4314"}],"wp:term":[{"taxonomy":"product_brand","embeddable":true,"href":"https:\/\/lyfilter.com\/es\/wp-json\/wp\/v2\/product_brand?post=4314"},{"taxonomy":"product_cat","embeddable":true,"href":"https:\/\/lyfilter.com\/es\/wp-json\/wp\/v2\/product_cat?post=4314"},{"taxonomy":"product_tag","embeddable":true,"href":"https:\/\/lyfilter.com\/es\/wp-json\/wp\/v2\/product_tag?post=4314"}],"curies":[{"name":"wp","href":"https:\/\/api.w.org\/{rel}","templated":true}]}}