{"id":4312,"date":"2026-04-04T07:45:28","date_gmt":"2026-04-04T07:45:28","guid":{"rendered":"https:\/\/lyfilter.com\/"},"modified":"2026-04-04T07:45:29","modified_gmt":"2026-04-04T07:45:29","slug":"high-technology-customized-5-micron-titanium-filter-cartridges-series-for-water-ozone-treatment","status":"publish","type":"product","link":"https:\/\/lyfilter.com\/es\/high-technology-customized-5-micron-titanium-filter-cartridges-series-for-water-ozone-treatment\/","title":{"rendered":"Alta tecnolog\u00eda personalizada de 5 micras de titanio cartuchos de filtro de la serie para el tratamiento de agua de ozono"},"content":{"rendered":"<p>Dise\u00f1ada para el tratamiento avanzado del agua con ozono, esta serie de cartuchos filtrantes de titanio de 5 micras personalizados permite un flujo limpio, una gran resistencia a la corrosi\u00f3n y un control fiable de las part\u00edculas. InversaFilterPurification aporta calidad pr\u00e1ctica con confianza de filtraci\u00f3n duradera.<\/p>","protected":false},"excerpt":{"rendered":"<table>\n<thead>\n<tr>\n<th>Campo<\/th>\n<th>Valor<\/th>\n<\/tr>\n<\/thead>\n<tbody>\n<tr>\n<td>Lugar de origen<\/td>\n<td>Guangdong, China<\/td>\n<\/tr>\n<tr>\n<td>Marca<\/td>\n<td>Lvyuan\/OEM<\/td>\n<\/tr>\n<tr>\n<td>Material<\/td>\n<td>Titanio, titanio puro<\/td>\n<\/tr>\n<tr>\n<td>Peso<\/td>\n<td>Personalizado<\/td>\n<\/tr>\n<tr>\n<td>Talla<\/td>\n<td>Personalizado<\/td>\n<\/tr>\n<tr>\n<td>Potencia<\/td>\n<td>0<\/td>\n<\/tr>\n<tr>\n<td>Garant\u00eda<\/td>\n<td>No disponible<\/td>\n<\/tr>\n<tr>\n<td>Nombre del art\u00edculo<\/td>\n<td>Serie de cartuchos filtrantes de titanio de alta tecnolog\u00eda personalizados<\/td>\n<\/tr>\n<tr>\n<td>Interfaz<\/td>\n<td>222,226,227,Flat,M20,M30,M42<\/td>\n<\/tr>\n<tr>\n<td>Di\u00e1metro exterior<\/td>\n<td>60 mm<\/td>\n<\/tr>\n<tr>\n<td>Longitud<\/td>\n<td>5 ~ 40 pulgadas<\/td>\n<\/tr>\n<tr>\n<td>Micron<\/td>\n<td>0,1 ~ 100 micras<\/td>\n<\/tr>\n<tr>\n<td>Porosidad<\/td>\n<td>28~50%<\/td>\n<\/tr>\n<tr>\n<td>Tolerancia t\u00e9rmica<\/td>\n<td>\u2264300\u2103(H\u00famedo)<\/td>\n<\/tr>\n<tr>\n<td>Utilizaci\u00f3n<\/td>\n<td>filtrar agua mineral, vino, ozono, ect<\/td>\n<\/tr>\n<tr>\n<td>Forma de lavado<\/td>\n<td>Limpieza de pozos y retrolavado<\/td>\n<\/tr>\n<tr>\n<td>Servicio posventa<\/td>\n<td>Asistencia en l\u00ednea<\/td>\n<\/tr>\n<tr>\n<td>Capacidad de suministro<\/td>\n<td>500 piezas por d\u00eda<\/td>\n<\/tr>\n<\/tbody>\n<\/table>","protected":false},"featured_media":4313,"comment_status":"open","ping_status":"closed","template":"","meta":{"_gspb_post_css":""},"product_brand":[],"product_cat":[1141],"product_tag":[1554,1556,1534,1557,1136,1555],"class_list":{"0":"post-4312","1":"product","2":"type-product","3":"status-publish","4":"has-post-thumbnail","6":"product_cat-titanium-filter-cartridge","7":"product_tag-5-micron-titanium-filter-cartridges","8":"product_tag-customized-titanium-filter-cartridge","9":"product_tag-inversafilterpurification","10":"product_tag-sintered-titanium-water-filter","11":"product_tag-water-filter-locks","12":"product_tag-water-ozone-treatment-filter","14":"first","15":"instock","16":"shipping-taxable","17":"product-type-simple"},"_links":{"self":[{"href":"https:\/\/lyfilter.com\/es\/wp-json\/wp\/v2\/product\/4312","targetHints":{"allow":["GET"]}}],"collection":[{"href":"https:\/\/lyfilter.com\/es\/wp-json\/wp\/v2\/product"}],"about":[{"href":"https:\/\/lyfilter.com\/es\/wp-json\/wp\/v2\/types\/product"}],"replies":[{"embeddable":true,"href":"https:\/\/lyfilter.com\/es\/wp-json\/wp\/v2\/comments?post=4312"}],"wp:featuredmedia":[{"embeddable":true,"href":"https:\/\/lyfilter.com\/es\/wp-json\/wp\/v2\/media\/4313"}],"wp:attachment":[{"href":"https:\/\/lyfilter.com\/es\/wp-json\/wp\/v2\/media?parent=4312"}],"wp:term":[{"taxonomy":"product_brand","embeddable":true,"href":"https:\/\/lyfilter.com\/es\/wp-json\/wp\/v2\/product_brand?post=4312"},{"taxonomy":"product_cat","embeddable":true,"href":"https:\/\/lyfilter.com\/es\/wp-json\/wp\/v2\/product_cat?post=4312"},{"taxonomy":"product_tag","embeddable":true,"href":"https:\/\/lyfilter.com\/es\/wp-json\/wp\/v2\/product_tag?post=4312"}],"curies":[{"name":"wp","href":"https:\/\/api.w.org\/{rel}","templated":true}]}}